{"id":754,"date":"2025-05-29T22:53:05","date_gmt":"2025-05-29T20:53:05","guid":{"rendered":"http:\/\/34.148.194.40\/?page_id=754"},"modified":"2025-09-12T20:31:38","modified_gmt":"2025-09-12T18:31:38","slug":"compra-segura","status":"publish","type":"page","link":"https:\/\/servicios.unicomer.com\/radioshackla\/compra-segura\/","title":{"rendered":"Compra segura"},"content":{"rendered":"\t\t<div data-elementor-type=\"wp-page\" data-elementor-id=\"754\" class=\"elementor elementor-754\" data-elementor-post-type=\"page\">\n\t\t\t\t<div class=\"elementor-element elementor-element-4ef19a1 e-flex e-con-boxed rael-particle-no e-con e-parent\" data-id=\"4ef19a1\" data-element_type=\"container\" data-e-type=\"container\" data-settings=\"{&quot;rae_animations_entrance&quot;:&quot;none&quot;}\">\n\t\t\t\t\t<div class=\"e-con-inner\">\n\t\t<div class=\"elementor-element elementor-element-46fae30 e-con-full e-flex rael-particle-no e-con e-child\" data-id=\"46fae30\" data-element_type=\"container\" data-e-type=\"container\" data-settings=\"{&quot;rae_animations_entrance&quot;:&quot;none&quot;}\">\n\t\t\t\t<div class=\"elementor-element elementor-element-e4edbfd elementor-widget elementor-widget-image\" data-id=\"e4edbfd\" data-element_type=\"widget\" data-e-type=\"widget\" data-widget_type=\"image.default\">\n\t\t\t\t\t\t\t\t\t\t\t\t\t\t\t<img fetchpriority=\"high\" decoding=\"async\" width=\"640\" height=\"116\" src=\"https:\/\/servicios.unicomer.com\/radioshackla\/wp-content\/uploads\/sites\/3\/2025\/09\/BANNER-COMPRA-SEGURA_01.webp\" class=\"attachment-large size-large wp-image-2052\" alt=\"\" srcset=\"https:\/\/servicios.unicomer.com\/radioshackla\/wp-content\/uploads\/sites\/3\/2025\/09\/BANNER-COMPRA-SEGURA_01.webp 1016w, https:\/\/servicios.unicomer.com\/radioshackla\/wp-content\/uploads\/sites\/3\/2025\/09\/BANNER-COMPRA-SEGURA_01-300x54.webp 300w, https:\/\/servicios.unicomer.com\/radioshackla\/wp-content\/uploads\/sites\/3\/2025\/09\/BANNER-COMPRA-SEGURA_01-768x139.webp 768w\" sizes=\"(max-width: 640px) 100vw, 640px\" \/>\t\t\t\t\t\t\t\t\t\t\t\t\t\t\t<\/div>\n\t\t\t\t<div class=\"elementor-element elementor-element-5f74856 elementor-widget elementor-widget-rael-advanced-tabs\" data-id=\"5f74856\" data-element_type=\"widget\" data-e-type=\"widget\" data-widget_type=\"rael-advanced-tabs.default\">\n\t\t\t\t<div class=\"elementor-widget-container\">\n\t\t\t\t\t\t\t<div id=\"rael-advanced-tabs-5f74856\" class=\"rael-advanced-tabs rael-tabs-vertical active-caret-on\" data-tabid=\"5f74856\">\n\t\t\t<div class=\"rael-tabs-nav\">\n\t\t\t\t<ul class=\"\">\n\t\t\t\t\t\t\t\t\t\t\t<li class=\"inactive\">\n\t\t\t\t\t\t\t <span class=\"rael-tab-title\">Compra Segura<\/span>\n\n\t\t\t\t\t\t<\/li>\n\t\t\t\t\t\t\t\t\t\t\t<li class=\"inactive\">\n\t\t\t\t\t\t\t <span class=\"rael-tab-title\">Compra  C\u00f3moda<\/span>\n\n\t\t\t\t\t\t<\/li>\n\t\t\t\t\t\t\t\t\t\t\t<li class=\"inactive\">\n\t\t\t\t\t\t\t <span class=\"rael-tab-title\">Compra R\u00e1pida<\/span>\n\n\t\t\t\t\t\t<\/li>\n\t\t\t\t\t\t\t\t\t<\/ul>\n\t\t\t<\/div>\n\t\t\t<div class=\"rael-tabs-content\">\n\t\t\t\t\n\t\t\t\t\t<div class=\"clearfix inactive\">\n\t\t\t\t\t\t\t\t\t\t\t\t\t<h2>Nuestro Sitio Web cumple con todas las normas de seguridad que necesitas.<\/h2><h3>Tus datos se mantendr\u00e1n bajo estricta confidencialidad<\/h3><p>Radioshackla.com usa un sistema de seguridad llamado SSL (Secure Socket Layer), que actualmente es el est\u00e1ndar usado por las compa\u00f1\u00edas m\u00e1s importantes del mundo para realizar transacciones electr\u00f3nicas seguras, lo que significa que toda tu informaci\u00f3n personal no podr\u00e1 ser le\u00edda ni capturada por terceros mientras viaja por la red.<\/p><h3>Pol\u00edtica de Privacidad<\/h3><p>Esta pol\u00edtica corresponde a las Pol\u00edticas de Privacidad de Radioshack expuestas en\u00a0<a href=\"https:\/\/www.radioshackla.com\/elsalvador\/politicas\">Pol\u00edticas y condiciones<\/a>.<\/p><h3>Compromiso con la Seguridad<\/h3><p>En relaci\u00f3n a nuestro sitio web www.radioshackla.com\/elsalvador hace esta declaraci\u00f3n de seguridad y privacidad en orden a demostrar y comunicar su compromiso con una pr\u00e1ctica de negocios de alto nivel \u00e9tico y dotada de los controles internos apropiados.<\/p><h3>Informaci\u00f3n requerida del usuario<\/h3><p>El formulario \"Reg\u00edstrate\" de nuestro sitio web, pide a los usuarios informaci\u00f3n como su nombre, direcci\u00f3n electr\u00f3nica, direcci\u00f3n f\u00edsica y n\u00famero telef\u00f3nico. Esta informaci\u00f3n es usada para responder las consultas acerca de nuestros productos y servicios, para despachar pedidos o para pagar cuentas. Tambi\u00e9n se utiliza para mantener contacto con nuestros clientes. Bajo ninguna circunstancia, esta informaci\u00f3n es compartida con empresas no relacionadas con el Grupo Unicomer o con terceros.<\/p><h3>Links con otros sitios<\/h3><p>Este sitio contiene \"links\" a otros sitios. www.radioshackla.com\/elsalvador no es responsable de las pr\u00e1cticas de seguridad o privacidad, o el contenido de esos sitios. Asimismo, no avala ning\u00fan producto o servicio ofrecido en dichos sitios.<\/p><h3>Datos Personales<\/h3><p>El usuario dispondr\u00e1 en todo momento de los derechos de informaci\u00f3n, rectificaci\u00f3n y cancelaci\u00f3n de los datos personales sobre protecci\u00f3n de datos de car\u00e1cter personal. Asimismo, si deseas modificar tu informaci\u00f3n personal, puedes enviar tus datos actualizados al correo electr\u00f3nico:\u00a0<a href=\"mailto:soporte_sv@radioshackla.com\">soporte_sv@radioshackla.com<\/a><\/p>\t\t\t\t\t\t\t\t\t\t\t\t<\/div>\n\t\t\t\t\n\t\t\t\t\t<div class=\"clearfix inactive\">\n\t\t\t\t\t\t\t\t\t\t\t\t\t<h2>24\/7: Radioshackla.com\/elsalvador est\u00e1 disponible para ti todos los d\u00edas del a\u00f1o a cualquier hora.<\/h2><h3>Experiencia de compra<\/h3><p>La p\u00e1gina es muy f\u00e1cil de usar, podr\u00e1s encontrar una gran variedad de productos para tus soluciones en tecnolog\u00eda, as\u00ed como muchas promociones exclusivas del sitio web.<\/p><h3>Desde la comodidad de tu casa<\/h3><p>Con la nueva p\u00e1gina de www.radioshackla.com\/elsalvador puedes comprar desde cualquier lugar (casa, oficina o cualquier parte del mundo) en nuestra tienda virtual, sin perderte de nuestras promociones y art\u00edculos innovadores.<\/p><h3>Formas de Pago<\/h3><p>Puedes realizar tu pago a trav\u00e9s de los diferentes medios electr\u00f3nicos, como: Tarjetas de cr\u00e9dito o d\u00e9bito, VISA, MASTERCARD o American Express. Adem\u00e1s, aceptamos pagos a trav\u00e9s de Paypal. Con nuestro sistema de seguridad tienes la confianza de que tu compra ser\u00e1 efectuada sin ning\u00fan riesgo.<\/p><p>Existe una tarifa de $1.00, o su equivalente en moneda local, por verificaci\u00f3n y confirmaci\u00f3n de detalles de tarjetas de d\u00e9bito o cr\u00e9dito. Dicho desembolso ser\u00e1 reintegrado al cliente una vez se haya comprobado la veracidad de la informaci\u00f3n pertinente. Esta tarifa no aplica si utilizas el m\u00e9todo de pago Paypal.<\/p>\t\t\t\t\t\t\t\t\t\t\t\t<\/div>\n\t\t\t\t\n\t\t\t\t\t<div class=\"clearfix inactive\">\n\t\t\t\t\t\t\t\t\t\t\t\t\t<h2>Conoce todas las ventajas de comprar en Radioshackla.com\/elsalvador<\/h2><h3>Ahorra tiempo<\/h3><p>Realiza tu compra desde la comodidad de tu casa, recibe tu pedido en tu domicilio o para recoger en tu tienda m\u00e1s cercana.<\/p><h3>R\u00e1pido<\/h3><p>www.radioshackla.com\/elsalvador se acomoda a las necesidades de sus clientes y ante este mundo tecnol\u00f3gico tan cambiante es necesario ofrecer soluciones innovadoras que permitan a nuestros usuarios acceder a nuestro cat\u00e1logo de producto de una manera eficiente ahorrando tiempo de traslados y de compra.<\/p><h3>Ofertas Exclusivas<\/h3><p>Como cliente de www.radioshackla.com\/elsalvador obtienes muchos beneficios, recibes promociones exclusivas a trav\u00e9s de tu correo electr\u00f3nico as\u00ed como noticias exclusivas de nuevos productos y lanzamientos.<\/p><h3 class=\"cms-subtitle\">Garant\u00edas<\/h3><p>Todos los art\u00edculos cuentan con garant\u00eda de proveedor, sujeto a las condiciones del producto de acuerdo al fabricante, las mismas son efectivas en tienda al presentar el producto y tu factura o en centros de servicio SERVITOTAL. Adicional a esto www.radioshackla.com\/elsalvador te ofrece la posibilidad de adquirir un contrato de servicio de reparaci\u00f3n, protegiendo tu inversi\u00f3n ante cualquier percance que sufra tu art\u00edculo.<\/p>\t\t\t\t\t\t\t\t\t\t\t\t<\/div>\n\t\t\t\t\t\t\t<\/div>\n\t\t<\/div>\n\t\t\t\t<\/div>\n\t\t\t\t<\/div>\n\t\t\t\t<\/div>\n\t\t\t\t\t<\/div>\n\t\t\t\t<\/div>\n\t\t\t\t<\/div>\n\t\t","protected":false},"excerpt":{"rendered":"<p>Compra Segura Compra C\u00f3moda Compra R\u00e1pida Nuestro Sitio Web cumple con todas las normas de seguridad que necesitas. Tus datos se mantendr\u00e1n bajo estricta confidencialidad Radioshackla.com usa un sistema de seguridad llamado SSL (Secure Socket Layer), que actualmente es el est\u00e1ndar usado por las compa\u00f1\u00edas m\u00e1s importantes del mundo para realizar transacciones electr\u00f3nicas seguras, lo [&#038;hellip&#8230;<\/p>\n","protected":false},"author":1,"featured_media":0,"parent":0,"menu_order":0,"comment_status":"closed","ping_status":"closed","template":"","meta":{"footnotes":""},"class_list":["post-754","page","type-page","status-publish","hentry"],"_links":{"self":[{"href":"https:\/\/servicios.unicomer.com\/radioshackla\/wp-json\/wp\/v2\/pages\/754","targetHints":{"allow":["GET"]}}],"collection":[{"href":"https:\/\/servicios.unicomer.com\/radioshackla\/wp-json\/wp\/v2\/pages"}],"about":[{"href":"https:\/\/servicios.unicomer.com\/radioshackla\/wp-json\/wp\/v2\/types\/page"}],"author":[{"embeddable":true,"href":"https:\/\/servicios.unicomer.com\/radioshackla\/wp-json\/wp\/v2\/users\/1"}],"replies":[{"embeddable":true,"href":"https:\/\/servicios.unicomer.com\/radioshackla\/wp-json\/wp\/v2\/comments?post=754"}],"version-history":[{"count":3,"href":"https:\/\/servicios.unicomer.com\/radioshackla\/wp-json\/wp\/v2\/pages\/754\/revisions"}],"predecessor-version":[{"id":2055,"href":"https:\/\/servicios.unicomer.com\/radioshackla\/wp-json\/wp\/v2\/pages\/754\/revisions\/2055"}],"wp:attachment":[{"href":"https:\/\/servicios.unicomer.com\/radioshackla\/wp-json\/wp\/v2\/media?parent=754"}],"curies":[{"name":"wp","href":"https:\/\/api.w.org\/{rel}","templated":true}]}}