{"id":675,"date":"2025-05-29T22:03:56","date_gmt":"2025-05-29T20:03:56","guid":{"rendered":"http:\/\/34.148.194.40\/?page_id=675"},"modified":"2025-09-12T20:40:33","modified_gmt":"2025-09-12T18:40:33","slug":"beneficios","status":"publish","type":"page","link":"https:\/\/servicios.unicomer.com\/radioshackla\/beneficios\/","title":{"rendered":"Beneficios"},"content":{"rendered":"\t\t<div data-elementor-type=\"wp-page\" data-elementor-id=\"675\" class=\"elementor elementor-675\" data-elementor-post-type=\"page\">\n\t\t\t\t<div class=\"elementor-element elementor-element-90953fe e-flex e-con-boxed rael-particle-no e-con e-parent\" data-id=\"90953fe\" data-element_type=\"container\" data-e-type=\"container\" data-settings=\"{&quot;rae_animations_entrance&quot;:&quot;none&quot;}\">\n\t\t\t\t\t<div class=\"e-con-inner\">\n\t\t<div class=\"elementor-element elementor-element-9fd98d6 e-con-full e-flex rael-particle-no e-con e-child\" data-id=\"9fd98d6\" data-element_type=\"container\" data-e-type=\"container\" data-settings=\"{&quot;rae_animations_entrance&quot;:&quot;none&quot;}\">\n\t\t\t\t<div class=\"elementor-element elementor-element-dc0e165 elementor-widget elementor-widget-image\" data-id=\"dc0e165\" data-element_type=\"widget\" data-e-type=\"widget\" data-widget_type=\"image.default\">\n\t\t\t\t\t\t\t\t\t\t\t\t\t\t\t<img fetchpriority=\"high\" decoding=\"async\" width=\"640\" height=\"116\" src=\"https:\/\/servicios.unicomer.com\/radioshackla\/wp-content\/uploads\/sites\/3\/2025\/09\/BENEFICIOS_01.webp\" class=\"attachment-large size-large wp-image-2056\" alt=\"\" srcset=\"https:\/\/servicios.unicomer.com\/radioshackla\/wp-content\/uploads\/sites\/3\/2025\/09\/BENEFICIOS_01.webp 1016w, https:\/\/servicios.unicomer.com\/radioshackla\/wp-content\/uploads\/sites\/3\/2025\/09\/BENEFICIOS_01-300x54.webp 300w, https:\/\/servicios.unicomer.com\/radioshackla\/wp-content\/uploads\/sites\/3\/2025\/09\/BENEFICIOS_01-768x139.webp 768w\" sizes=\"(max-width: 640px) 100vw, 640px\" \/>\t\t\t\t\t\t\t\t\t\t\t\t\t\t\t<\/div>\n\t\t\t\t<\/div>\n\t\t\t\t<div class=\"elementor-element elementor-element-51f3f20 elementor-widget elementor-widget-heading\" data-id=\"51f3f20\" data-element_type=\"widget\" data-e-type=\"widget\" data-widget_type=\"heading.default\">\n\t\t\t\t\t<h2 class=\"elementor-heading-title elementor-size-default\">Conoce los beneficios RadioShack<\/h2>\t\t\t\t<\/div>\n\t\t<div class=\"elementor-element elementor-element-ab827c5 e-con-full e-flex rael-particle-no e-con e-child\" data-id=\"ab827c5\" data-element_type=\"container\" data-e-type=\"container\" data-settings=\"{&quot;background_background&quot;:&quot;classic&quot;,&quot;rae_animations_entrance&quot;:&quot;none&quot;}\">\n\t\t\t\t<div class=\"elementor-element elementor-element-83c53e8 elementor-widget elementor-widget-image\" data-id=\"83c53e8\" data-element_type=\"widget\" data-e-type=\"widget\" data-widget_type=\"image.default\">\n\t\t\t\t\t\t\t\t\t\t\t\t\t\t\t<img loading=\"lazy\" decoding=\"async\" width=\"640\" height=\"104\" src=\"https:\/\/servicios.unicomer.com\/radioshackla\/wp-content\/uploads\/sites\/3\/2025\/05\/P_ginaEst_tica_beneficios_02.webp\" class=\"attachment-large size-large wp-image-688\" alt=\"\" srcset=\"https:\/\/servicios.unicomer.com\/radioshackla\/wp-content\/uploads\/sites\/3\/2025\/05\/P_ginaEst_tica_beneficios_02.webp 1000w, https:\/\/servicios.unicomer.com\/radioshackla\/wp-content\/uploads\/sites\/3\/2025\/05\/P_ginaEst_tica_beneficios_02-300x49.webp 300w, https:\/\/servicios.unicomer.com\/radioshackla\/wp-content\/uploads\/sites\/3\/2025\/05\/P_ginaEst_tica_beneficios_02-768x124.webp 768w\" sizes=\"auto, (max-width: 640px) 100vw, 640px\" loading=\"lazy\" \/>\t\t\t\t\t\t\t\t\t\t\t\t\t\t\t<\/div>\n\t\t\t\t<div class=\"elementor-element elementor-element-ea8d4ef elementor-widget elementor-widget-heading\" data-id=\"ea8d4ef\" data-element_type=\"widget\" data-e-type=\"widget\" data-widget_type=\"heading.default\">\n\t\t\t\t\t<p class=\"elementor-heading-title elementor-size-default\">Centro de servicios de reparaci\u00f3n SERVITOTAL\n<\/p>\t\t\t\t<\/div>\n\t\t\t\t<div class=\"elementor-element elementor-element-91374c6 elementor-widget elementor-widget-heading\" data-id=\"91374c6\" data-element_type=\"widget\" data-e-type=\"widget\" data-widget_type=\"heading.default\">\n\t\t\t\t\t<p class=\"elementor-heading-title elementor-size-default\">Le ofrecemos el m\u00e1s completo centro de servicio de reparaci\u00f3n para sus aparatos el\u00e9ctricos, muebles y electrodom\u00e9sticos. Contamos con mano de obra altamente calificada y el m\u00e1s amplio surtido de repuestos genuinos que respaldan la durabilidad de sus productos.<\/p>\t\t\t\t<\/div>\n\t\t\t\t<div class=\"elementor-element elementor-element-b7fb405 elementor-align-center elementor-widget elementor-widget-button\" data-id=\"b7fb405\" data-element_type=\"widget\" data-e-type=\"widget\" data-widget_type=\"button.default\">\n\t\t\t\t\t\t\t\t\t\t<a class=\"elementor-button elementor-button-link elementor-size-sm\" href=\"http:\/\/servitotal.com\/\">\n\t\t\t\t\t\t<span class=\"elementor-button-content-wrapper\">\n\t\t\t\t\t\t\t\t\t<span class=\"elementor-button-text\">Ver m\u00e1s<\/span>\n\t\t\t\t\t<\/span>\n\t\t\t\t\t<\/a>\n\t\t\t\t\t\t\t\t<\/div>\n\t\t\t\t<\/div>\n\t\t<div class=\"elementor-element elementor-element-0d110ed e-con-full e-flex rael-particle-no e-con e-child\" data-id=\"0d110ed\" data-element_type=\"container\" data-e-type=\"container\" data-settings=\"{&quot;background_background&quot;:&quot;classic&quot;,&quot;rae_animations_entrance&quot;:&quot;none&quot;}\">\n\t\t\t\t<div class=\"elementor-element elementor-element-a554941 elementor-widget elementor-widget-image\" data-id=\"a554941\" data-element_type=\"widget\" data-e-type=\"widget\" data-widget_type=\"image.default\">\n\t\t\t\t\t\t\t\t\t\t\t\t\t\t\t<img loading=\"lazy\" decoding=\"async\" width=\"234\" height=\"162\" src=\"https:\/\/servicios.unicomer.com\/radioshackla\/wp-content\/uploads\/sites\/3\/2025\/09\/RS_ShackPickUp.webp\" class=\"attachment-large size-large wp-image-2057\" alt=\"\" loading=\"lazy\" \/>\t\t\t\t\t\t\t\t\t\t\t\t\t\t\t<\/div>\n\t\t\t\t<div class=\"elementor-element elementor-element-78b171a elementor-widget elementor-widget-heading\" data-id=\"78b171a\" data-element_type=\"widget\" data-e-type=\"widget\" data-widget_type=\"heading.default\">\n\t\t\t\t\t<p class=\"elementor-heading-title elementor-size-default\">Shack Pick Up\n<\/p>\t\t\t\t<\/div>\n\t\t\t\t<div class=\"elementor-element elementor-element-de7b220 elementor-widget elementor-widget-heading\" data-id=\"de7b220\" data-element_type=\"widget\" data-e-type=\"widget\" data-widget_type=\"heading.default\">\n\t\t\t\t\t<p class=\"elementor-heading-title elementor-size-default\">Los art\u00edculos pueden ser retirados en cualquiera de nuestras tiendas alrededor del pa\u00eds, siempre y cuando haya existencia del art\u00edculo comprado en dicha tienda. En este caso no habr\u00e1 cargos por env\u00edo, simplemente al crear la estimaci\u00f3n de env\u00edo e impuestos selecciona \u201cretiro en tienda\u201d, y posteriormente elige la tienda donde te gustar\u00eda recoger tu orden de compra.<\/p>\t\t\t\t<\/div>\n\t\t\t\t<div class=\"elementor-element elementor-element-69300f9 elementor-align-center elementor-widget elementor-widget-button\" data-id=\"69300f9\" data-element_type=\"widget\" data-e-type=\"widget\" data-widget_type=\"button.default\">\n\t\t\t\t\t\t\t\t\t\t<a class=\"elementor-button elementor-button-link elementor-size-sm\" href=\"https:\/\/www.radioshackla.com\/elsalvador\/storepickup\">\n\t\t\t\t\t\t<span class=\"elementor-button-content-wrapper\">\n\t\t\t\t\t\t\t\t\t<span class=\"elementor-button-text\">Ver m\u00e1s<\/span>\n\t\t\t\t\t<\/span>\n\t\t\t\t\t<\/a>\n\t\t\t\t\t\t\t\t<\/div>\n\t\t\t\t<\/div>\n\t\t<div class=\"elementor-element elementor-element-e1cc405 e-con-full e-flex rael-particle-no e-con e-child\" data-id=\"e1cc405\" data-element_type=\"container\" data-e-type=\"container\" data-settings=\"{&quot;background_background&quot;:&quot;classic&quot;,&quot;rae_animations_entrance&quot;:&quot;none&quot;}\">\n\t\t\t\t<div class=\"elementor-element elementor-element-4c2c3f8 elementor-widget elementor-widget-image\" data-id=\"4c2c3f8\" data-element_type=\"widget\" data-e-type=\"widget\" data-widget_type=\"image.default\">\n\t\t\t\t\t\t\t\t\t\t\t\t\t\t\t<img loading=\"lazy\" decoding=\"async\" width=\"234\" height=\"162\" src=\"https:\/\/servicios.unicomer.com\/radioshackla\/wp-content\/uploads\/sites\/3\/2025\/09\/RS_SAC.webp\" class=\"attachment-large size-large wp-image-2058\" alt=\"\" loading=\"lazy\" \/>\t\t\t\t\t\t\t\t\t\t\t\t\t\t\t<\/div>\n\t\t\t\t<div class=\"elementor-element elementor-element-662dfb9 elementor-widget elementor-widget-heading\" data-id=\"662dfb9\" data-element_type=\"widget\" data-e-type=\"widget\" data-widget_type=\"heading.default\">\n\t\t\t\t\t<p class=\"elementor-heading-title elementor-size-default\">Servicio al cliente<\/p>\t\t\t\t<\/div>\n\t\t\t\t<div class=\"elementor-element elementor-element-46832ad elementor-widget elementor-widget-heading\" data-id=\"46832ad\" data-element_type=\"widget\" data-e-type=\"widget\" data-widget_type=\"heading.default\">\n\t\t\t\t\t<p class=\"elementor-heading-title elementor-size-default\">Nuestro departamento de Servicio al Cliente est\u00e1 dise\u00f1ado especialmente para satisfacer todas tus necesidades. Cualquier duda o comentario puedes ponerte en contacto con nosotros al +503 2509-1133 o mediante el siguiente correo electr\u00f3nico: soporte_sv@radioshackla.com<\/p>\t\t\t\t<\/div>\n\t\t\t\t<div class=\"elementor-element elementor-element-bb214f3 elementor-align-center elementor-widget elementor-widget-button\" data-id=\"bb214f3\" data-element_type=\"widget\" data-e-type=\"widget\" data-widget_type=\"button.default\">\n\t\t\t\t\t\t\t\t\t\t<a class=\"elementor-button elementor-button-link elementor-size-sm\" href=\"https:\/\/www.radioshackla.com\/elsalvador\/contact\/\">\n\t\t\t\t\t\t<span class=\"elementor-button-content-wrapper\">\n\t\t\t\t\t\t\t\t\t<span class=\"elementor-button-text\">Ver m\u00e1s<\/span>\n\t\t\t\t\t<\/span>\n\t\t\t\t\t<\/a>\n\t\t\t\t\t\t\t\t<\/div>\n\t\t\t\t<\/div>\n\t\t<div class=\"elementor-element elementor-element-c8faea1 e-con-full e-flex rael-particle-no e-con e-child\" data-id=\"c8faea1\" data-element_type=\"container\" data-e-type=\"container\" data-settings=\"{&quot;background_background&quot;:&quot;classic&quot;,&quot;rae_animations_entrance&quot;:&quot;none&quot;}\">\n\t\t\t\t<div class=\"elementor-element elementor-element-ace92a5 elementor-widget elementor-widget-image\" data-id=\"ace92a5\" data-element_type=\"widget\" data-e-type=\"widget\" data-widget_type=\"image.default\">\n\t\t\t\t\t\t\t\t\t\t\t\t\t\t\t<img loading=\"lazy\" decoding=\"async\" width=\"234\" height=\"162\" src=\"https:\/\/servicios.unicomer.com\/radioshackla\/wp-content\/uploads\/sites\/3\/2025\/09\/RS_CrediShack.webp\" class=\"attachment-large size-large wp-image-2059\" alt=\"\" loading=\"lazy\" \/>\t\t\t\t\t\t\t\t\t\t\t\t\t\t\t<\/div>\n\t\t\t\t<div class=\"elementor-element elementor-element-9aa0aff elementor-widget elementor-widget-heading\" data-id=\"9aa0aff\" data-element_type=\"widget\" data-e-type=\"widget\" data-widget_type=\"heading.default\">\n\t\t\t\t\t<p class=\"elementor-heading-title elementor-size-default\">Credi Shack<\/p>\t\t\t\t<\/div>\n\t\t\t\t<div class=\"elementor-element elementor-element-0ba8e27 elementor-widget elementor-widget-heading\" data-id=\"0ba8e27\" data-element_type=\"widget\" data-e-type=\"widget\" data-widget_type=\"heading.default\">\n\t\t\t\t\t<p class=\"elementor-heading-title elementor-size-default\">Ya puedes aplicar a nuestro cr\u00e9dito en l\u00ednea con solo llenar el formulario que encontrar\u00e1s en nuestro sitio. Luego solo tienes que esperar a que nuestro personal del departamento de Cr\u00e9ditos se comunique contigo y puedas completar tu solicitud.<\/p>\t\t\t\t<\/div>\n\t\t\t\t<div class=\"elementor-element elementor-element-9c02781 elementor-align-center elementor-widget elementor-widget-button\" data-id=\"9c02781\" data-element_type=\"widget\" data-e-type=\"widget\" data-widget_type=\"button.default\">\n\t\t\t\t\t\t\t\t\t\t<a class=\"elementor-button elementor-button-link elementor-size-sm\" href=\"#\">\n\t\t\t\t\t\t<span class=\"elementor-button-content-wrapper\">\n\t\t\t\t\t\t\t\t\t<span class=\"elementor-button-text\">Ver m\u00e1s<\/span>\n\t\t\t\t\t<\/span>\n\t\t\t\t\t<\/a>\n\t\t\t\t\t\t\t\t<\/div>\n\t\t\t\t<\/div>\n\t\t<div class=\"elementor-element elementor-element-9e2c1a4 e-con-full e-flex rael-particle-no e-con e-child\" data-id=\"9e2c1a4\" data-element_type=\"container\" data-e-type=\"container\" data-settings=\"{&quot;background_background&quot;:&quot;classic&quot;,&quot;rae_animations_entrance&quot;:&quot;none&quot;}\">\n\t\t\t\t<div class=\"elementor-element elementor-element-bb08ab4 elementor-widget elementor-widget-image\" data-id=\"bb08ab4\" data-element_type=\"widget\" data-e-type=\"widget\" data-widget_type=\"image.default\">\n\t\t\t\t\t\t\t\t\t\t\t\t\t\t\t<img loading=\"lazy\" decoding=\"async\" width=\"234\" height=\"162\" src=\"https:\/\/servicios.unicomer.com\/radioshackla\/wp-content\/uploads\/sites\/3\/2025\/09\/RS_ShackDelivery.webp\" class=\"attachment-large size-large wp-image-2063\" alt=\"\" loading=\"lazy\" \/>\t\t\t\t\t\t\t\t\t\t\t\t\t\t\t<\/div>\n\t\t\t\t<div class=\"elementor-element elementor-element-7a6ee8b elementor-widget elementor-widget-heading\" data-id=\"7a6ee8b\" data-element_type=\"widget\" data-e-type=\"widget\" data-widget_type=\"heading.default\">\n\t\t\t\t\t<p class=\"elementor-heading-title elementor-size-default\">Shack Delivery<\/p>\t\t\t\t<\/div>\n\t\t\t\t<div class=\"elementor-element elementor-element-fdc0407 elementor-widget elementor-widget-heading\" data-id=\"fdc0407\" data-element_type=\"widget\" data-e-type=\"widget\" data-widget_type=\"heading.default\">\n\t\t\t\t\t<p class=\"elementor-heading-title elementor-size-default\">Si deseas que tus compras sean enviadas a domicilio, estas pueden ser entregadas cobrando cargos por env\u00edo. Estos pueden variar dependiendo el lugar donde dirijas la orden de compra.<\/p>\t\t\t\t<\/div>\n\t\t\t\t<div class=\"elementor-element elementor-element-fcbe80f elementor-align-center elementor-widget elementor-widget-button\" data-id=\"fcbe80f\" data-element_type=\"widget\" data-e-type=\"widget\" data-widget_type=\"button.default\">\n\t\t\t\t\t\t\t\t\t\t<a class=\"elementor-button elementor-button-link elementor-size-sm\" href=\"https:\/\/www.radioshackla.com\/elsalvador\/%20metodos-envio\/\">\n\t\t\t\t\t\t<span class=\"elementor-button-content-wrapper\">\n\t\t\t\t\t\t\t\t\t<span class=\"elementor-button-text\">Ver m\u00e1s<\/span>\n\t\t\t\t\t<\/span>\n\t\t\t\t\t<\/a>\n\t\t\t\t\t\t\t\t<\/div>\n\t\t\t\t<\/div>\n\t\t<div class=\"elementor-element elementor-element-76a441a e-con-full e-flex rael-particle-no e-con e-child\" data-id=\"76a441a\" data-element_type=\"container\" data-e-type=\"container\" data-settings=\"{&quot;background_background&quot;:&quot;classic&quot;,&quot;rae_animations_entrance&quot;:&quot;none&quot;}\">\n\t\t\t\t<div class=\"elementor-element elementor-element-5bba723 elementor-widget elementor-widget-image\" data-id=\"5bba723\" data-element_type=\"widget\" data-e-type=\"widget\" data-widget_type=\"image.default\">\n\t\t\t\t\t\t\t\t\t\t\t\t\t\t\t<img loading=\"lazy\" decoding=\"async\" width=\"234\" height=\"162\" src=\"https:\/\/servicios.unicomer.com\/radioshackla\/wp-content\/uploads\/sites\/3\/2025\/09\/RS_ReemplazoShack.webp\" class=\"attachment-large size-large wp-image-2073\" alt=\"\" loading=\"lazy\" \/>\t\t\t\t\t\t\t\t\t\t\t\t\t\t\t<\/div>\n\t\t\t\t<div class=\"elementor-element elementor-element-032cf05 elementor-widget elementor-widget-heading\" data-id=\"032cf05\" data-element_type=\"widget\" data-e-type=\"widget\" data-widget_type=\"heading.default\">\n\t\t\t\t\t<p class=\"elementor-heading-title elementor-size-default\">Reemplazo Shack<\/p>\t\t\t\t<\/div>\n\t\t\t\t<div class=\"elementor-element elementor-element-5a8af00 elementor-widget elementor-widget-heading\" data-id=\"5a8af00\" data-element_type=\"widget\" data-e-type=\"widget\" data-widget_type=\"heading.default\">\n\t\t\t\t\t<p class=\"elementor-heading-title elementor-size-default\">Como parte de nuestro servicio al cliente se ofrece la opci\u00f3n de cambios y devoluciones de mercader\u00eda cuando el cliente desea devolver o cambiar el producto comprado por motivos que el art\u00edculo presenta alg\u00fan desperfecto de f\u00e1brica o por el tama\u00f1o, color del art\u00edculo, etc.<\/p>\t\t\t\t<\/div>\n\t\t\t\t<div class=\"elementor-element elementor-element-16d75e9 elementor-align-center elementor-widget elementor-widget-button\" data-id=\"16d75e9\" data-element_type=\"widget\" data-e-type=\"widget\" data-widget_type=\"button.default\">\n\t\t\t\t\t\t\t\t\t\t<a class=\"elementor-button elementor-button-link elementor-size-sm\" href=\"https:\/\/www.radioshackla.com\/elsalvador\/devolucion-de-mercaderia\/\">\n\t\t\t\t\t\t<span class=\"elementor-button-content-wrapper\">\n\t\t\t\t\t\t\t\t\t<span class=\"elementor-button-text\">Ver m\u00e1s<\/span>\n\t\t\t\t\t<\/span>\n\t\t\t\t\t<\/a>\n\t\t\t\t\t\t\t\t<\/div>\n\t\t\t\t<\/div>\n\t\t<div class=\"elementor-element elementor-element-8db38e1 e-con-full e-flex rael-particle-no e-con e-child\" data-id=\"8db38e1\" data-element_type=\"container\" data-e-type=\"container\" data-settings=\"{&quot;background_background&quot;:&quot;classic&quot;,&quot;rae_animations_entrance&quot;:&quot;none&quot;}\">\n\t\t\t\t<div class=\"elementor-element elementor-element-e5a1ba8 elementor-widget elementor-widget-heading\" data-id=\"e5a1ba8\" data-element_type=\"widget\" data-e-type=\"widget\" data-widget_type=\"heading.default\">\n\t\t\t\t\t<p class=\"elementor-heading-title elementor-size-default\">Gift Card<\/p>\t\t\t\t<\/div>\n\t\t\t\t<div class=\"elementor-element elementor-element-06027f9 elementor-widget elementor-widget-heading\" data-id=\"06027f9\" data-element_type=\"widget\" data-e-type=\"widget\" data-widget_type=\"heading.default\">\n\t\t\t\t\t<p class=\"elementor-heading-title elementor-size-default\">Brindar al cliente una nueva alternativa de compra con el fin de obsequiar a quien \u00e9l desee, permitiendo que m\u00e1s personas conozcan los productos que ofrece www.radioshackla.com\/elsalvador. Puedes adquirir productos en precio regular y ofertas.<\/p>\t\t\t\t<\/div>\n\t\t\t\t<div class=\"elementor-element elementor-element-45f48f4 elementor-align-center elementor-widget elementor-widget-button\" data-id=\"45f48f4\" data-element_type=\"widget\" data-e-type=\"widget\" data-widget_type=\"button.default\">\n\t\t\t\t\t\t\t\t\t\t<a class=\"elementor-button elementor-button-link elementor-size-sm\" href=\"https:\/\/www.radioshackla.com\/elsalvador\/giftcards\">\n\t\t\t\t\t\t<span class=\"elementor-button-content-wrapper\">\n\t\t\t\t\t\t\t\t\t<span class=\"elementor-button-text\">Ver m\u00e1s<\/span>\n\t\t\t\t\t<\/span>\n\t\t\t\t\t<\/a>\n\t\t\t\t\t\t\t\t<\/div>\n\t\t\t\t<\/div>\n\t\t\t\t\t<\/div>\n\t\t\t\t<\/div>\n\t\t\t\t<\/div>\n\t\t","protected":false},"excerpt":{"rendered":"<p>Conoce los beneficios RadioShack Centro de servicios de reparaci\u00f3n SERVITOTAL Le ofrecemos el m\u00e1s completo centro de servicio de reparaci\u00f3n para sus aparatos el\u00e9ctricos, muebles y electrodom\u00e9sticos. Contamos con mano de obra altamente calificada y el m\u00e1s amplio surtido de repuestos genuinos que respaldan la durabilidad de sus productos. Ver m\u00e1s Shack Pick Up Los [&#038;hellip&#8230;<\/p>\n","protected":false},"author":1,"featured_media":0,"parent":0,"menu_order":0,"comment_status":"closed","ping_status":"closed","template":"","meta":{"footnotes":""},"class_list":["post-675","page","type-page","status-publish","hentry"],"_links":{"self":[{"href":"https:\/\/servicios.unicomer.com\/radioshackla\/wp-json\/wp\/v2\/pages\/675","targetHints":{"allow":["GET"]}}],"collection":[{"href":"https:\/\/servicios.unicomer.com\/radioshackla\/wp-json\/wp\/v2\/pages"}],"about":[{"href":"https:\/\/servicios.unicomer.com\/radioshackla\/wp-json\/wp\/v2\/types\/page"}],"author":[{"embeddable":true,"href":"https:\/\/servicios.unicomer.com\/radioshackla\/wp-json\/wp\/v2\/users\/1"}],"replies":[{"embeddable":true,"href":"https:\/\/servicios.unicomer.com\/radioshackla\/wp-json\/wp\/v2\/comments?post=675"}],"version-history":[{"count":15,"href":"https:\/\/servicios.unicomer.com\/radioshackla\/wp-json\/wp\/v2\/pages\/675\/revisions"}],"predecessor-version":[{"id":2076,"href":"https:\/\/servicios.unicomer.com\/radioshackla\/wp-json\/wp\/v2\/pages\/675\/revisions\/2076"}],"wp:attachment":[{"href":"https:\/\/servicios.unicomer.com\/radioshackla\/wp-json\/wp\/v2\/media?parent=675"}],"curies":[{"name":"wp","href":"https:\/\/api.w.org\/{rel}","templated":true}]}}