{"id":22,"date":"2025-04-08T01:06:00","date_gmt":"2025-04-07T23:06:00","guid":{"rendered":"http:\/\/lacuracaonline.test\/?page_id=22"},"modified":"2025-09-11T05:21:00","modified_gmt":"2025-09-11T03:21:00","slug":"agenda-tu-armado","status":"publish","type":"page","link":"https:\/\/servicios.unicomer.com\/radioshackla\/agenda-tu-armado\/","title":{"rendered":"Agenda tu armado"},"content":{"rendered":"\t\t<div data-elementor-type=\"wp-page\" data-elementor-id=\"22\" class=\"elementor elementor-22\" data-elementor-post-type=\"page\">\n\t\t\t\t<div class=\"elementor-element elementor-element-3860431 e-flex e-con-boxed rael-particle-no e-con e-parent\" data-id=\"3860431\" data-element_type=\"container\" data-e-type=\"container\" data-settings=\"{&quot;background_background&quot;:&quot;classic&quot;,&quot;rae_animations_entrance&quot;:&quot;none&quot;}\">\n\t\t\t\t\t<div class=\"e-con-inner\">\n\t\t<div class=\"elementor-element elementor-element-0fdb644 e-con-full e-flex rael-particle-no e-con e-child\" data-id=\"0fdb644\" data-element_type=\"container\" data-e-type=\"container\" data-settings=\"{&quot;rae_animations_entrance&quot;:&quot;none&quot;}\">\n\t\t\t\t<\/div>\n\t\t<div class=\"elementor-element elementor-element-8148abb e-con-full e-flex rael-particle-no e-con e-child\" data-id=\"8148abb\" data-element_type=\"container\" data-e-type=\"container\" data-settings=\"{&quot;rae_animations_entrance&quot;:&quot;none&quot;}\">\n\t\t\t\t<div class=\"elementor-element elementor-element-fc4b7da elementor-widget elementor-widget-heading\" data-id=\"fc4b7da\" data-element_type=\"widget\" data-e-type=\"widget\" data-widget_type=\"heading.default\">\n\t\t\t\t\t<h1 class=\"elementor-heading-title elementor-size-default\">Esta p\u00e1gina se encuentra\nen construcci\u00f3n<\/h1>\t\t\t\t<\/div>\n\t\t\t\t<div class=\"elementor-element elementor-element-438ef47 elementor-widget elementor-widget-heading\" data-id=\"438ef47\" data-element_type=\"widget\" data-e-type=\"widget\" data-widget_type=\"heading.default\">\n\t\t\t\t\t<h2 class=\"elementor-heading-title elementor-size-default\">\u00a1Perd\u00f3n por los inconvenientes!<\/h2>\t\t\t\t<\/div>\n\t\t\t\t<div class=\"elementor-element elementor-element-3af26d0 elementor-widget elementor-widget-heading\" data-id=\"3af26d0\" data-element_type=\"widget\" data-e-type=\"widget\" data-widget_type=\"heading.default\">\n\t\t\t\t\t<h3 class=\"elementor-heading-title elementor-size-default\">Estamos realizando&nbsp;mejoras t\u00e9cnicas&nbsp;para \nofrecerte una experiencia m\u00e1s r\u00e1pida y segura.<\/h3>\t\t\t\t<\/div>\n\t\t\t\t<div class=\"elementor-element elementor-element-f2fcd48 elementor-widget elementor-widget-heading\" data-id=\"f2fcd48\" data-element_type=\"widget\" data-e-type=\"widget\" data-widget_type=\"heading.default\">\n\t\t\t\t\t<p class=\"elementor-heading-title elementor-size-default\">Puedes regresar a la p\u00e1gina principal <a href=\"https:\/\/servicios.unicomer.com\/radioshackla\" class=\"tc-orange\">aqu\u00ed<\/a>\u200b.<\/p>\t\t\t\t<\/div>\n\t\t\t\t<\/div>\n\t\t\t\t\t<\/div>\n\t\t\t\t<\/div>\n\t\t\t\t<\/div>\n\t\t","protected":false},"excerpt":{"rendered":"<p>Esta p\u00e1gina se encuentra en construcci\u00f3n \u00a1Perd\u00f3n por los inconvenientes! Estamos realizando&nbsp;mejoras t\u00e9cnicas&nbsp;para ofrecerte una experiencia m\u00e1s r\u00e1pida y segura. Puedes regresar a la p\u00e1gina principal aqu\u00ed\u200b&#8230;<\/p>\n","protected":false},"author":1,"featured_media":0,"parent":0,"menu_order":0,"comment_status":"closed","ping_status":"closed","template":"","meta":{"footnotes":""},"class_list":["post-22","page","type-page","status-publish","hentry"],"_links":{"self":[{"href":"https:\/\/servicios.unicomer.com\/radioshackla\/wp-json\/wp\/v2\/pages\/22","targetHints":{"allow":["GET"]}}],"collection":[{"href":"https:\/\/servicios.unicomer.com\/radioshackla\/wp-json\/wp\/v2\/pages"}],"about":[{"href":"https:\/\/servicios.unicomer.com\/radioshackla\/wp-json\/wp\/v2\/types\/page"}],"author":[{"embeddable":true,"href":"https:\/\/servicios.unicomer.com\/radioshackla\/wp-json\/wp\/v2\/users\/1"}],"replies":[{"embeddable":true,"href":"https:\/\/servicios.unicomer.com\/radioshackla\/wp-json\/wp\/v2\/comments?post=22"}],"version-history":[{"count":9,"href":"https:\/\/servicios.unicomer.com\/radioshackla\/wp-json\/wp\/v2\/pages\/22\/revisions"}],"predecessor-version":[{"id":2027,"href":"https:\/\/servicios.unicomer.com\/radioshackla\/wp-json\/wp\/v2\/pages\/22\/revisions\/2027"}],"wp:attachment":[{"href":"https:\/\/servicios.unicomer.com\/radioshackla\/wp-json\/wp\/v2\/media?parent=22"}],"curies":[{"name":"wp","href":"https:\/\/api.w.org\/{rel}","templated":true}]}}