{"id":2077,"date":"2025-09-12T20:47:34","date_gmt":"2025-09-12T18:47:34","guid":{"rendered":"https:\/\/servicios.unicomer.com\/radioshackla\/?page_id=2077"},"modified":"2025-09-12T20:51:51","modified_gmt":"2025-09-12T18:51:51","slug":"garantia-adicional","status":"publish","type":"page","link":"https:\/\/servicios.unicomer.com\/radioshackla\/garantia-adicional\/","title":{"rendered":"Garant\u00eda Adicional"},"content":{"rendered":"\t\t<div data-elementor-type=\"wp-page\" data-elementor-id=\"2077\" class=\"elementor elementor-2077\" data-elementor-post-type=\"page\">\n\t\t\t\t<div class=\"elementor-element elementor-element-1ec7a1a e-flex e-con-boxed rael-particle-no e-con e-parent\" data-id=\"1ec7a1a\" data-element_type=\"container\" data-e-type=\"container\" data-settings=\"{&quot;rae_animations_entrance&quot;:&quot;none&quot;}\">\n\t\t\t\t\t<div class=\"e-con-inner\">\n\t\t<div class=\"elementor-element elementor-element-709b948 e-con-full e-flex rael-particle-no e-con e-child\" data-id=\"709b948\" data-element_type=\"container\" data-e-type=\"container\" data-settings=\"{&quot;rae_animations_entrance&quot;:&quot;none&quot;}\">\n\t\t\t\t<div class=\"elementor-element elementor-element-a962415 elementor-widget elementor-widget-image\" data-id=\"a962415\" data-element_type=\"widget\" data-e-type=\"widget\" data-widget_type=\"image.default\">\n\t\t\t\t\t\t\t\t\t\t\t\t\t\t\t<img fetchpriority=\"high\" decoding=\"async\" width=\"640\" height=\"116\" src=\"https:\/\/servicios.unicomer.com\/radioshackla\/wp-content\/uploads\/sites\/3\/2025\/09\/Garantia-adi.webp\" class=\"attachment-large size-large wp-image-2079\" alt=\"\" srcset=\"https:\/\/servicios.unicomer.com\/radioshackla\/wp-content\/uploads\/sites\/3\/2025\/09\/Garantia-adi.webp 1016w, https:\/\/servicios.unicomer.com\/radioshackla\/wp-content\/uploads\/sites\/3\/2025\/09\/Garantia-adi-300x54.webp 300w, https:\/\/servicios.unicomer.com\/radioshackla\/wp-content\/uploads\/sites\/3\/2025\/09\/Garantia-adi-768x139.webp 768w\" sizes=\"(max-width: 640px) 100vw, 640px\" \/>\t\t\t\t\t\t\t\t\t\t\t\t\t\t\t<\/div>\n\t\t\t\t<\/div>\n\t\t\t\t<div class=\"elementor-element elementor-element-1b6c398 elementor-widget elementor-widget-heading\" data-id=\"1b6c398\" data-element_type=\"widget\" data-e-type=\"widget\" data-widget_type=\"heading.default\">\n\t\t\t\t\t<h2 class=\"elementor-heading-title elementor-size-default\">Garant\u00eda Adicional<\/h2>\t\t\t\t<\/div>\n\t\t<div class=\"elementor-element elementor-element-8cadc87 e-con-full e-flex rael-particle-no e-con e-child\" data-id=\"8cadc87\" data-element_type=\"container\" data-e-type=\"container\" data-settings=\"{&quot;background_background&quot;:&quot;classic&quot;,&quot;rae_animations_entrance&quot;:&quot;none&quot;}\">\n\t\t\t\t<div class=\"elementor-element elementor-element-fe127b6 elementor-widget elementor-widget-text-editor\" data-id=\"fe127b6\" data-element_type=\"widget\" data-e-type=\"widget\" data-widget_type=\"text-editor.default\">\n\t\t\t\t\t\t\t\t\t<p>\u00a1Bienvenida\/o a\u00a0<em>www.radioshackla.com<\/em>!<\/p><p>Todos los art\u00edculos cuentan con garant\u00eda de proveedor, sujeto a las condiciones del producto de acuerdo al fabricante, las mismas son efectivas en tienda al presentar el producto y tu factura o en centros de servicio SERVITOTAL adicional a esto Radioshackla.com te ofrece la posibilidad de extender la garant\u00eda de tus productos, protegiendo tu inversi\u00f3n ante cualquier percance que sufra tu articulo.<\/p><h2><span style=\"color: #000000;\">\u00bfQu\u00e9 es una garant\u00eda adicional?<\/span><\/h2><ul class=\"item-list\"><li><p>Es un beneficio que te extiende y te amplia los beneficios de la garant\u00eda de f\u00e1brica hasta por cinco a\u00f1os, asegurando su satisfacci\u00f3n mediante el adecuado funcionamiento de su art\u00edculo, el ahorro que disfrutar\u00e1 y la tranquilidad de que nosotros nos hacemos cargo de cualquier inconveniente que se presente.<\/p><\/li><li><p>La garant\u00eda ofrece una extensi\u00f3n de la garant\u00eda de fabrica, garantizando que si el articulo llegase a fallar durante el periodo que sea adquirido la garant\u00eda cuenta con el respaldo de los talleres de SERVITOTAL y mientras este vigente la garant\u00eda podr\u00e1s acudir a nuestros talleres para darte el servicio necesario para el correcto funcionamiento o cambio de tu articulo.<\/p><\/li><\/ul><h2><span style=\"color: #000000;\">\u00bfQu\u00e9 me cubre esta garant\u00eda adicional?<\/span><\/h2><ul><li><p>&#8211; Asistencia profesional.<\/p><\/li><li><p>&#8211; Asistencia a domicilio.<\/p><\/li><li><p>&#8211; Mano de obra sin l\u00edmite y sin cargos extras o deducibles.<\/p><\/li><li><p>&#8211; Pr\u00e9stamo de productos.<\/p><\/li><li><p>&#8211; Revisi\u00f3n anual del producto para verificar su buen funcionamiento.<\/p><\/li><li><p>&#8211; Cambio del producto si no es reparable.<\/p><\/li><li><p>&#8211; 15% de descuento en reparaciones de otros art\u00edculos fuera del contrato.<\/p><\/li><li><p>&#8211; Cobertura por fallas generadas debido a fluctuaci\u00f3n de voltaje.<\/p><\/li><li><p>&#8211; Cobertura por calor, polvo \u00f3 humedad.<\/p><\/li><li><p>&#8211; Servicio consulta 24\/7.<\/p><\/li><li><p>&#8211; CASH BACK al no utilizar el contrato durante el per\u00edodo estipulado.<\/p><\/li><\/ul><p>Al obtener este contrato se te entregar\u00e1 la documentaci\u00f3n necesaria.<\/p>\t\t\t\t\t\t\t\t<\/div>\n\t\t\t\t<\/div>\n\t\t\t\t\t<\/div>\n\t\t\t\t<\/div>\n\t\t\t\t<\/div>\n\t\t","protected":false},"excerpt":{"rendered":"<p>Garant\u00eda Adicional \u00a1Bienvenida\/o a\u00a0www.radioshackla.com! Todos los art\u00edculos cuentan con garant\u00eda de proveedor, sujeto a las condiciones del producto de acuerdo al fabricante, las mismas son efectivas en tienda al presentar el producto y tu factura o en centros de servicio SERVITOTAL adicional a esto Radioshackla.com te ofrece la posibilidad de extender la garant\u00eda de tus [&#038;hellip&#8230;<\/p>\n","protected":false},"author":1,"featured_media":0,"parent":0,"menu_order":0,"comment_status":"closed","ping_status":"closed","template":"","meta":{"footnotes":""},"class_list":["post-2077","page","type-page","status-publish","hentry"],"_links":{"self":[{"href":"https:\/\/servicios.unicomer.com\/radioshackla\/wp-json\/wp\/v2\/pages\/2077","targetHints":{"allow":["GET"]}}],"collection":[{"href":"https:\/\/servicios.unicomer.com\/radioshackla\/wp-json\/wp\/v2\/pages"}],"about":[{"href":"https:\/\/servicios.unicomer.com\/radioshackla\/wp-json\/wp\/v2\/types\/page"}],"author":[{"embeddable":true,"href":"https:\/\/servicios.unicomer.com\/radioshackla\/wp-json\/wp\/v2\/users\/1"}],"replies":[{"embeddable":true,"href":"https:\/\/servicios.unicomer.com\/radioshackla\/wp-json\/wp\/v2\/comments?post=2077"}],"version-history":[{"count":4,"href":"https:\/\/servicios.unicomer.com\/radioshackla\/wp-json\/wp\/v2\/pages\/2077\/revisions"}],"predecessor-version":[{"id":2082,"href":"https:\/\/servicios.unicomer.com\/radioshackla\/wp-json\/wp\/v2\/pages\/2077\/revisions\/2082"}],"wp:attachment":[{"href":"https:\/\/servicios.unicomer.com\/radioshackla\/wp-json\/wp\/v2\/media?parent=2077"}],"curies":[{"name":"wp","href":"https:\/\/api.w.org\/{rel}","templated":true}]}}