{"id":754,"date":"2025-05-29T22:53:05","date_gmt":"2025-05-29T20:53:05","guid":{"rendered":"http:\/\/34.148.194.40\/?page_id=754"},"modified":"2025-05-29T22:53:05","modified_gmt":"2025-05-29T20:53:05","slug":"compra-segura","status":"publish","type":"page","link":"https:\/\/servicios.unicomer.com\/lacuracaonline\/compra-segura\/","title":{"rendered":"Compra segura"},"content":{"rendered":"\t\t<div data-elementor-type=\"wp-page\" data-elementor-id=\"754\" class=\"elementor elementor-754\" data-elementor-post-type=\"page\">\n\t\t\t\t<div class=\"elementor-element elementor-element-4ef19a1 e-flex e-con-boxed rael-particle-no e-con e-parent\" data-id=\"4ef19a1\" data-element_type=\"container\" data-e-type=\"container\" data-settings=\"{&quot;rae_animations_entrance&quot;:&quot;none&quot;}\">\n\t\t\t\t\t<div class=\"e-con-inner\">\n\t\t<div class=\"elementor-element elementor-element-46fae30 e-con-full e-flex rael-particle-no e-con e-child\" data-id=\"46fae30\" data-element_type=\"container\" data-e-type=\"container\" data-settings=\"{&quot;rae_animations_entrance&quot;:&quot;none&quot;}\">\n\t\t\t\t<div class=\"elementor-element elementor-element-e4edbfd elementor-widget elementor-widget-image\" data-id=\"e4edbfd\" data-element_type=\"widget\" data-e-type=\"widget\" data-widget_type=\"image.default\">\n\t\t\t\t<div class=\"elementor-widget-container\">\n\t\t\t\t\t\t\t\t\t\t\t\t\t\t\t<img fetchpriority=\"high\" decoding=\"async\" width=\"640\" height=\"116\" src=\"https:\/\/servicios.unicomer.com\/lacuracaonline\/wp-content\/uploads\/sites\/2\/2025\/05\/LCO_CompraSegura_MOD.webp\" class=\"attachment-large size-large wp-image-761\" alt=\"\" srcset=\"https:\/\/servicios.unicomer.com\/lacuracaonline\/wp-content\/uploads\/sites\/2\/2025\/05\/LCO_CompraSegura_MOD.webp 1016w, https:\/\/servicios.unicomer.com\/lacuracaonline\/wp-content\/uploads\/sites\/2\/2025\/05\/LCO_CompraSegura_MOD-300x54.webp 300w, https:\/\/servicios.unicomer.com\/lacuracaonline\/wp-content\/uploads\/sites\/2\/2025\/05\/LCO_CompraSegura_MOD-768x139.webp 768w\" sizes=\"(max-width: 640px) 100vw, 640px\" \/>\t\t\t\t\t\t\t\t\t\t\t\t\t\t\t<\/div>\n\t\t\t\t<\/div>\n\t\t\t\t<div class=\"elementor-element elementor-element-5f74856 elementor-widget elementor-widget-rael-advanced-tabs\" data-id=\"5f74856\" data-element_type=\"widget\" data-e-type=\"widget\" data-widget_type=\"rael-advanced-tabs.default\">\n\t\t\t\t<div class=\"elementor-widget-container\">\n\t\t\t\t\t\t\t<div id=\"rael-advanced-tabs-5f74856\" class=\"rael-advanced-tabs rael-tabs-vertical active-caret-on\" data-tabid=\"5f74856\">\n\t\t\t<div class=\"rael-tabs-nav\">\n\t\t\t\t<ul class=\"\">\n\t\t\t\t\t\t\t\t\t\t\t<li class=\"inactive\">\n\t\t\t\t\t\t\t <span class=\"rael-tab-title\">Compra Segura<\/span>\n\n\t\t\t\t\t\t<\/li>\n\t\t\t\t\t\t\t\t\t\t\t<li class=\"inactive\">\n\t\t\t\t\t\t\t <span class=\"rael-tab-title\">Compra R\u00e1pida<\/span>\n\n\t\t\t\t\t\t<\/li>\n\t\t\t\t\t\t\t\t\t\t\t<li class=\"inactive\">\n\t\t\t\t\t\t\t <span class=\"rael-tab-title\">Compra C\u00f3moda<\/span>\n\n\t\t\t\t\t\t<\/li>\n\t\t\t\t\t\t\t\t\t<\/ul>\n\t\t\t<\/div>\n\t\t\t<div class=\"rael-tabs-content\">\n\t\t\t\t\n\t\t\t\t\t<div class=\"clearfix inactive\">\n\t\t\t\t\t\t\t\t\t\t\t\t\t<h2><span style=\"color: #000000;\">Nuestro Sitio Web cumple con todas las normas de seguridad que necesitas.<\/span><\/h2><h3><span style=\"color: #000000;\">Tus datos se mantendr\u00e1n bajo estricta confidencialidad<\/span><\/h3><p>LaCuracaOnline.com usa un sistema de seguridad llamado SSL (Secure Socket Layer), que actualmente es el est\u00e1ndar usado por las compa\u00f1\u00edas m\u00e1s importantes del mundo para realizar transacciones electr\u00f3nicas seguras, lo que significa que toda tu informaci\u00f3n personal no podr\u00e1 ser le\u00edda ni capturada por terceros mientras viaja por la red.<\/p><h3><span style=\"color: #000000;\">Pol\u00edtica de Privacidad<\/span><\/h3><p>Esta pol\u00edtica corresponde a las Pol\u00edticas de Privacidad de La Curacao expuesta en Pol\u00edticas y Condiciones.<\/p><h3><span style=\"color: #000000;\">Compromiso con la Seguridad<\/span><\/h3><p>En relaci\u00f3n a nuestro sitio web LaCuaracaOnline.com hace esta declaraci\u00f3n de seguridad y privacidad en orden a demostrar y comunicar su compromiso con una pr\u00e1ctica de negocios de alto nivel \u00e9tico y dotada de los controles internos apropiados.<\/p><h3><span style=\"color: #000000;\">Informaci\u00f3n requerida del usuario<\/span><\/h3><p>El formulario \"Reg\u00edstrate\" de nuestro sitio web, pide a los usuarios informaci\u00f3n como su nombre, direcci\u00f3n electr\u00f3nica, direcci\u00f3n f\u00edsica y n\u00famero telef\u00f3nico. Esta informaci\u00f3n es usada para responder las consultas acerca de nuestros productos y servicios, para despachar pedidos o para pagar cuentas. Tambi\u00e9n se utiliza para mantener contacto con nuestros clientes. Bajo ninguna circunstancia, esta informaci\u00f3n es compartida con empresas no relacionadas con el Grupo Unicomer o con terceros.<\/p><h3><span style=\"color: #000000;\">Links con otros sitios<\/span><\/h3><p>Este sitio contiene \"links\" a otros sitios. La Curacao no es responsable de las pr\u00e1cticas de seguridad o privacidad, o el contenido de esos sitios. Asimismo, La Curacao no avala ning\u00fan producto o servicio ofrecido en dichos sitios.<\/p><h3><span style=\"color: #000000;\">Datos Personales<\/span><\/h3><p>El usuario dispondr\u00e1 en todo momento de los derechos de informaci\u00f3n, rectificaci\u00f3n y cancelaci\u00f3n de los datos personales sobre protecci\u00f3n de datos de car\u00e1cter personal. Asimismo, si deseas modificar tu informaci\u00f3n personal, lo puedes hacer utilizando algunos de los siguientes canales de comunicaci\u00f3n:<\/p><p>Llamando al tel\u00e9fono 2133-0200 nivel nacional o al 1-866-200-4040 desde Estados Unidos en horario h\u00e1bil.<\/p>\t\t\t\t\t\t\t\t\t\t\t\t<\/div>\n\t\t\t\t\n\t\t\t\t\t<div class=\"clearfix inactive\">\n\t\t\t\t\t\t\t\t\t\t\t\t\t<h2><span style=\"color: #000000;\">Conoce todas las ventajas de comprar de la manera m\u00e1s r\u00e1pida on line.<\/span><\/h2>\n<h3><span style=\"color: #000000;\">Ahorra tiempo<\/span><\/h3>\nRealiza tu compra\u00a0 desde la comodidad\u00a0 de tu casa, recibir tu pedido en tu domicilio o recogelo en la tienda que escogas.\n<h3><span style=\"color: #000000;\">R\u00e1pido<\/span><\/h3>\nLa nueva tienda virtual es una de las m\u00e1s modernas y r\u00e1pida en Centro America, su plataforma la hace f\u00e1cil de navegar y mucho m\u00e1s r\u00e1pida. Teniendo as\u00ed una de las mejores experiencias en la web que has tenido.\n<h3><span style=\"color: #000000;\">Ofertas Exclusivas<\/span><\/h3>\nComo cliente de nuestra tienda virtual tienes beneficio de precios, ofertas y promociones exclusivas para clientes registrados online.\n<h3 class=\"cms-subtitle\"><span style=\"color: #000000;\">Garant\u00edas<\/span><\/h3>\nTodos nuestros art\u00edculos incluyen la garant\u00eda del proveedor, que puede variar seg\u00fan el art\u00edculo adquirido y se puede hacer efectiva en cualquiera de nuestras tiendas o en Servitotal. Tambi\u00e9n puedes adquirir una garant\u00eda adicional en cada art\u00edculo que escogas.\t\t\t\t\t\t\t\t\t\t\t\t<\/div>\n\t\t\t\t\n\t\t\t\t\t<div class=\"clearfix inactive\">\n\t\t\t\t\t\t\t\t\t\t\t\t\t<h2><span style=\"color: #000000;\">Las 24hs. los 365 d\u00edas del a\u00f1o, sin hacer colas y de la manera m\u00e1s f\u00e1cil.<\/span><\/h2>\n<h3><span style=\"color: #000000;\">Experiencia de compra<\/span><\/h3>\nAqu\u00ed encontraras una p\u00e1gina amigable y f\u00e1cil al navegar, adonde encontrar productos y comprar ser\u00e1 una nueva forma de compra como nunca la has tenido.\n<h3><span style=\"color: #000000;\">Desde la comodidad de tu casa<\/span><\/h3>\nCon la nueva p\u00e1gina web, puedes comprar desde la comodidad de tu casa, oficina o cualquier parte del mundo en la cual quieras disfrutar de la experiencia de compra en nuestra nueva tienda virtual. Llevandote tu compra a domicilio o puedes recogerlo en la sucursal m\u00e1s cercana.\n<h3><span style=\"color: #000000;\">Formas de Pago<\/span><\/h3>\nPuedes realizar tus pagos por medio de \u00a0tu tarjeta de cr\u00e9dito o d\u00e9bito, de las marcas Visa, Mastercard y American Express, o bien utilizando Paypal. Con nuestro sistema de seguridad tienes la confianza que tu compra ser\u00e1 efectuada sin ning\u00fan riesgo.\n\nExiste una tarifa de $1.00, o su equivalente en moneda local, por verificaci\u00f3n y confirmaci\u00f3n de detalles de tarjetas de d\u00e9bito o cr\u00e9dito. Dicho desembolso ser\u00e1 reintegrado al cliente una vez se haya comprobado la veracidad de la informaci\u00f3n pertinente. Esta tarifa no aplica si utilizas el m\u00e9todo de pago Paypal.\t\t\t\t\t\t\t\t\t\t\t\t<\/div>\n\t\t\t\t\t\t\t<\/div>\n\t\t<\/div>\n\t\t\t\t<\/div>\n\t\t\t\t<\/div>\n\t\t\t\t<\/div>\n\t\t\t\t\t<\/div>\n\t\t\t\t<\/div>\n\t\t\t\t<\/div>\n\t\t","protected":false},"excerpt":{"rendered":"<p>Compra Segura Compra R\u00e1pida Compra C\u00f3moda Nuestro Sitio Web cumple con todas las normas de seguridad que necesitas. Tus datos se mantendr\u00e1n bajo estricta confidencialidad LaCuracaOnline.com usa un sistema de seguridad llamado SSL (Secure Socket Layer), que actualmente es el est\u00e1ndar usado por las compa\u00f1\u00edas m\u00e1s importantes del mundo para realizar transacciones electr\u00f3nicas seguras, lo [&#038;hellip&#8230;<\/p>\n","protected":false},"author":1,"featured_media":0,"parent":0,"menu_order":0,"comment_status":"closed","ping_status":"closed","template":"","meta":{"footnotes":""},"class_list":["post-754","page","type-page","status-publish","hentry"],"_links":{"self":[{"href":"https:\/\/servicios.unicomer.com\/lacuracaonline\/wp-json\/wp\/v2\/pages\/754","targetHints":{"allow":["GET"]}}],"collection":[{"href":"https:\/\/servicios.unicomer.com\/lacuracaonline\/wp-json\/wp\/v2\/pages"}],"about":[{"href":"https:\/\/servicios.unicomer.com\/lacuracaonline\/wp-json\/wp\/v2\/types\/page"}],"author":[{"embeddable":true,"href":"https:\/\/servicios.unicomer.com\/lacuracaonline\/wp-json\/wp\/v2\/users\/1"}],"replies":[{"embeddable":true,"href":"https:\/\/servicios.unicomer.com\/lacuracaonline\/wp-json\/wp\/v2\/comments?post=754"}],"version-history":[{"count":0,"href":"https:\/\/servicios.unicomer.com\/lacuracaonline\/wp-json\/wp\/v2\/pages\/754\/revisions"}],"wp:attachment":[{"href":"https:\/\/servicios.unicomer.com\/lacuracaonline\/wp-json\/wp\/v2\/media?parent=754"}],"curies":[{"name":"wp","href":"https:\/\/api.w.org\/{rel}","templated":true}]}}