{"id":2803,"date":"2026-04-08T04:27:15","date_gmt":"2026-04-08T02:27:15","guid":{"rendered":"https:\/\/servicios.unicomer.com\/lacuracaonline\/?page_id=2803"},"modified":"2026-04-08T04:27:51","modified_gmt":"2026-04-08T02:27:51","slug":"ventas-corporativas-hn","status":"publish","type":"page","link":"https:\/\/servicios.unicomer.com\/lacuracaonline\/ventas-corporativas-hn\/","title":{"rendered":"Ventas corporativas HN"},"content":{"rendered":"\t\t<div data-elementor-type=\"wp-page\" data-elementor-id=\"2803\" class=\"elementor elementor-2803\" data-elementor-post-type=\"page\">\n\t\t\t\t<div class=\"elementor-element elementor-element-3c308ca e-flex e-con-boxed rael-particle-no e-con e-parent\" data-id=\"3c308ca\" data-element_type=\"container\" data-e-type=\"container\" data-settings=\"{&quot;background_background&quot;:&quot;gradient&quot;,&quot;rae_animations_entrance&quot;:&quot;none&quot;}\">\n\t\t\t\t\t<div class=\"e-con-inner\">\n\t\t<div class=\"elementor-element elementor-element-4480529 e-con-full e-flex rael-particle-no e-con e-child\" data-id=\"4480529\" data-element_type=\"container\" data-e-type=\"container\" data-settings=\"{&quot;rae_animations_entrance&quot;:&quot;none&quot;}\">\n\t\t\t\t<div class=\"elementor-element elementor-element-bb8dd0d elementor-widget elementor-widget-image\" data-id=\"bb8dd0d\" data-element_type=\"widget\" data-e-type=\"widget\" data-widget_type=\"image.default\">\n\t\t\t\t<div class=\"elementor-widget-container\">\n\t\t\t\t\t\t\t\t\t\t\t\t\t\t\t<img decoding=\"async\" width=\"236\" height=\"36\" src=\"https:\/\/servicios.unicomer.com\/lacuracaonline\/wp-content\/uploads\/sites\/2\/2026\/01\/Group.png\" class=\"attachment-large size-large wp-image-2067\" alt=\"\" \/>\t\t\t\t\t\t\t\t\t\t\t\t\t\t\t<\/div>\n\t\t\t\t<\/div>\n\t\t\t\t<div class=\"elementor-element elementor-element-c23e3ed elementor-widget elementor-widget-heading\" data-id=\"c23e3ed\" data-element_type=\"widget\" data-e-type=\"widget\" data-widget_type=\"heading.default\">\n\t\t\t\t<div class=\"elementor-widget-container\">\n\t\t\t\t\t<h2 class=\"elementor-heading-title elementor-size-default\">Servicio a empresas<\/h2>\t\t\t\t<\/div>\n\t\t\t\t<\/div>\n\t\t\t\t<\/div>\n\t\t\t\t\t<\/div>\n\t\t\t\t<\/div>\n\t\t<div class=\"elementor-element elementor-element-7ed4fee3 e-flex e-con-boxed rael-particle-no e-con e-parent\" data-id=\"7ed4fee3\" data-element_type=\"container\" data-e-type=\"container\" data-settings=\"{&quot;rae_animations_entrance&quot;:&quot;none&quot;}\">\n\t\t\t\t\t<div class=\"e-con-inner\">\n\t\t\t\t<div class=\"elementor-element elementor-element-92581d1 elementor-widget elementor-widget-text-editor\" data-id=\"92581d1\" data-element_type=\"widget\" data-e-type=\"widget\" data-widget_type=\"text-editor.default\">\n\t\t\t\t<div class=\"elementor-widget-container\">\n\t\t\t\t\t\t\t\t\t<p>    <!-- Estilos cr\u00edticos inline para mejorar FCP y evitar layout shifts --><\/p>\n<style>\n        .solicitudes-form-container{max-width:800px;margin:0 auto;padding:20px}\n        .solicitudes-form{background:#fff;padding:30px;border-radius:8px;box-shadow:0 2px 10px rgba(0,0,0,.08)}\n        .form-row{display:grid;grid-template-columns:1fr 1fr;gap:20px;margin-bottom:20px}\n        .form-col.full-width{grid-column:1\/-1}\n        .form-control{width:100%;padding:12px 15px;font-size:14px;border:1px solid #d0d5dd;border-radius:5px;background-color:#f9fafb;box-sizing:border-box;transition:all .2s ease}\n        .btn-submit{padding:14px 40px;font-size:16px;font-weight:600;min-width:200px;border:none;border-radius:5px;cursor:pointer;transition:all .3s ease}\n        @media(max-width:768px){.form-row{grid-template-columns:1fr;gap:15px}.btn-submit{width:100%;min-width:unset}}\n    <\/style>\n<div class=\"solicitudes-form-container\">\n<div class=\"solicitudes-form-messages\" role=\"alert\" aria-live=\"polite\"><\/div>\n<form id=\"solicitudes-corporativas-form\" class=\"solicitudes-form\" method=\"post\" novalidate><input type=\"hidden\" id=\"solicitudes_nonce\" name=\"solicitudes_nonce\" value=\"ca2ad696db\" \/><input type=\"hidden\" name=\"_wp_http_referer\" value=\"\/lacuracaonline\/wp-json\/wp\/v2\/pages\/2803\" \/><!-- Campo oculto para el pa\u00eds --><input type=\"hidden\" name=\"pais\" value=\"Honduras\"><\/p>\n<h2 class=\"form-title\">Formulario de solicitud<\/h2>\n<div class=\"form-row\">\n<div class=\"form-col full-width\"><label for=\"tipo_solicitud\">Tipo de solicitud <span class=\"required\">*<\/span><\/label><select name=\"tipo_solicitud\" id=\"tipo_solicitud\" class=\"form-control\" required><option value=\"\">Selecciona una opci\u00f3n<\/option><option value=\"Soporte\">Soporte<\/option><option value=\"Consulta\">Consulta<\/option><option value=\"Otro\">Otro<\/option><\/select><\/div>\n<\/div>\n<div class=\"form-row\">\n<div class=\"form-col\"><label for=\"motivo_solicitud\">Motivo de solicitud <span class=\"required\">*<\/span><\/label><input type=\"text\" name=\"motivo_solicitud\" id=\"motivo_solicitud\" class=\"form-control\" required><\/div>\n<div class=\"form-col\"><label for=\"nombre_empresa\">Nombre de empresa <span class=\"required\">*<\/span><\/label><input type=\"text\" name=\"nombre_empresa\" id=\"nombre_empresa\" class=\"form-control\" required><\/div>\n<\/div>\n<div class=\"form-row\">\n<div class=\"form-col\"><label for=\"nombre_contacto\">Nombre de contacto <span class=\"required\">*<\/span><\/label><input type=\"text\" name=\"nombre_contacto\" id=\"nombre_contacto\" class=\"form-control\" required><\/div>\n<div class=\"form-col\"><label for=\"cargo_empresa\">Cargo en la empresa <span class=\"required\">*<\/span><\/label><input type=\"text\" name=\"cargo_empresa\" id=\"cargo_empresa\" class=\"form-control\" required><\/div>\n<\/div>\n<div class=\"form-row\">\n<div class=\"form-col\"><label for=\"numero_celular\">Numero de celular <span class=\"required\">*<\/span><\/label><\/p>\n<div class=\"phone-group\"><input type=\"text\" id=\"area-code-celular\" class=\"area-input\" readonly value=\"+504\"><input type=\"tel\" name=\"numero_celular\" id=\"numero_celular\" class=\"form-control phone-input\" placeholder=\"0000 0000\" required><\/div>\n<\/div>\n<div class=\"form-col\"><label for=\"numero_telefono\">Numero de tel\u00e9fono fijo (opcional)<\/label><\/p>\n<div class=\"phone-group\"><input type=\"text\" id=\"area-code-telefono\" class=\"area-input\" readonly value=\"+504\"><input type=\"tel\" name=\"numero_telefono\" id=\"numero_telefono\" class=\"form-control phone-input\" placeholder=\"0000 0000\"><\/div>\n<\/div>\n<\/div>\n<div class=\"form-row\">\n<div class=\"form-col full-width\"><label for=\"correo_electronico\">Correo electr\u00f3nico <span class=\"required\">*<\/span><\/label><input type=\"email\" name=\"correo_electronico\" id=\"correo_electronico\" class=\"form-control\" required><\/div>\n<\/div>\n<div class=\"form-row\">\n<div class=\"form-col full-width\"><label for=\"direccion_empresa\">Direcci\u00f3n de la empresa <span class=\"required\">*<\/span><\/label><input type=\"text\" name=\"direccion_empresa\" id=\"direccion_empresa\" class=\"form-control\" required><\/div>\n<\/div>\n<div class=\"form-row\">\n<div class=\"form-col full-width\"><label for=\"descripcion_solicitud\">Descripci\u00f3n de solicitud <span class=\"required\">*<\/span><\/label><textarea name=\"descripcion_solicitud\" id=\"descripcion_solicitud\" class=\"form-control textarea-control\" rows=\"6\" required><\/textarea><\/div>\n<\/div>\n<div class=\"form-row\">\n<div class=\"form-col full-width\"><button type=\"submit\" class=\"btn-submit\" style=\"background-color: #0066cc; color: #ffffff;\">Enviar<\/button><\/div>\n<\/div>\n<\/form>\n<\/div>\n<p><!-- Modal de \u00c9xito --><\/p>\n<div class=\"solicitudes-modal-overlay\" id=\"solicitudes-success-modal\" role=\"dialog\" aria-modal=\"true\" aria-labelledby=\"modal-title\">\n<div class=\"solicitudes-modal\"><button type=\"button\" class=\"solicitudes-modal-close\" aria-label=\"Cerrar modal\"><br \/>\n                \u00d7<br \/>\n            <\/button><\/p>\n<div class=\"solicitudes-modal-icon\"><svg viewBox=\"0 0 52 52\" xmlns=\"http:\/\/www.w3.org\/2000\/svg\"><polyline points=\"14 27 22 35 38 19\"\/><\/svg><\/div>\n<h2 class=\"solicitudes-modal-title\" id=\"modal-title\">\n                Tu solicitud fue recibida con \u00e9xito<br \/>\n            <\/h2>\n<p class=\"solicitudes-modal-message\">\n                Gracias por compartir tu informaci\u00f3n. Nuestro equipo comercial revisar\u00e1 tu solicitud y se pondr\u00e1 en contacto contigo lo antes posible.\n            <\/p>\n<\/div>\n<\/div>\n\t\t\t\t\t\t\t\t<\/div>\n\t\t\t\t<\/div>\n\t\t\t\t\t<\/div>\n\t\t\t\t<\/div>\n\t\t\t\t<\/div>\n\t\t","protected":false},"excerpt":{"rendered":"<p>Servicio a empresas&#8230;<\/p>\n","protected":false},"author":1,"featured_media":0,"parent":0,"menu_order":0,"comment_status":"closed","ping_status":"closed","template":"elementor_canvas","meta":{"footnotes":""},"class_list":["post-2803","page","type-page","status-publish","hentry"],"_links":{"self":[{"href":"https:\/\/servicios.unicomer.com\/lacuracaonline\/wp-json\/wp\/v2\/pages\/2803","targetHints":{"allow":["GET"]}}],"collection":[{"href":"https:\/\/servicios.unicomer.com\/lacuracaonline\/wp-json\/wp\/v2\/pages"}],"about":[{"href":"https:\/\/servicios.unicomer.com\/lacuracaonline\/wp-json\/wp\/v2\/types\/page"}],"author":[{"embeddable":true,"href":"https:\/\/servicios.unicomer.com\/lacuracaonline\/wp-json\/wp\/v2\/users\/1"}],"replies":[{"embeddable":true,"href":"https:\/\/servicios.unicomer.com\/lacuracaonline\/wp-json\/wp\/v2\/comments?post=2803"}],"version-history":[{"count":4,"href":"https:\/\/servicios.unicomer.com\/lacuracaonline\/wp-json\/wp\/v2\/pages\/2803\/revisions"}],"predecessor-version":[{"id":2808,"href":"https:\/\/servicios.unicomer.com\/lacuracaonline\/wp-json\/wp\/v2\/pages\/2803\/revisions\/2808"}],"wp:attachment":[{"href":"https:\/\/servicios.unicomer.com\/lacuracaonline\/wp-json\/wp\/v2\/media?parent=2803"}],"curies":[{"name":"wp","href":"https:\/\/api.w.org\/{rel}","templated":true}]}}