{"id":17,"date":"2025-04-08T01:05:21","date_gmt":"2025-04-07T23:05:21","guid":{"rendered":"http:\/\/lacuracaonline.test\/?page_id=17"},"modified":"2026-01-23T05:52:55","modified_gmt":"2026-01-23T04:52:55","slug":"rastrea-tu-pedido","status":"publish","type":"page","link":"https:\/\/servicios.unicomer.com\/lacuracaonline\/rastrea-tu-pedido\/","title":{"rendered":"Rastrea tu pedido"},"content":{"rendered":"\t\t<div data-elementor-type=\"wp-page\" data-elementor-id=\"17\" class=\"elementor elementor-17\" data-elementor-post-type=\"page\">\n\t\t\t\t<div class=\"elementor-element elementor-element-cba38b6 e-flex e-con-boxed rael-particle-no e-con e-parent\" data-id=\"cba38b6\" data-element_type=\"container\" data-e-type=\"container\" data-settings=\"{&quot;rae_animations_entrance&quot;:&quot;none&quot;}\">\n\t\t\t\t\t<div class=\"e-con-inner\">\n\t\t<div class=\"elementor-element elementor-element-e08a5dd e-con-full e-flex rael-particle-no e-con e-child\" data-id=\"e08a5dd\" data-element_type=\"container\" data-e-type=\"container\" data-settings=\"{&quot;rae_animations_entrance&quot;:&quot;none&quot;}\">\n\t\t\t\t<div class=\"elementor-element elementor-element-6b8aac2 elementor-widget elementor-widget-heading\" data-id=\"6b8aac2\" data-element_type=\"widget\" data-e-type=\"widget\" data-widget_type=\"heading.default\">\n\t\t\t\t<div class=\"elementor-widget-container\">\n\t\t\t\t\t<h2 class=\"elementor-heading-title elementor-size-default\"><span class=\"btn-primary-back fs-14px\" id=\"btn_go_back\"><i class=\"fas fa-chevron-left me-2\"><\/i> Regresar<\/span><\/h2>\t\t\t\t<\/div>\n\t\t\t\t<\/div>\n\t\t\t\t<\/div>\n\t\t<div class=\"elementor-element elementor-element-741696c e-con-full tracking-container e-flex rael-particle-no e-con e-child\" data-id=\"741696c\" data-element_type=\"container\" data-e-type=\"container\" data-settings=\"{&quot;rae_animations_entrance&quot;:&quot;none&quot;}\">\n\t\t<div class=\"elementor-element elementor-element-d54c67e e-con-full e-flex rael-particle-no e-con e-child\" data-id=\"d54c67e\" data-element_type=\"container\" data-e-type=\"container\" data-settings=\"{&quot;rae_animations_entrance&quot;:&quot;none&quot;}\">\n\t\t<div class=\"elementor-element elementor-element-c39210e e-con-full e-flex rael-particle-no e-con e-child\" data-id=\"c39210e\" data-element_type=\"container\" data-e-type=\"container\" data-settings=\"{&quot;rae_animations_entrance&quot;:&quot;none&quot;}\">\n\t\t\t\t<div class=\"elementor-element elementor-element-8dcd6b7 elementor-widget-mobile__width-initial elementor-widget elementor-widget-image\" data-id=\"8dcd6b7\" data-element_type=\"widget\" data-e-type=\"widget\" data-widget_type=\"image.default\">\n\t\t\t\t<div class=\"elementor-widget-container\">\n\t\t\t\t\t\t\t\t\t\t\t\t\t\t\t<img fetchpriority=\"high\" decoding=\"async\" width=\"296\" height=\"246\" src=\"https:\/\/servicios.unicomer.com\/lacuracaonline\/wp-content\/uploads\/sites\/2\/2025\/08\/rastrea_tu_pedido.png\" class=\"attachment-large size-large wp-image-1683\" alt=\"\" \/>\t\t\t\t\t\t\t\t\t\t\t\t\t\t\t<\/div>\n\t\t\t\t<\/div>\n\t\t\t\t<\/div>\n\t\t<div class=\"elementor-element elementor-element-888aea1 e-con-full e-flex rael-particle-no e-con e-child\" data-id=\"888aea1\" data-element_type=\"container\" data-e-type=\"container\" data-settings=\"{&quot;rae_animations_entrance&quot;:&quot;none&quot;}\">\n\t\t\t\t<div class=\"elementor-element elementor-element-130726b elementor-widget elementor-widget-image\" data-id=\"130726b\" data-element_type=\"widget\" data-e-type=\"widget\" data-widget_type=\"image.default\">\n\t\t\t\t<div class=\"elementor-widget-container\">\n\t\t\t\t\t\t\t\t\t\t\t\t\t\t\t<img loading=\"lazy\" decoding=\"async\" width=\"63\" height=\"71\" src=\"https:\/\/servicios.unicomer.com\/lacuracaonline\/wp-content\/uploads\/sites\/2\/2025\/08\/buscar_paquete_lupa.png\" class=\"attachment-large size-large wp-image-1684\" alt=\"\" loading=\"lazy\" \/>\t\t\t\t\t\t\t\t\t\t\t\t\t\t\t<\/div>\n\t\t\t\t<\/div>\n\t\t\t\t<\/div>\n\t\t\t\t<\/div>\n\t\t<div class=\"elementor-element elementor-element-962c276 e-con-full e-flex rael-particle-no e-con e-child\" data-id=\"962c276\" data-element_type=\"container\" data-e-type=\"container\" data-settings=\"{&quot;rae_animations_entrance&quot;:&quot;none&quot;}\">\n\t\t\t\t<div class=\"elementor-element elementor-element-efdd583 elementor-widget elementor-widget-heading\" data-id=\"efdd583\" data-element_type=\"widget\" data-e-type=\"widget\" data-widget_type=\"heading.default\">\n\t\t\t\t<div class=\"elementor-widget-container\">\n\t\t\t\t\t<h2 class=\"elementor-heading-title elementor-size-default\">Rastrea tu pedido en l\u00ednea<\/h2>\t\t\t\t<\/div>\n\t\t\t\t<\/div>\n\t\t\t\t<div class=\"elementor-element elementor-element-d54531d elementor-widget elementor-widget-heading\" data-id=\"d54531d\" data-element_type=\"widget\" data-e-type=\"widget\" data-widget_type=\"heading.default\">\n\t\t\t\t<div class=\"elementor-widget-container\">\n\t\t\t\t\t<p class=\"elementor-heading-title elementor-size-default\">\u00a1Rastrear tu pedido nunca fue tan f\u00e1cil! Ahora lo puedes hacer en tiempo real, est\u00e9s donde est\u00e9s<\/p>\t\t\t\t<\/div>\n\t\t\t\t<\/div>\n\t\t\t\t<\/div>\n\t\t\t\t<\/div>\n\t\t<div class=\"elementor-element elementor-element-5ca283c e-con-full e-flex rael-particle-no e-con e-child\" data-id=\"5ca283c\" data-element_type=\"container\" data-e-type=\"container\" data-settings=\"{&quot;rae_animations_entrance&quot;:&quot;none&quot;}\">\n\t\t<div class=\"elementor-element elementor-element-e6c6651 e-con-full elementor-hidden-desktop elementor-hidden-tablet elementor-hidden-mobile e-flex rael-particle-no e-con e-child\" data-id=\"e6c6651\" data-element_type=\"container\" data-e-type=\"container\" data-settings=\"{&quot;rae_animations_entrance&quot;:&quot;none&quot;}\">\n\t\t\t\t<div class=\"elementor-element elementor-element-6e0126a elementor-hidden-tablet elementor-hidden-mobile elementor-widget elementor-widget-image\" data-id=\"6e0126a\" data-element_type=\"widget\" data-e-type=\"widget\" data-widget_type=\"image.default\">\n\t\t\t\t<div class=\"elementor-widget-container\">\n\t\t\t\t\t\t\t\t\t\t\t\t\t\t\t<img loading=\"lazy\" decoding=\"async\" width=\"2060\" height=\"238\" src=\"https:\/\/servicios.unicomer.com\/lacuracaonline\/wp-content\/uploads\/sites\/2\/2025\/11\/LCOP_AVISO__DESKTOP.jpg\" class=\"attachment-full size-full wp-image-2050\" alt=\"\" srcset=\"https:\/\/servicios.unicomer.com\/lacuracaonline\/wp-content\/uploads\/sites\/2\/2025\/11\/LCOP_AVISO__DESKTOP.jpg 2060w, https:\/\/servicios.unicomer.com\/lacuracaonline\/wp-content\/uploads\/sites\/2\/2025\/11\/LCOP_AVISO__DESKTOP-300x35.jpg 300w, https:\/\/servicios.unicomer.com\/lacuracaonline\/wp-content\/uploads\/sites\/2\/2025\/11\/LCOP_AVISO__DESKTOP-1024x118.jpg 1024w, https:\/\/servicios.unicomer.com\/lacuracaonline\/wp-content\/uploads\/sites\/2\/2025\/11\/LCOP_AVISO__DESKTOP-768x89.jpg 768w, https:\/\/servicios.unicomer.com\/lacuracaonline\/wp-content\/uploads\/sites\/2\/2025\/11\/LCOP_AVISO__DESKTOP-1536x177.jpg 1536w, https:\/\/servicios.unicomer.com\/lacuracaonline\/wp-content\/uploads\/sites\/2\/2025\/11\/LCOP_AVISO__DESKTOP-2048x237.jpg 2048w\" sizes=\"auto, (max-width: 2060px) 100vw, 2060px\" loading=\"lazy\" \/>\t\t\t\t\t\t\t\t\t\t\t\t\t\t\t<\/div>\n\t\t\t\t<\/div>\n\t\t\t\t<div class=\"elementor-element elementor-element-a906524 elementor-hidden-desktop elementor-hidden-mobile elementor-widget elementor-widget-image\" data-id=\"a906524\" data-element_type=\"widget\" data-e-type=\"widget\" data-widget_type=\"image.default\">\n\t\t\t\t<div class=\"elementor-widget-container\">\n\t\t\t\t\t\t\t\t\t\t\t\t\t\t\t<img loading=\"lazy\" decoding=\"async\" width=\"1800\" height=\"238\" src=\"https:\/\/servicios.unicomer.com\/lacuracaonline\/wp-content\/uploads\/sites\/2\/2025\/11\/LCO_AVISO_TABLET.jpg\" class=\"attachment-full size-full wp-image-2049\" alt=\"\" srcset=\"https:\/\/servicios.unicomer.com\/lacuracaonline\/wp-content\/uploads\/sites\/2\/2025\/11\/LCO_AVISO_TABLET.jpg 1800w, https:\/\/servicios.unicomer.com\/lacuracaonline\/wp-content\/uploads\/sites\/2\/2025\/11\/LCO_AVISO_TABLET-300x40.jpg 300w, https:\/\/servicios.unicomer.com\/lacuracaonline\/wp-content\/uploads\/sites\/2\/2025\/11\/LCO_AVISO_TABLET-1024x135.jpg 1024w, https:\/\/servicios.unicomer.com\/lacuracaonline\/wp-content\/uploads\/sites\/2\/2025\/11\/LCO_AVISO_TABLET-768x102.jpg 768w, https:\/\/servicios.unicomer.com\/lacuracaonline\/wp-content\/uploads\/sites\/2\/2025\/11\/LCO_AVISO_TABLET-1536x203.jpg 1536w\" sizes=\"auto, (max-width: 1800px) 100vw, 1800px\" loading=\"lazy\" \/>\t\t\t\t\t\t\t\t\t\t\t\t\t\t\t<\/div>\n\t\t\t\t<\/div>\n\t\t\t\t<div class=\"elementor-element elementor-element-d208f62 elementor-hidden-desktop elementor-hidden-tablet elementor-widget elementor-widget-image\" data-id=\"d208f62\" data-element_type=\"widget\" data-e-type=\"widget\" data-widget_type=\"image.default\">\n\t\t\t\t<div class=\"elementor-widget-container\">\n\t\t\t\t\t\t\t\t\t\t\t\t\t\t\t<img loading=\"lazy\" decoding=\"async\" width=\"780\" height=\"238\" src=\"https:\/\/servicios.unicomer.com\/lacuracaonline\/wp-content\/uploads\/sites\/2\/2025\/11\/LCO_AVISO_MOBILE.jpg\" class=\"attachment-full size-full wp-image-2048\" alt=\"\" srcset=\"https:\/\/servicios.unicomer.com\/lacuracaonline\/wp-content\/uploads\/sites\/2\/2025\/11\/LCO_AVISO_MOBILE.jpg 780w, https:\/\/servicios.unicomer.com\/lacuracaonline\/wp-content\/uploads\/sites\/2\/2025\/11\/LCO_AVISO_MOBILE-300x92.jpg 300w, https:\/\/servicios.unicomer.com\/lacuracaonline\/wp-content\/uploads\/sites\/2\/2025\/11\/LCO_AVISO_MOBILE-768x234.jpg 768w\" sizes=\"auto, (max-width: 780px) 100vw, 780px\" loading=\"lazy\" \/>\t\t\t\t\t\t\t\t\t\t\t\t\t\t\t<\/div>\n\t\t\t\t<\/div>\n\t\t\t\t<\/div>\n\t\t\t\t<div class=\"elementor-element elementor-element-55159f0 elementor-widget elementor-widget-shortcode\" data-id=\"55159f0\" data-element_type=\"widget\" data-e-type=\"widget\" data-widget_type=\"shortcode.default\">\n\t\t\t\t<div class=\"elementor-widget-container\">\n\t\t\t\t\t\t\t<div class=\"elementor-shortcode\">    <div class=\"track-your-order\">\n        <div class=\"container\">\n            <div class=\"row\">\n                <div class=\"col-md-12 tracking-container\">\n                    <p class=\"error-tracking d-none fs-14px mb-0\">Error: El pedido es incorrecto o no se encuentra registrado. Por favor, verifica los datos o intenta nuevamente.<\/p>\n                    <p class=\"number-invoice-description d-block d-lg-none mt-1 mb-1\">N\u00b0 de Pedido o Factura<\/p>\n\n                    <form class=\"track-your-item-form row align-items-center align-items-sm-center align-items-md-center align-items-lg-center align-items-xl-end justify-content-between\" action=\"https:\/\/servicios.unicomer.com\/lacuracaonline\/wp-admin\/admin-ajax.php\" method=\"GET\">\n                        <input type=\"hidden\" name=\"first_color\" value=\"#0021C7\">\n                        <input type=\"hidden\" name=\"second_color\" value=\"#123375\">\n\n                        <div class=\"row col-12 col-lg-10 p-0\">\n                            <div class=\"col-4 col-lg-3\">\n                                <label class=\"label-country d-flex align-items-center d-none d-lg-block fw-600 mb-2\" for=\"country\">\n                                    Selecciona tu pa\u00eds\n                                <\/label>\n                                <select class=\"select-country\" name=\"country\">\n                                                                            <option value=\"SV\"  selected='selected'>El Salvador<\/option>\n                                                                            <option value=\"GT\" >Guatemala<\/option>\n                                                                            <option value=\"HN\" >Honduras<\/option>\n                                                                            <option value=\"NI\" >Nicaragua<\/option>\n                                                                    <\/select>\n                            <\/div>\n                            <div class=\"col-8 col-lg\">\n                                <label class=\"label-order-number d-none d-lg-block fw-600 mb-2\" for=\"order_number\">\n                                    N\u00b0 de Pedido o Factura\n                                <\/label>\n                                <input class=\"track-order-input\" type=\"text\" name=\"order_number\" required placeholder=\"xxxxxxxxxx\">\n                            <\/div>\n                        <\/div>\n                        <p class=\"indications d-block d-lg-none m-0\">Ingresa el n\u00famero de pedido y\/o factura que recibiste al momento de tu compra.<\/p>\n                        <div class=\"col-7 col-lg-2\">\n                            <button class=\"track-order-submit w-100\" style=\"background-color: #0021C7 !important;\" type=\"submit\">Buscar<\/button>\n                        <\/div>\n                    <\/form>\n                    <div class=\"row\">\n                        <div class=\"row col-12 col-lg-10 p-0\">\n                            <div class=\"col-4 col-lg-3\">\n                            <\/div>\n                            <div class=\"col-8 col-lg\">\n                                <p class=\"indications d-none d-lg-block ms-2\">Ingresa el n\u00famero de pedido y\/o factura que recibiste al momento de tu compra.<\/p>\n                            <\/div>\n                        <\/div>\n                    <\/div>\n                <\/div>\n            <\/div>\n            <div class=\"tracking-result d-none\">\n                <p class=\"my-0 fw-700\">Mi pedido: <span class=\"tracking-id tc-blue\" style=\"color: #0021C7 !important;\"><\/span><\/p>\n                <p class=\"mt-1 mb-0\">Estado:<\/p>\n                <div class=\"\" id=\"progress-steps\">\n\n                <\/div>\n            <\/div>\n        <\/div>\n    <\/div>\n\n    <div class=\"order-info bg-blue mt-4 d-none\">\n\n    <\/div>\n\n    <div class=\"track-order-details mt-4 d-none\">\n        <div class=\"container\">\n            <div class=\"row\">\n                <div class=\"col-md-4\">\n                    <p class=\"fw-700 fs-20px m-0\">Detalle del pedido<\/p>\n                    <div class=\"progress-detail-orders mh-container-30\">\n\n                    <\/div>\n                <\/div>\n                <div class=\"col-md-8\">\n                    <p class=\"fw-700 fs-20px mt-0\">Tus productos<\/p>\n                    <div class=\"progress-products-details mh-container-30\">\n                    <\/div>\n                <\/div>\n            <\/div>\n        <\/div>\n    <\/div>\n<\/div>\n\t\t\t\t\t\t<\/div>\n\t\t\t\t<\/div>\n\t\t\t\t<\/div>\n\t\t\t\t\t<\/div>\n\t\t\t\t<\/div>\n\t\t<div class=\"elementor-element elementor-element-bb53ef4 e-flex e-con-boxed rael-particle-no e-con e-parent\" data-id=\"bb53ef4\" data-element_type=\"container\" data-e-type=\"container\" data-settings=\"{&quot;rae_animations_entrance&quot;:&quot;none&quot;}\">\n\t\t\t\t\t<div class=\"e-con-inner\">\n\t\t<div class=\"elementor-element elementor-element-4dc14b6 e-con-full contact-service-info e-flex rael-particle-no e-con e-child\" data-id=\"4dc14b6\" data-element_type=\"container\" data-e-type=\"container\" data-settings=\"{&quot;background_background&quot;:&quot;classic&quot;,&quot;rae_animations_entrance&quot;:&quot;none&quot;}\">\n\t\t\t\t<div class=\"elementor-element elementor-element-ba91275 elementor-widget elementor-widget-heading\" data-id=\"ba91275\" data-element_type=\"widget\" data-e-type=\"widget\" data-widget_type=\"heading.default\">\n\t\t\t\t<div class=\"elementor-widget-container\">\n\t\t\t\t\t<p class=\"elementor-heading-title elementor-size-default\">Para cualquier duda respecto a tu solicitud puedes comunicarte a nuestro servicio de atenci\u00f3n:<\/p>\t\t\t\t<\/div>\n\t\t\t\t<\/div>\n\t\t<div class=\"elementor-element elementor-element-3a544f9 e-con-full e-flex rael-particle-no e-con e-child\" data-id=\"3a544f9\" data-element_type=\"container\" data-e-type=\"container\" data-settings=\"{&quot;rae_animations_entrance&quot;:&quot;none&quot;}\">\n\t\t\t\t<div class=\"elementor-element elementor-element-d89480b elementor-widget elementor-widget-text-editor\" data-id=\"d89480b\" data-element_type=\"widget\" data-e-type=\"widget\" data-widget_type=\"text-editor.default\">\n\t\t\t\t<div class=\"elementor-widget-container\">\n\t\t\t\t\t\t\t\t\t<p>El Salvador\u00a0<a class=\"tc-blue\" href=\"tel:+50322091132\">+503 2209-1132<\/a><br \/><br \/>Guatemala\u00a0<a class=\"tc-blue\" href=\"tel:+50223605157\">+502 2360-5157<\/a><\/p>\t\t\t\t\t\t\t\t<\/div>\n\t\t\t\t<\/div>\n\t\t\t\t<div class=\"elementor-element elementor-element-51ce816 elementor-widget elementor-widget-text-editor\" data-id=\"51ce816\" data-element_type=\"widget\" data-e-type=\"widget\" data-widget_type=\"text-editor.default\">\n\t\t\t\t<div class=\"elementor-widget-container\">\n\t\t\t\t\t\t\t\t\t<p>Nicaragua\u00a0<a class=\"tc-blue\" href=\"tel:+50522091132\">+505 2209-1132<\/a><\/p><p>Honduras\u00a0<a class=\"tc-blue\" href=\"tel:+50423605157\">+504 2360-5157<\/a><\/p>\t\t\t\t\t\t\t\t<\/div>\n\t\t\t\t<\/div>\n\t\t\t\t<\/div>\n\t\t\t\t<\/div>\n\t\t<div class=\"elementor-element elementor-element-2630d6f e-con-full e-flex rael-particle-no e-con e-child\" data-id=\"2630d6f\" data-element_type=\"container\" data-e-type=\"container\" data-settings=\"{&quot;background_background&quot;:&quot;classic&quot;,&quot;rae_animations_entrance&quot;:&quot;none&quot;}\">\n\t\t\t\t<div class=\"elementor-element elementor-element-118beb9 elementor-widget elementor-widget-heading\" data-id=\"118beb9\" data-element_type=\"widget\" data-e-type=\"widget\" data-widget_type=\"heading.default\">\n\t\t\t\t<div class=\"elementor-widget-container\">\n\t\t\t\t\t<h2 class=\"elementor-heading-title elementor-size-default\">Preguntas frecuentes<\/h2>\t\t\t\t<\/div>\n\t\t\t\t<\/div>\n\t\t\t\t<div class=\"elementor-element elementor-element-8491696 align-at-right rael-faq-box-layout-yes elementor-widget elementor-widget-rael-faq\" data-id=\"8491696\" data-element_type=\"widget\" data-e-type=\"widget\" data-widget_type=\"rael-faq.default\">\n\t\t\t\t<div class=\"elementor-widget-container\">\n\t\t\t\t\t\n\t\t<div id='rael-faq-wrapper-139' class=\"rael-faq-wrapper\">\n\t\t\t<div class=\"rael-faq-container rael-faq-layout-accordion\" data-layout=\"accordion\">\n\t\t\t\t\t\t\t\t\t\t<div id=\"rael-accordion-ed37869\" class=\"rael-faq-accordion rael-active\" role=\"tablist\">\n\t\t\t\t\t\t\t<div class=\"rael-accordion-title\" aria-expanded=\"true\" role=\"tab\">\n\t\t\t\t\t\t\t\t<span class=\"rael-accordion-icon rael-accordion-icon-right\">\n\t\t\t\t\t\t\t\t\t<span class=\"rael-accordion-icon-closed\"><svg class=\"e-font-icon-svg e-fas-angle-right\" viewBox=\"0 0 256 512\" xmlns=\"http:\/\/www.w3.org\/2000\/svg\"><path d=\"M224.3 273l-136 136c-9.4 9.4-24.6 9.4-33.9 0l-22.6-22.6c-9.4-9.4-9.4-24.6 0-33.9l96.4-96.4-96.4-96.4c-9.4-9.4-9.4-24.6 0-33.9L54.3 103c9.4-9.4 24.6-9.4 33.9 0l136 136c9.5 9.4 9.5 24.6.1 34z\"><\/path><\/svg><\/span>\n\t\t\t\t\t\t\t\t\t<span class=\"rael-accordion-icon-opened\"><svg class=\"e-font-icon-svg e-fas-angle-up\" viewBox=\"0 0 320 512\" xmlns=\"http:\/\/www.w3.org\/2000\/svg\"><path d=\"M177 159.7l136 136c9.4 9.4 9.4 24.6 0 33.9l-22.6 22.6c-9.4 9.4-24.6 9.4-33.9 0L160 255.9l-96.4 96.4c-9.4 9.4-24.6 9.4-33.9 0L7 329.7c-9.4-9.4-9.4-24.6 0-33.9l136-136c9.4-9.5 24.6-9.5 34-.1z\"><\/path><\/svg><\/span>\n\t\t\t\t\t\t\t\t<\/span>\n\t\t\t\t\t\t\t\t<span class=\"rael-question-ed37869 rael-question-span\" tabindex=\"0\">\n\t\t\t\t\t\t\t\t\t\t\t\t\t\t\t\t\t\t\u00bfC\u00f3mo puedo saber mi n\u00famero de pedido?\t\t\t\t\t\t\t\t<\/span>\n\t\t\t\t\t\t\t<\/div>\n\t\t\t\t\t\t\t\t\t\t\t\t\t\t<div class=\"rael-accordion-content\" role=\"tabpanel\" style=\"display:block;\">\n\t\t\t\t\t\t\t\t<span>\n\n\t\t\t\t\t\t\t\t\t<span><p>Al momento de tu compra en l\u00ednea, estaremos enviandote a tu correo el n\u00famero de pedido en la confirmaci\u00f3n de compra, la cual podr\u00e1s utilizar para dar seguimiento a tus productos.<\/p><\/span>\t\t\t\t\t\t\t\t<\/span>\n\t\t\t\t\t\t\t<\/div>\n\t\t\t\t\t\t<\/div>\n\t\t\t\t\t\t\t\t\t\t<div id=\"rael-accordion-fdb1d75\" class=\"rael-faq-accordion rael-active\" role=\"tablist\">\n\t\t\t\t\t\t\t<div class=\"rael-accordion-title\" aria-expanded=\"true\" role=\"tab\">\n\t\t\t\t\t\t\t\t<span class=\"rael-accordion-icon rael-accordion-icon-right\">\n\t\t\t\t\t\t\t\t\t<span class=\"rael-accordion-icon-closed\"><svg class=\"e-font-icon-svg e-fas-angle-right\" viewBox=\"0 0 256 512\" xmlns=\"http:\/\/www.w3.org\/2000\/svg\"><path d=\"M224.3 273l-136 136c-9.4 9.4-24.6 9.4-33.9 0l-22.6-22.6c-9.4-9.4-9.4-24.6 0-33.9l96.4-96.4-96.4-96.4c-9.4-9.4-9.4-24.6 0-33.9L54.3 103c9.4-9.4 24.6-9.4 33.9 0l136 136c9.5 9.4 9.5 24.6.1 34z\"><\/path><\/svg><\/span>\n\t\t\t\t\t\t\t\t\t<span class=\"rael-accordion-icon-opened\"><svg class=\"e-font-icon-svg e-fas-angle-up\" viewBox=\"0 0 320 512\" xmlns=\"http:\/\/www.w3.org\/2000\/svg\"><path d=\"M177 159.7l136 136c9.4 9.4 9.4 24.6 0 33.9l-22.6 22.6c-9.4 9.4-24.6 9.4-33.9 0L160 255.9l-96.4 96.4c-9.4 9.4-24.6 9.4-33.9 0L7 329.7c-9.4-9.4-9.4-24.6 0-33.9l136-136c9.4-9.5 24.6-9.5 34-.1z\"><\/path><\/svg><\/span>\n\t\t\t\t\t\t\t\t<\/span>\n\t\t\t\t\t\t\t\t<span class=\"rael-question-fdb1d75 rael-question-span\" tabindex=\"0\">\n\t\t\t\t\t\t\t\t\t\t\t\t\t\t\t\t\t\t\u00bfCu\u00e1nto tiempo demora mi pedido?\t\t\t\t\t\t\t\t<\/span>\n\t\t\t\t\t\t\t<\/div>\n\t\t\t\t\t\t\t\t\t\t\t\t\t\t<div class=\"rael-accordion-content\" role=\"tabpanel\" style=\"display:block;\">\n\t\t\t\t\t\t\t\t<span>\n\n\t\t\t\t\t\t\t\t\t<span><p>El tiempo de entrega var\u00eda seg\u00fan tu ubicaci\u00f3n y se indica durante el proceso de compra.<code class=\"_ca0qyh40 _u5f3m5ip _n3tdyh40 _19bvm5ip _2rko1sit _11c81u0j _1reo1wug _18m91wug _1dqoglyw _1e0c1nu9 _bfhktkvp _16d9qvcn _syaz1fxt _vwz41kw7 _1i4q1hna _o5721jtm\" data-renderer-mark=\"true\">\u00a0<\/code><br \/>Ten en cuenta que durante temporadas altas (como Black Friday o Navidad), los tiempos de entrega pueden extenderse.\u00a0<\/p><\/span>\t\t\t\t\t\t\t\t<\/span>\n\t\t\t\t\t\t\t<\/div>\n\t\t\t\t\t\t<\/div>\n\t\t\t\t\t\t\t\t\t\t<div id=\"rael-accordion-059018b\" class=\"rael-faq-accordion rael-active\" role=\"tablist\">\n\t\t\t\t\t\t\t<div class=\"rael-accordion-title\" aria-expanded=\"true\" role=\"tab\">\n\t\t\t\t\t\t\t\t<span class=\"rael-accordion-icon rael-accordion-icon-right\">\n\t\t\t\t\t\t\t\t\t<span class=\"rael-accordion-icon-closed\"><svg class=\"e-font-icon-svg e-fas-angle-right\" viewBox=\"0 0 256 512\" xmlns=\"http:\/\/www.w3.org\/2000\/svg\"><path d=\"M224.3 273l-136 136c-9.4 9.4-24.6 9.4-33.9 0l-22.6-22.6c-9.4-9.4-9.4-24.6 0-33.9l96.4-96.4-96.4-96.4c-9.4-9.4-9.4-24.6 0-33.9L54.3 103c9.4-9.4 24.6-9.4 33.9 0l136 136c9.5 9.4 9.5 24.6.1 34z\"><\/path><\/svg><\/span>\n\t\t\t\t\t\t\t\t\t<span class=\"rael-accordion-icon-opened\"><svg class=\"e-font-icon-svg e-fas-angle-up\" viewBox=\"0 0 320 512\" xmlns=\"http:\/\/www.w3.org\/2000\/svg\"><path d=\"M177 159.7l136 136c9.4 9.4 9.4 24.6 0 33.9l-22.6 22.6c-9.4 9.4-24.6 9.4-33.9 0L160 255.9l-96.4 96.4c-9.4 9.4-24.6 9.4-33.9 0L7 329.7c-9.4-9.4-9.4-24.6 0-33.9l136-136c9.4-9.5 24.6-9.5 34-.1z\"><\/path><\/svg><\/span>\n\t\t\t\t\t\t\t\t<\/span>\n\t\t\t\t\t\t\t\t<span class=\"rael-question-059018b rael-question-span\" tabindex=\"0\">\n\t\t\t\t\t\t\t\t\t\t\t\t\t\t\t\t\t\tPerd\u00ed mi factura, \u00bfc\u00f3mo puedo consultar el estado de mi orden? \t\t\t\t\t\t\t\t<\/span>\n\t\t\t\t\t\t\t<\/div>\n\t\t\t\t\t\t\t\t\t\t\t\t\t\t<div class=\"rael-accordion-content\" role=\"tabpanel\" style=\"display:block;\">\n\t\t\t\t\t\t\t\t<span>\n\n\t\t\t\t\t\t\t\t\t<span><p>Puedes revisar tu correo de <strong data-renderer-mark=\"true\">confirmaci\u00f3n de pedido<\/strong>, donde encontrar\u00e1s tu n\u00famero de orden. Con ese n\u00famero, puedes rastrear tu pedido desde nuestro sitio.<code class=\"_ca0qyh40 _u5f3m5ip _n3tdyh40 _19bvm5ip _2rko1sit _11c81u0j _1reo1wug _18m91wug _1dqoglyw _1e0c1nu9 _bfhktkvp _16d9qvcn _syaz1fxt _vwz41kw7 _1i4q1hna _o5721jtm\" data-renderer-mark=\"true\">\u00a0<\/code><br \/>\u00bfNecesitas m\u00e1s ayuda? Escr\u00edbenos al n\u00famero de WhatsApp de tu localidad, lo puedes encontrar en nuestra p\u00e1gina principal.<\/p><\/span>\t\t\t\t\t\t\t\t<\/span>\n\t\t\t\t\t\t\t<\/div>\n\t\t\t\t\t\t<\/div>\n\t\t\t\t\t\t\t<\/div>\n\n\t\t<\/div>\n\t\t\t\t<\/div>\n\t\t\t\t<\/div>\n\t\t\t\t<\/div>\n\t\t\t\t\t<\/div>\n\t\t\t\t<\/div>\n\t\t\t\t<\/div>\n\t\t","protected":false},"excerpt":{"rendered":"<p>Regresar Rastrea tu pedido en l\u00ednea \u00a1Rastrear tu pedido nunca fue tan f\u00e1cil! Ahora lo puedes hacer en tiempo real, est\u00e9s donde est\u00e9s Para cualquier duda respecto a tu solicitud puedes comunicarte a nuestro servicio de atenci\u00f3n: El Salvador\u00a0+503 2209-1132 Guatemala\u00a0+502 2360-5157 Nicaragua\u00a0+505 2209-1132 Honduras\u00a0+504 2360-5157 Preguntas frecuentes \u00bfC\u00f3mo puedo saber mi n\u00famero de pedido? [&#038;hellip&#8230;<\/p>\n","protected":false},"author":1,"featured_media":0,"parent":0,"menu_order":0,"comment_status":"closed","ping_status":"closed","template":"","meta":{"footnotes":""},"class_list":["post-17","page","type-page","status-publish","hentry"],"_links":{"self":[{"href":"https:\/\/servicios.unicomer.com\/lacuracaonline\/wp-json\/wp\/v2\/pages\/17","targetHints":{"allow":["GET"]}}],"collection":[{"href":"https:\/\/servicios.unicomer.com\/lacuracaonline\/wp-json\/wp\/v2\/pages"}],"about":[{"href":"https:\/\/servicios.unicomer.com\/lacuracaonline\/wp-json\/wp\/v2\/types\/page"}],"author":[{"embeddable":true,"href":"https:\/\/servicios.unicomer.com\/lacuracaonline\/wp-json\/wp\/v2\/users\/1"}],"replies":[{"embeddable":true,"href":"https:\/\/servicios.unicomer.com\/lacuracaonline\/wp-json\/wp\/v2\/comments?post=17"}],"version-history":[{"count":90,"href":"https:\/\/servicios.unicomer.com\/lacuracaonline\/wp-json\/wp\/v2\/pages\/17\/revisions"}],"predecessor-version":[{"id":2335,"href":"https:\/\/servicios.unicomer.com\/lacuracaonline\/wp-json\/wp\/v2\/pages\/17\/revisions\/2335"}],"wp:attachment":[{"href":"https:\/\/servicios.unicomer.com\/lacuracaonline\/wp-json\/wp\/v2\/media?parent=17"}],"curies":[{"name":"wp","href":"https:\/\/api.w.org\/{rel}","templated":true}]}}