{"id":26,"date":"2025-04-08T01:06:25","date_gmt":"2025-04-07T23:06:25","guid":{"rendered":"http:\/\/lacuracaonline.test\/?page_id=26"},"modified":"2026-01-16T04:50:42","modified_gmt":"2026-01-16T04:50:42","slug":"preguntas-frecuentes","status":"publish","type":"page","link":"https:\/\/servicios.unicomer.com\/almacenestropigas\/preguntas-frecuentes\/","title":{"rendered":"Preguntas frecuentes"},"content":{"rendered":"\t\t<div data-elementor-type=\"wp-page\" data-elementor-id=\"26\" class=\"elementor elementor-26\" data-elementor-post-type=\"page\">\n\t\t\t\t<div class=\"elementor-element elementor-element-75afd02 e-con-full e-flex rael-particle-no e-con e-parent\" data-id=\"75afd02\" data-element_type=\"container\" data-e-type=\"container\" data-settings=\"{&quot;rae_animations_entrance&quot;:&quot;none&quot;}\">\n\t\t<div class=\"elementor-element elementor-element-6497746 e-flex e-con-boxed rael-particle-no e-con e-child\" data-id=\"6497746\" data-element_type=\"container\" data-e-type=\"container\" data-settings=\"{&quot;rae_animations_entrance&quot;:&quot;none&quot;}\">\n\t\t\t\t\t<div class=\"e-con-inner\">\n\t\t\t\t<div class=\"elementor-element elementor-element-e07e222 elementor-widget elementor-widget-heading\" data-id=\"e07e222\" data-element_type=\"widget\" data-e-type=\"widget\" data-widget_type=\"heading.default\">\n\t\t\t\t\t<h2 class=\"elementor-heading-title elementor-size-default\">Preguntas frecuentes<\/h2>\t\t\t\t<\/div>\n\t\t\t\t<div class=\"elementor-element elementor-element-1d5726b faqs rael-faq-box-layout-yes align-at-left elementor-widget elementor-widget-rael-faq\" data-id=\"1d5726b\" data-element_type=\"widget\" data-e-type=\"widget\" data-widget_type=\"rael-faq.default\">\n\t\t\t\t<div class=\"elementor-widget-container\">\n\t\t\t\t\t\n\t\t<div id='rael-faq-wrapper-307' class=\"rael-faq-wrapper\">\n\t\t\t<div class=\"rael-faq-container rael-faq-layout-accordion\" data-layout=\"toggle\">\n\t\t\t\t\t\t\t\t\t\t<div id=\"rael-accordion-fb1ef3f\" class=\"rael-faq-accordion rael-active\" role=\"tablist\">\n\t\t\t\t\t\t\t<div class=\"rael-accordion-title\" aria-expanded=\"true\" role=\"tab\">\n\t\t\t\t\t\t\t\t<span class=\"rael-accordion-icon rael-accordion-icon-left\">\n\t\t\t\t\t\t\t\t\t<span class=\"rael-accordion-icon-closed\"><svg class=\"e-font-icon-svg e-fas-angle-right\" viewBox=\"0 0 256 512\" xmlns=\"http:\/\/www.w3.org\/2000\/svg\"><path d=\"M224.3 273l-136 136c-9.4 9.4-24.6 9.4-33.9 0l-22.6-22.6c-9.4-9.4-9.4-24.6 0-33.9l96.4-96.4-96.4-96.4c-9.4-9.4-9.4-24.6 0-33.9L54.3 103c9.4-9.4 24.6-9.4 33.9 0l136 136c9.5 9.4 9.5 24.6.1 34z\"><\/path><\/svg><\/span>\n\t\t\t\t\t\t\t\t\t<span class=\"rael-accordion-icon-opened\"><svg class=\"e-font-icon-svg e-fas-angle-up\" viewBox=\"0 0 320 512\" xmlns=\"http:\/\/www.w3.org\/2000\/svg\"><path d=\"M177 159.7l136 136c9.4 9.4 9.4 24.6 0 33.9l-22.6 22.6c-9.4 9.4-24.6 9.4-33.9 0L160 255.9l-96.4 96.4c-9.4 9.4-24.6 9.4-33.9 0L7 329.7c-9.4-9.4-9.4-24.6 0-33.9l136-136c9.4-9.5 24.6-9.5 34-.1z\"><\/path><\/svg><\/span>\n\t\t\t\t\t\t\t\t<\/span>\n\t\t\t\t\t\t\t\t<span class=\"rael-question-fb1ef3f rael-question-span\" tabindex=\"0\">\n\t\t\t\t\t\t\t\t\t\t\t\t\t\t\t\t\t\t\u00bfPuedo comprar una garant\u00eda para mis productos despu\u00e9s de haberlos comprado?\t\t\t\t\t\t\t\t<\/span>\n\t\t\t\t\t\t\t<\/div>\n\t\t\t\t\t\t\t\t\t\t\t\t\t\t<div class=\"rael-accordion-content\" role=\"tabpanel\" style=\"display:block;\">\n\t\t\t\t\t\t\t\t<span>\n\n\t\t\t\t\t\t\t\t\t<span><p><span data-contrast=\"auto\">S\u00ed. Puedes comunicarte con nuestro equipo de Televentas correspondiente a<br \/>tu pa\u00eds para adquirir una garant\u00eda adicional. A continuaci\u00f3n, te compartimos los n\u00fameros de contacto:<\/span><\/p><table data-tablestyle=\"MsoTableGrid\" data-tablelook=\"1184\"><tbody><tr><td data-celllook=\"0\"><span data-contrast=\"none\">PA\u00cdS\u202f\u202f\u202f\u202f\u202f<\/span><br \/><span data-ccp-props=\"{}\">\u00a0<\/span><\/td><td data-celllook=\"0\"><span data-contrast=\"none\">TEL\u00c9FONO\u202f<\/span><br \/><span data-ccp-props=\"{}\">\u00a0<\/span><\/td><\/tr><tr><td data-celllook=\"0\"><span data-contrast=\"auto\">SV<\/span><br \/><span data-ccp-props=\"{}\">\u00a0<\/span><\/td><td data-celllook=\"0\"><span data-contrast=\"none\"><a href=\"tel:50325091135\">+503 25091135<\/a>\u202f<\/span><br \/><span data-ccp-props=\"{}\">\u00a0<\/span><\/td><\/tr><tr><td data-celllook=\"0\"><span data-contrast=\"auto\">GT<\/span><br \/><span data-ccp-props=\"{}\">\u00a0<\/span><\/td><td data-celllook=\"0\"><span data-contrast=\"none\"><a href=\"tel:50224202970\">+502 24202970<\/a>\u202f<\/span><br \/><span data-ccp-props=\"{}\">\u00a0<\/span><\/td><\/tr><tr><td data-celllook=\"0\"><span data-contrast=\"auto\">HN<\/span><br \/><span data-ccp-props=\"{}\">\u00a0<\/span><\/td><td data-celllook=\"0\"><span data-contrast=\"none\"><a href=\"tel:50432910128\">+504 32910128<\/a>\u202f<\/span><br \/><span data-ccp-props=\"{}\">\u00a0<\/span><\/td><\/tr><tr><td data-celllook=\"0\"><span data-contrast=\"auto\">NI<\/span><br \/><span data-ccp-props=\"{}\">\u00a0<\/span><\/td><td data-celllook=\"0\"><span data-contrast=\"none\"><a href=\"tel:50555005555\">+505 55005555<\/a>\u202f<\/span><br \/><span data-ccp-props=\"{}\">\u00a0<\/span><\/td><\/tr><\/tbody><\/table><\/span>\t\t\t\t\t\t\t\t<\/span>\n\t\t\t\t\t\t\t<\/div>\n\t\t\t\t\t\t<\/div>\n\t\t\t\t\t\t\t\t\t\t<div id=\"rael-accordion-7f439cf\" class=\"rael-faq-accordion rael-active\" role=\"tablist\">\n\t\t\t\t\t\t\t<div class=\"rael-accordion-title\" aria-expanded=\"true\" role=\"tab\">\n\t\t\t\t\t\t\t\t<span class=\"rael-accordion-icon rael-accordion-icon-left\">\n\t\t\t\t\t\t\t\t\t<span class=\"rael-accordion-icon-closed\"><svg class=\"e-font-icon-svg e-fas-angle-right\" viewBox=\"0 0 256 512\" xmlns=\"http:\/\/www.w3.org\/2000\/svg\"><path d=\"M224.3 273l-136 136c-9.4 9.4-24.6 9.4-33.9 0l-22.6-22.6c-9.4-9.4-9.4-24.6 0-33.9l96.4-96.4-96.4-96.4c-9.4-9.4-9.4-24.6 0-33.9L54.3 103c9.4-9.4 24.6-9.4 33.9 0l136 136c9.5 9.4 9.5 24.6.1 34z\"><\/path><\/svg><\/span>\n\t\t\t\t\t\t\t\t\t<span class=\"rael-accordion-icon-opened\"><svg class=\"e-font-icon-svg e-fas-angle-up\" viewBox=\"0 0 320 512\" xmlns=\"http:\/\/www.w3.org\/2000\/svg\"><path d=\"M177 159.7l136 136c9.4 9.4 9.4 24.6 0 33.9l-22.6 22.6c-9.4 9.4-24.6 9.4-33.9 0L160 255.9l-96.4 96.4c-9.4 9.4-24.6 9.4-33.9 0L7 329.7c-9.4-9.4-9.4-24.6 0-33.9l136-136c9.4-9.5 24.6-9.5 34-.1z\"><\/path><\/svg><\/span>\n\t\t\t\t\t\t\t\t<\/span>\n\t\t\t\t\t\t\t\t<span class=\"rael-question-7f439cf rael-question-span\" tabindex=\"0\">\n\t\t\t\t\t\t\t\t\t\t\t\t\t\t\t\t\t\t\u00bfC\u00f3mo puedo consultar el estado de mis pedidos? \t\t\t\t\t\t\t\t<\/span>\n\t\t\t\t\t\t\t<\/div>\n\t\t\t\t\t\t\t\t\t\t\t\t\t\t<div class=\"rael-accordion-content\" role=\"tabpanel\" style=\"display:block;\">\n\t\t\t\t\t\t\t\t<span>\n\n\t\t\t\t\t\t\t\t\t<span><p><span data-contrast=\"auto\">Para rastrear tu pedido:<\/span><span data-ccp-props=\"{}\">\u00a0<\/span><\/p><p><span data-contrast=\"auto\">1 - En el men\u00fa superior de nuestra p\u00e1gina, haz clic en <\/span><b><span data-contrast=\"auto\">\u201cRastrea tu pedido\u201d<\/span><\/b><span data-ccp-props=\"{&quot;134233117&quot;:true,&quot;134233118&quot;:true}\">\u00a0<\/span><\/p><p><span data-contrast=\"auto\">2 - Selecciona la bandera de tu pa\u00eds<\/span><span data-ccp-props=\"{&quot;134233117&quot;:true,&quot;134233118&quot;:true}\">\u00a0<\/span><\/p><p><span data-contrast=\"auto\">3 - Ingresa el n\u00famero de orden o factura<\/span><\/p><p><span data-contrast=\"auto\">4 - Haz clic en <\/span><b><span data-contrast=\"auto\">\u201cBuscar\u201d<\/span><\/b><span data-ccp-props=\"{&quot;134233117&quot;:true,&quot;134233118&quot;:true}\">\u00a0<\/span><\/p><p><span data-contrast=\"auto\">5 - \u00a1Listo! Podr\u00e1s ver el estado actualizado de tu orden.<\/span><span data-ccp-props=\"{&quot;134233117&quot;:true,&quot;134233118&quot;:true}\">\u00a0<\/span><\/p><\/span>\t\t\t\t\t\t\t\t<\/span>\n\t\t\t\t\t\t\t<\/div>\n\t\t\t\t\t\t<\/div>\n\t\t\t\t\t\t\t\t\t\t<div id=\"rael-accordion-8269356\" class=\"rael-faq-accordion rael-active\" role=\"tablist\">\n\t\t\t\t\t\t\t<div class=\"rael-accordion-title\" aria-expanded=\"true\" role=\"tab\">\n\t\t\t\t\t\t\t\t<span class=\"rael-accordion-icon rael-accordion-icon-left\">\n\t\t\t\t\t\t\t\t\t<span class=\"rael-accordion-icon-closed\"><svg class=\"e-font-icon-svg e-fas-angle-right\" viewBox=\"0 0 256 512\" xmlns=\"http:\/\/www.w3.org\/2000\/svg\"><path d=\"M224.3 273l-136 136c-9.4 9.4-24.6 9.4-33.9 0l-22.6-22.6c-9.4-9.4-9.4-24.6 0-33.9l96.4-96.4-96.4-96.4c-9.4-9.4-9.4-24.6 0-33.9L54.3 103c9.4-9.4 24.6-9.4 33.9 0l136 136c9.5 9.4 9.5 24.6.1 34z\"><\/path><\/svg><\/span>\n\t\t\t\t\t\t\t\t\t<span class=\"rael-accordion-icon-opened\"><svg class=\"e-font-icon-svg e-fas-angle-up\" viewBox=\"0 0 320 512\" xmlns=\"http:\/\/www.w3.org\/2000\/svg\"><path d=\"M177 159.7l136 136c9.4 9.4 9.4 24.6 0 33.9l-22.6 22.6c-9.4 9.4-24.6 9.4-33.9 0L160 255.9l-96.4 96.4c-9.4 9.4-24.6 9.4-33.9 0L7 329.7c-9.4-9.4-9.4-24.6 0-33.9l136-136c9.4-9.5 24.6-9.5 34-.1z\"><\/path><\/svg><\/span>\n\t\t\t\t\t\t\t\t<\/span>\n\t\t\t\t\t\t\t\t<span class=\"rael-question-8269356 rael-question-span\" tabindex=\"0\">\n\t\t\t\t\t\t\t\t\t\t\t\t\t\t\t\t\t\tPerd\u00ed mi factura, \u00bfc\u00f3mo puedo consultar el estado de mi orden?\t\t\t\t\t\t\t\t<\/span>\n\t\t\t\t\t\t\t<\/div>\n\t\t\t\t\t\t\t\t\t\t\t\t\t\t<div class=\"rael-accordion-content\" role=\"tabpanel\" style=\"display:block;\">\n\t\t\t\t\t\t\t\t<span>\n\n\t\t\t\t\t\t\t\t\t<span><p><span class=\"TextRun SCXW125462774 BCX8\" lang=\"ES-SV\" xml:lang=\"ES-SV\" data-contrast=\"auto\"><span class=\"NormalTextRun SCXW125462774 BCX8\" data-ccp-parastyle=\"Normal (Web)\">Puedes revisar tu correo de <\/span><\/span><strong><span class=\"TextRun MacChromeBold SCXW125462774 BCX8\" lang=\"ES-SV\" xml:lang=\"ES-SV\" data-contrast=\"auto\"><span class=\"NormalTextRun SCXW125462774 BCX8\" data-ccp-charstyle=\"Strong\">confirmaci\u00f3n de pedido<\/span><\/span><\/strong><span class=\"TextRun SCXW125462774 BCX8\" lang=\"ES-SV\" xml:lang=\"ES-SV\" data-contrast=\"auto\"><span class=\"NormalTextRun SCXW125462774 BCX8\" data-ccp-parastyle=\"Normal (Web)\">, donde encontrar\u00e1s tu n\u00famero de orden. Con ese n\u00famero, puedes rastrear tu pedido desde nuestro sitio.<\/span><\/span><span class=\"LineBreakBlob BlobObject DragDrop SCXW125462774 BCX8\"><span class=\"SCXW125462774 BCX8\"> \u00a0<\/span><\/span><\/p><p><span class=\"TextRun SCXW125462774 BCX8\" lang=\"ES-SV\" xml:lang=\"ES-SV\" data-contrast=\"auto\"><span class=\"NormalTextRun SCXW125462774 BCX8\" data-ccp-parastyle=\"Normal (Web)\">\u00bfNecesitas m\u00e1s ayuda? Escr\u00edbenos a<\/span><span class=\"NormalTextRun SCXW125462774 BCX8\" data-ccp-parastyle=\"Normal (Web)\">l n\u00famero de W<\/span><span class=\"NormalTextRun SpellingErrorV2Themed SCXW125462774 BCX8\" data-ccp-parastyle=\"Normal (Web)\">hatsApp<\/span><span class=\"NormalTextRun SCXW125462774 BCX8\" data-ccp-parastyle=\"Normal (Web)\"> de tu localidad, lo puedes encontrar en <\/span><span class=\"NormalTextRun SpellingErrorV2Themed SCXW125462774 BCX8\" data-ccp-parastyle=\"Normal (Web)\">nuestra<\/span> <span class=\"NormalTextRun ContextualSpellingAndGrammarErrorV2Themed SCXW125462774 BCX8\" data-ccp-parastyle=\"Normal (Web)\">p\u00e1gina<\/span><span class=\"NormalTextRun SCXW125462774 BCX8\" data-ccp-parastyle=\"Normal (Web)\"> principal.<\/span><\/span><\/p><\/span>\t\t\t\t\t\t\t\t<\/span>\n\t\t\t\t\t\t\t<\/div>\n\t\t\t\t\t\t<\/div>\n\t\t\t\t\t\t\t<\/div>\n\n\t\t<\/div>\n\t\t\t\t<\/div>\n\t\t\t\t<\/div>\n\t\t\t\t<div class=\"elementor-element elementor-element-117babf faqs rael-faq-box-layout-yes align-at-left elementor-widget elementor-widget-rael-faq\" data-id=\"117babf\" data-element_type=\"widget\" data-e-type=\"widget\" data-widget_type=\"rael-faq.default\">\n\t\t\t\t<div class=\"elementor-widget-container\">\n\t\t\t\t\t\n\t\t<div id='rael-faq-wrapper-183' class=\"rael-faq-wrapper\">\n\t\t\t<div class=\"rael-faq-container rael-faq-layout-accordion\" data-layout=\"toggle\">\n\t\t\t\t\t\t\t\t\t\t<div id=\"rael-accordion-27fdcfe\" class=\"rael-faq-accordion rael-active\" role=\"tablist\">\n\t\t\t\t\t\t\t<div class=\"rael-accordion-title\" aria-expanded=\"true\" role=\"tab\">\n\t\t\t\t\t\t\t\t<span class=\"rael-accordion-icon rael-accordion-icon-left\">\n\t\t\t\t\t\t\t\t\t<span class=\"rael-accordion-icon-closed\"><svg class=\"e-font-icon-svg e-fas-angle-right\" viewBox=\"0 0 256 512\" xmlns=\"http:\/\/www.w3.org\/2000\/svg\"><path d=\"M224.3 273l-136 136c-9.4 9.4-24.6 9.4-33.9 0l-22.6-22.6c-9.4-9.4-9.4-24.6 0-33.9l96.4-96.4-96.4-96.4c-9.4-9.4-9.4-24.6 0-33.9L54.3 103c9.4-9.4 24.6-9.4 33.9 0l136 136c9.5 9.4 9.5 24.6.1 34z\"><\/path><\/svg><\/span>\n\t\t\t\t\t\t\t\t\t<span class=\"rael-accordion-icon-opened\"><svg class=\"e-font-icon-svg e-fas-angle-up\" viewBox=\"0 0 320 512\" xmlns=\"http:\/\/www.w3.org\/2000\/svg\"><path d=\"M177 159.7l136 136c9.4 9.4 9.4 24.6 0 33.9l-22.6 22.6c-9.4 9.4-24.6 9.4-33.9 0L160 255.9l-96.4 96.4c-9.4 9.4-24.6 9.4-33.9 0L7 329.7c-9.4-9.4-9.4-24.6 0-33.9l136-136c9.4-9.5 24.6-9.5 34-.1z\"><\/path><\/svg><\/span>\n\t\t\t\t\t\t\t\t<\/span>\n\t\t\t\t\t\t\t\t<span class=\"rael-question-27fdcfe rael-question-span\" tabindex=\"0\">\n\t\t\t\t\t\t\t\t\t\t\t\t\t\t\t\t\t\t\u00bfCu\u00e1les son los requisitos para retirar mi pedido en tienda?\t\t\t\t\t\t\t\t<\/span>\n\t\t\t\t\t\t\t<\/div>\n\t\t\t\t\t\t\t\t\t\t\t\t\t\t<div class=\"rael-accordion-content\" role=\"tabpanel\" style=\"display:block;\">\n\t\t\t\t\t\t\t\t<span>\n\n\t\t\t\t\t\t\t\t\t<span><ul class=\"ak-ul m-0\" data-indent-level=\"1\"><li><p data-renderer-start-pos=\"6085\">Presenta tu identificaci\u00f3n personal<\/p><\/li><li><p data-renderer-start-pos=\"6128\">N\u00famero de orden<\/p><\/li><\/ul><p data-renderer-start-pos=\"6148\">Si otra persona retirar\u00e1 por ti, debe llevar su propia identificaci\u00f3n y una copia del<br \/>correo electr\u00f3nico que se te envi\u00f3.<\/p><\/span>\t\t\t\t\t\t\t\t<\/span>\n\t\t\t\t\t\t\t<\/div>\n\t\t\t\t\t\t<\/div>\n\t\t\t\t\t\t\t\t\t\t<div id=\"rael-accordion-d0aa000\" class=\"rael-faq-accordion rael-active\" role=\"tablist\">\n\t\t\t\t\t\t\t<div class=\"rael-accordion-title\" aria-expanded=\"true\" role=\"tab\">\n\t\t\t\t\t\t\t\t<span class=\"rael-accordion-icon rael-accordion-icon-left\">\n\t\t\t\t\t\t\t\t\t<span class=\"rael-accordion-icon-closed\"><svg class=\"e-font-icon-svg e-fas-angle-right\" viewBox=\"0 0 256 512\" xmlns=\"http:\/\/www.w3.org\/2000\/svg\"><path d=\"M224.3 273l-136 136c-9.4 9.4-24.6 9.4-33.9 0l-22.6-22.6c-9.4-9.4-9.4-24.6 0-33.9l96.4-96.4-96.4-96.4c-9.4-9.4-9.4-24.6 0-33.9L54.3 103c9.4-9.4 24.6-9.4 33.9 0l136 136c9.5 9.4 9.5 24.6.1 34z\"><\/path><\/svg><\/span>\n\t\t\t\t\t\t\t\t\t<span class=\"rael-accordion-icon-opened\"><svg class=\"e-font-icon-svg e-fas-angle-up\" viewBox=\"0 0 320 512\" xmlns=\"http:\/\/www.w3.org\/2000\/svg\"><path d=\"M177 159.7l136 136c9.4 9.4 9.4 24.6 0 33.9l-22.6 22.6c-9.4 9.4-24.6 9.4-33.9 0L160 255.9l-96.4 96.4c-9.4 9.4-24.6 9.4-33.9 0L7 329.7c-9.4-9.4-9.4-24.6 0-33.9l136-136c9.4-9.5 24.6-9.5 34-.1z\"><\/path><\/svg><\/span>\n\t\t\t\t\t\t\t\t<\/span>\n\t\t\t\t\t\t\t\t<span class=\"rael-question-d0aa000 rael-question-span\" tabindex=\"0\">\n\t\t\t\t\t\t\t\t\t\t\t\t\t\t\t\t\t\t\u00bfCu\u00e1l es el tiempo de entrega de mi pedido?\t\t\t\t\t\t\t\t<\/span>\n\t\t\t\t\t\t\t<\/div>\n\t\t\t\t\t\t\t\t\t\t\t\t\t\t<div class=\"rael-accordion-content\" role=\"tabpanel\" style=\"display:block;\">\n\t\t\t\t\t\t\t\t<span>\n\n\t\t\t\t\t\t\t\t\t<span><p><span class=\"TextRun SCXW139160532 BCX8\" lang=\"ES-SV\" xml:lang=\"ES-SV\" data-contrast=\"auto\"><span class=\"NormalTextRun SCXW139160532 BCX8\" data-ccp-parastyle=\"Normal (Web)\">El tiempo de entrega var\u00eda seg\u00fan tu ubicaci\u00f3n y se indica durante el proceso de compra.<\/span><\/span><span class=\"LineBreakBlob BlobObject DragDrop SCXW139160532 BCX8\"><span class=\"SCXW139160532 BCX8\"> \u00a0<\/span><\/span><span class=\"TextRun SCXW139160532 BCX8\" lang=\"ES-SV\" xml:lang=\"ES-SV\" data-contrast=\"auto\"><span class=\"NormalTextRun SCXW139160532 BCX8\" data-ccp-parastyle=\"Normal (Web)\">Ten en cuenta que durante temporadas altas (como TropiBlack o Tropi Avalancha o Navidad), los tiempos de entrega pueden extenderse.<\/span><\/span><span class=\"LineBreakBlob BlobObject DragDrop SCXW139160532 BCX8\"><span class=\"SCXW139160532 BCX8\">\u00a0<\/span><br class=\"SCXW139160532 BCX8\" \/><\/span><span class=\"TextRun SCXW139160532 BCX8\" lang=\"ES-SV\" xml:lang=\"ES-SV\" data-contrast=\"auto\"><span class=\"NormalTextRun SCXW139160532 BCX8\" data-ccp-parastyle=\"Normal (Web)\">Te invitamos a dar seguimiento a tu pedido <a href=\"https:\/\/servicios.unicomer.com\/almacenestropigas\/rastrea-tu-pedido\/\">aqu\u00ed<\/a>.<\/span><\/span><\/p><\/span>\t\t\t\t\t\t\t\t<\/span>\n\t\t\t\t\t\t\t<\/div>\n\t\t\t\t\t\t<\/div>\n\t\t\t\t\t\t\t\t\t\t<div id=\"rael-accordion-fb1ef3f\" class=\"rael-faq-accordion rael-active\" role=\"tablist\">\n\t\t\t\t\t\t\t<div class=\"rael-accordion-title\" aria-expanded=\"true\" role=\"tab\">\n\t\t\t\t\t\t\t\t<span class=\"rael-accordion-icon rael-accordion-icon-left\">\n\t\t\t\t\t\t\t\t\t<span class=\"rael-accordion-icon-closed\"><svg class=\"e-font-icon-svg e-fas-angle-right\" viewBox=\"0 0 256 512\" xmlns=\"http:\/\/www.w3.org\/2000\/svg\"><path d=\"M224.3 273l-136 136c-9.4 9.4-24.6 9.4-33.9 0l-22.6-22.6c-9.4-9.4-9.4-24.6 0-33.9l96.4-96.4-96.4-96.4c-9.4-9.4-9.4-24.6 0-33.9L54.3 103c9.4-9.4 24.6-9.4 33.9 0l136 136c9.5 9.4 9.5 24.6.1 34z\"><\/path><\/svg><\/span>\n\t\t\t\t\t\t\t\t\t<span class=\"rael-accordion-icon-opened\"><svg class=\"e-font-icon-svg e-fas-angle-up\" viewBox=\"0 0 320 512\" xmlns=\"http:\/\/www.w3.org\/2000\/svg\"><path d=\"M177 159.7l136 136c9.4 9.4 9.4 24.6 0 33.9l-22.6 22.6c-9.4 9.4-24.6 9.4-33.9 0L160 255.9l-96.4 96.4c-9.4 9.4-24.6 9.4-33.9 0L7 329.7c-9.4-9.4-9.4-24.6 0-33.9l136-136c9.4-9.5 24.6-9.5 34-.1z\"><\/path><\/svg><\/span>\n\t\t\t\t\t\t\t\t<\/span>\n\t\t\t\t\t\t\t\t<span class=\"rael-question-fb1ef3f rael-question-span\" tabindex=\"0\">\n\t\t\t\t\t\t\t\t\t\t\t\t\t\t\t\t\t\t\u00bfCu\u00e1les son los m\u00e9todos de pago disponibles?\t\t\t\t\t\t\t\t<\/span>\n\t\t\t\t\t\t\t<\/div>\n\t\t\t\t\t\t\t\t\t\t\t\t\t\t<div class=\"rael-accordion-content\" role=\"tabpanel\" style=\"display:block;\">\n\t\t\t\t\t\t\t\t<span>\n\n\t\t\t\t\t\t\t\t\t<span><p><span data-contrast=\"auto\">Aceptamos los siguientes m\u00e9todos de pago en <strong>El Salvador y Guatemala<\/strong>:<\/span><span data-ccp-props=\"{&quot;134233117&quot;:true,&quot;134233118&quot;:true}\">\u00a0<\/span><\/p><ul class=\"m-0\"><li data-leveltext=\"\uf0b7\" data-font=\"Symbol\" data-listid=\"6\" data-list-defn-props=\"{&quot;335552541&quot;:1,&quot;335559685&quot;:720,&quot;335559991&quot;:360,&quot;469769226&quot;:&quot;Symbol&quot;,&quot;469769242&quot;:[8226],&quot;469777803&quot;:&quot;left&quot;,&quot;469777804&quot;:&quot;\uf0b7&quot;,&quot;469777815&quot;:&quot;multilevel&quot;}\" data-aria-posinset=\"1\" data-aria-level=\"1\"><span data-contrast=\"auto\">Tarjeta de cr\u00e9dito<\/span><span data-ccp-props=\"{&quot;134233117&quot;:true,&quot;134233118&quot;:true}\">\u00a0<\/span><\/li><li data-leveltext=\"\uf0b7\" data-font=\"Symbol\" data-listid=\"6\" data-list-defn-props=\"{&quot;335552541&quot;:1,&quot;335559685&quot;:720,&quot;335559991&quot;:360,&quot;469769226&quot;:&quot;Symbol&quot;,&quot;469769242&quot;:[8226],&quot;469777803&quot;:&quot;left&quot;,&quot;469777804&quot;:&quot;\uf0b7&quot;,&quot;469777815&quot;:&quot;multilevel&quot;}\" data-aria-posinset=\"2\" data-aria-level=\"1\"><span data-contrast=\"auto\">Tarjeta de d\u00e9bito<\/span><span data-ccp-props=\"{&quot;134233117&quot;:true,&quot;134233118&quot;:true}\">\u00a0<\/span><\/li><li data-leveltext=\"\uf0b7\" data-font=\"Symbol\" data-listid=\"6\" data-list-defn-props=\"{&quot;335552541&quot;:1,&quot;335559685&quot;:720,&quot;335559991&quot;:360,&quot;469769226&quot;:&quot;Symbol&quot;,&quot;469769242&quot;:[8226],&quot;469777803&quot;:&quot;left&quot;,&quot;469777804&quot;:&quot;\uf0b7&quot;,&quot;469777815&quot;:&quot;multilevel&quot;}\" data-aria-posinset=\"3\" data-aria-level=\"1\"><span data-contrast=\"auto\">Transferencias bancarias<\/span><em> (Disponible en Guatemala)<\/em><\/li><li data-leveltext=\"\uf0b7\" data-font=\"Symbol\" data-listid=\"6\" data-list-defn-props=\"{&quot;335552541&quot;:1,&quot;335559685&quot;:720,&quot;335559991&quot;:360,&quot;469769226&quot;:&quot;Symbol&quot;,&quot;469769242&quot;:[8226],&quot;469777803&quot;:&quot;left&quot;,&quot;469777804&quot;:&quot;\uf0b7&quot;,&quot;469777815&quot;:&quot;multilevel&quot;}\" data-aria-posinset=\"4\" data-aria-level=\"1\"><span data-contrast=\"auto\">Gift cards<\/span><span data-ccp-props=\"{&quot;134233117&quot;:true,&quot;134233118&quot;:true}\">\u00a0<\/span><\/li><li data-leveltext=\"\uf0b7\" data-font=\"Symbol\" data-listid=\"6\" data-list-defn-props=\"{&quot;335552541&quot;:1,&quot;335559685&quot;:720,&quot;335559991&quot;:360,&quot;469769226&quot;:&quot;Symbol&quot;,&quot;469769242&quot;:[8226],&quot;469777803&quot;:&quot;left&quot;,&quot;469777804&quot;:&quot;\uf0b7&quot;,&quot;469777815&quot;:&quot;multilevel&quot;}\" data-aria-posinset=\"5\" data-aria-level=\"1\"><span data-contrast=\"auto\">PayPal<\/span><span data-ccp-props=\"{&quot;134233117&quot;:true,&quot;134233118&quot;:true}\">\u00a0<\/span><\/li><li data-leveltext=\"\uf0b7\" data-font=\"Symbol\" data-listid=\"6\" data-list-defn-props=\"{&quot;335552541&quot;:1,&quot;335559685&quot;:720,&quot;335559991&quot;:360,&quot;469769226&quot;:&quot;Symbol&quot;,&quot;469769242&quot;:[8226],&quot;469777803&quot;:&quot;left&quot;,&quot;469777804&quot;:&quot;\uf0b7&quot;,&quot;469777815&quot;:&quot;multilevel&quot;}\" data-aria-posinset=\"6\" data-aria-level=\"1\"><span data-contrast=\"auto\">Bitcoin<\/span><span data-ccp-props=\"{&quot;134233117&quot;:true,&quot;134233118&quot;:true}\"> (aplica solo en El Salvador)<\/span><\/li><li data-leveltext=\"\uf0b7\" data-font=\"Symbol\" data-listid=\"6\" data-list-defn-props=\"{&quot;335552541&quot;:1,&quot;335559685&quot;:720,&quot;335559991&quot;:360,&quot;469769226&quot;:&quot;Symbol&quot;,&quot;469769242&quot;:[8226],&quot;469777803&quot;:&quot;left&quot;,&quot;469777804&quot;:&quot;\uf0b7&quot;,&quot;469777815&quot;:&quot;multilevel&quot;}\" data-aria-posinset=\"7\" data-aria-level=\"1\"><span data-contrast=\"auto\">Pago en tienda <\/span><i><span data-contrast=\"auto\">(Disponible en Guatemala)<\/span><\/i><span data-ccp-props=\"{&quot;134233117&quot;:true,&quot;134233118&quot;:true}\">\u00a0<\/span><\/li><\/ul><p>Aceptamos los siguientes metodos de pago en <strong>Honduras y Nicaragua:<\/strong><\/p><ul><li>Link de pago<\/li><li>Pago en tienda<\/li><li>Transferencias bancarias<\/li><li>Post Virtual<\/li><\/ul><\/span>\t\t\t\t\t\t\t\t<\/span>\n\t\t\t\t\t\t\t<\/div>\n\t\t\t\t\t\t<\/div>\n\t\t\t\t\t\t\t<\/div>\n\n\t\t<\/div>\n\t\t\t\t<\/div>\n\t\t\t\t<\/div>\n\t\t\t\t\t<\/div>\n\t\t\t\t<\/div>\n\t\t\t\t<\/div>\n\t\t\t\t<\/div>\n\t\t","protected":false},"excerpt":{"rendered":"<p>Preguntas frecuentes \u00bfPuedo comprar una garant\u00eda para mis productos despu\u00e9s de haberlos comprado? S\u00ed. Puedes comunicarte con nuestro equipo de Televentas correspondiente atu pa\u00eds para adquirir una garant\u00eda adicional. A continuaci\u00f3n, te compartimos los n\u00fameros de contacto: PA\u00cdS\u202f\u202f\u202f\u202f\u202f\u00a0 TEL\u00c9FONO\u202f\u00a0 SV\u00a0 +503 25091135\u202f\u00a0 GT\u00a0 +502 24202970\u202f\u00a0 HN\u00a0 +504 32910128\u202f\u00a0 NI\u00a0 +505 55005555\u202f\u00a0 \u00bfC\u00f3mo puedo consultar el [&#038;hellip&#8230;<\/p>\n","protected":false},"author":1,"featured_media":0,"parent":0,"menu_order":0,"comment_status":"closed","ping_status":"closed","template":"","meta":{"footnotes":""},"class_list":["post-26","page","type-page","status-publish","hentry"],"_links":{"self":[{"href":"https:\/\/servicios.unicomer.com\/almacenestropigas\/wp-json\/wp\/v2\/pages\/26","targetHints":{"allow":["GET"]}}],"collection":[{"href":"https:\/\/servicios.unicomer.com\/almacenestropigas\/wp-json\/wp\/v2\/pages"}],"about":[{"href":"https:\/\/servicios.unicomer.com\/almacenestropigas\/wp-json\/wp\/v2\/types\/page"}],"author":[{"embeddable":true,"href":"https:\/\/servicios.unicomer.com\/almacenestropigas\/wp-json\/wp\/v2\/users\/1"}],"replies":[{"embeddable":true,"href":"https:\/\/servicios.unicomer.com\/almacenestropigas\/wp-json\/wp\/v2\/comments?post=26"}],"version-history":[{"count":9,"href":"https:\/\/servicios.unicomer.com\/almacenestropigas\/wp-json\/wp\/v2\/pages\/26\/revisions"}],"predecessor-version":[{"id":2517,"href":"https:\/\/servicios.unicomer.com\/almacenestropigas\/wp-json\/wp\/v2\/pages\/26\/revisions\/2517"}],"wp:attachment":[{"href":"https:\/\/servicios.unicomer.com\/almacenestropigas\/wp-json\/wp\/v2\/media?parent=26"}],"curies":[{"name":"wp","href":"https:\/\/api.w.org\/{rel}","templated":true}]}}