{"id":24,"date":"2025-04-08T01:06:14","date_gmt":"2025-04-07T23:06:14","guid":{"rendered":"http:\/\/lacuracaonline.test\/?page_id=24"},"modified":"2025-12-14T21:43:13","modified_gmt":"2025-12-14T21:43:13","slug":"taller-y-reparacion","status":"publish","type":"page","link":"https:\/\/servicios.unicomer.com\/almacenestropigas\/taller-y-reparacion\/","title":{"rendered":"Taller y reparaci\u00f3n"},"content":{"rendered":"\t\t<div data-elementor-type=\"wp-page\" data-elementor-id=\"24\" class=\"elementor elementor-24\" data-elementor-post-type=\"page\">\n\t\t\t\t<div class=\"elementor-element elementor-element-7d755cf3 e-flex e-con-boxed rael-particle-no e-con e-parent\" data-id=\"7d755cf3\" data-element_type=\"container\" data-e-type=\"container\" data-settings=\"{&quot;rae_animations_entrance&quot;:&quot;none&quot;}\">\n\t\t\t\t\t<div class=\"e-con-inner\">\n\t\t<div class=\"elementor-element elementor-element-3a989b56 e-con-full e-flex rael-particle-no e-con e-child\" data-id=\"3a989b56\" data-element_type=\"container\" data-e-type=\"container\" data-settings=\"{&quot;rae_animations_entrance&quot;:&quot;none&quot;}\">\n\t\t\t\t<div class=\"elementor-element elementor-element-1dd5ccb9 elementor-widget elementor-widget-heading\" data-id=\"1dd5ccb9\" data-element_type=\"widget\" data-e-type=\"widget\" data-widget_type=\"heading.default\">\n\t\t\t\t\t<h2 class=\"elementor-heading-title elementor-size-default\"><span class=\"btn-primary-back fs-14px\" id=\"btn_go_back\"><i class=\"fas fa-chevron-left me-2\"><\/i> Regresar<\/span><\/h2>\t\t\t\t<\/div>\n\t\t\t\t<\/div>\n\t\t<div class=\"elementor-element elementor-element-74f65c77 e-con-full tracking-container e-flex rael-particle-no e-con e-child\" data-id=\"74f65c77\" data-element_type=\"container\" data-e-type=\"container\" data-settings=\"{&quot;rae_animations_entrance&quot;:&quot;none&quot;}\">\n\t\t<div class=\"elementor-element elementor-element-346128e3 e-con-full e-flex rael-particle-no e-con e-child\" data-id=\"346128e3\" data-element_type=\"container\" data-e-type=\"container\" data-settings=\"{&quot;rae_animations_entrance&quot;:&quot;none&quot;}\">\n\t\t<div class=\"elementor-element elementor-element-3843071a e-con-full e-flex rael-particle-no e-con e-child\" data-id=\"3843071a\" data-element_type=\"container\" data-e-type=\"container\" data-settings=\"{&quot;rae_animations_entrance&quot;:&quot;none&quot;}\">\n\t\t\t\t<div class=\"elementor-element elementor-element-1b0bc964 elementor-widget-mobile__width-initial elementor-widget elementor-widget-image\" data-id=\"1b0bc964\" data-element_type=\"widget\" data-e-type=\"widget\" data-widget_type=\"image.default\">\n\t\t\t\t\t\t\t\t\t\t\t\t\t\t\t<img decoding=\"async\" src=\"http:\/\/servicios.unicomer.test\/radioshackla\/wp-content\/uploads\/sites\/3\/2025\/11\/portada_talleres-e1762139676218.png\" title=\"\" alt=\"\" loading=\"lazy\" \/>\t\t\t\t\t\t\t\t\t\t\t\t\t\t\t<\/div>\n\t\t\t\t<\/div>\n\t\t<div class=\"elementor-element elementor-element-27b4f13f e-con-full e-flex rael-particle-no e-con e-child\" data-id=\"27b4f13f\" data-element_type=\"container\" data-e-type=\"container\" data-settings=\"{&quot;rae_animations_entrance&quot;:&quot;none&quot;}\">\n\t\t\t\t<div class=\"elementor-element elementor-element-53b1484d elementor-widget elementor-widget-image\" data-id=\"53b1484d\" data-element_type=\"widget\" data-e-type=\"widget\" data-widget_type=\"image.default\">\n\t\t\t\t\t\t\t\t\t\t\t\t\t\t\t<img decoding=\"async\" src=\"http:\/\/servicios.unicomer.test\/radioshackla\/wp-content\/uploads\/sites\/3\/2025\/11\/Capa_2.png\" title=\"\" alt=\"\" loading=\"lazy\" \/>\t\t\t\t\t\t\t\t\t\t\t\t\t\t\t<\/div>\n\t\t\t\t<\/div>\n\t\t\t\t<\/div>\n\t\t<div class=\"elementor-element elementor-element-68871786 e-con-full e-flex rael-particle-no e-con e-child\" data-id=\"68871786\" data-element_type=\"container\" data-e-type=\"container\" data-settings=\"{&quot;rae_animations_entrance&quot;:&quot;none&quot;}\">\n\t\t\t\t<div class=\"elementor-element elementor-element-3abeca12 elementor-widget elementor-widget-heading\" data-id=\"3abeca12\" data-element_type=\"widget\" data-e-type=\"widget\" data-widget_type=\"heading.default\">\n\t\t\t\t\t<h2 class=\"elementor-heading-title elementor-size-default\">Reparaciones garantizadas<\/h2>\t\t\t\t<\/div>\n\t\t\t\t<div class=\"elementor-element elementor-element-33f16f7d elementor-widget elementor-widget-heading\" data-id=\"33f16f7d\" data-element_type=\"widget\" data-e-type=\"widget\" data-widget_type=\"heading.default\">\n\t\t\t\t\t<p class=\"elementor-heading-title elementor-size-default\">Taller mec\u00e1nico profesional y servicio t\u00e9cnico para electrodom\u00e9sticos.\u00a0<\/p>\t\t\t\t<\/div>\n\t\t\t\t<\/div>\n\t\t\t\t<\/div>\n\t\t<div class=\"elementor-element elementor-element-2c22f820 e-con-full contact-service-info e-flex rael-particle-no e-con e-child\" data-id=\"2c22f820\" data-element_type=\"container\" data-e-type=\"container\" data-settings=\"{&quot;background_background&quot;:&quot;classic&quot;,&quot;rae_animations_entrance&quot;:&quot;none&quot;}\">\n\t\t\t\t<div class=\"elementor-element elementor-element-763a3897 elementor-widget elementor-widget-shortcode\" data-id=\"763a3897\" data-element_type=\"widget\" data-e-type=\"widget\" data-widget_type=\"shortcode.default\">\n\t\t\t\t\t\t\t<div class=\"elementor-shortcode\">    <div class=\"service-hub-selector\" \n         id=\"service-selector-69e66ead3406a\"\n         data-service-type=\"servicio-reparacion\"\n         data-title-color=\"#333333\">\n        <button class=\"service-hub-selector-button\" type=\"button\" aria-expanded=\"false\">\n            <span class=\"service-hub-selector-icon\">\n                <svg width=\"34\" height=\"34\" viewBox=\"0 0 34 34\" fill=\"none\" xmlns=\"http:\/\/www.w3.org\/2000\/svg\">\n<g clip-path=\"url(#clip0_4192_1940)\">\n<path d=\"M18.889 13.2222H15.1112C14.8607 13.2222 14.6205 13.3217 14.4434 13.4988C14.2663 13.6759 14.1667 13.9161 14.1667 14.1666V19.8333C14.1667 20.0838 14.2663 20.324 14.4434 20.5011C14.6205 20.6782 14.8607 20.7777 15.1112 20.7777H18.889C19.1395 20.7777 19.3797 20.6782 19.5568 20.5011C19.7339 20.324 19.8334 20.0838 19.8334 19.8333V14.1666C19.8334 13.9161 19.7339 13.6759 19.5568 13.4988C19.3797 13.3217 19.1395 13.2222 18.889 13.2222ZM18.5112 19.4555H15.489V14.5444H18.5112V19.4555Z\" fill=\"#0165CB\"\/>\n<path d=\"M31.8373 11.6923L27.9745 7.8295C27.7986 7.65502 27.5611 7.55665 27.3134 7.55561H22.5912V5.71394C22.604 5.21769 22.4209 4.73634 22.0815 4.37402C21.7422 4.01169 21.2739 3.79752 20.7778 3.77783H13.0712C12.8288 3.78737 12.5907 3.84545 12.3712 3.94863C12.1516 4.05181 11.955 4.19799 11.793 4.37853C11.6309 4.55906 11.5068 4.77027 11.4278 4.99965C11.3489 5.22903 11.3168 5.47193 11.3334 5.71394V7.55561H6.68671C6.56241 7.55489 6.4392 7.57872 6.32413 7.62572C6.20906 7.67271 6.1044 7.74197 6.01615 7.8295L2.16282 11.6923C2.07529 11.7805 2.00604 11.8852 1.95904 12.0003C1.91204 12.1153 1.88821 12.2385 1.88893 12.3628V26.4445C1.88893 26.9455 2.08794 27.4259 2.44217 27.7801C2.79641 28.1344 3.27686 28.3334 3.77782 28.3334H30.2223C30.7232 28.3334 31.2037 28.1344 31.5579 27.7801C31.9121 27.4259 32.1112 26.9455 32.1112 26.4445V12.3534C32.1101 12.1056 32.0117 11.8682 31.8373 11.6923ZM13.2223 5.66672H20.7778V7.55561H13.2223V5.66672ZM30.2223 16.0556H20.7778V17.8784H30.2223V26.4445H3.77782V17.8784H13.2223V16.0556H3.77782V12.7501L7.08338 9.4445H26.9167L30.2223 12.7501V16.0556Z\" fill=\"#0165CB\"\/>\n<\/g>\n<defs>\n<clipPath id=\"clip0_4192_1940\">\n<rect width=\"34\" height=\"34\" fill=\"white\"\/>\n<\/clipPath>\n<\/defs>\n<\/svg>            <\/span>\n            <span class=\"service-hub-selector-title\">Servicio de reparaci\u00f3n<\/span>\n            <span class=\"service-hub-selector-arrow\">\n                <svg width=\"24\" height=\"24\" viewBox=\"0 0 24 24\" fill=\"none\" xmlns=\"http:\/\/www.w3.org\/2000\/svg\">\n                    <path d=\"M6 9L12 15L18 9\" stroke=\"currentColor\" stroke-width=\"2\" stroke-linecap=\"round\" stroke-linejoin=\"round\"\/>\n                <\/svg>\n            <\/span>\n        <\/button>\n        \n        <div class=\"service-hub-selector-dropdown\" style=\"display: none;\">\n                            <div class=\"service-hub-selector-option\" \n                     data-country=\"sv\"\n                     data-shortcode=''>\n                    <span class=\"service-hub-flag\">\n                        \ud83c\uddf8\ud83c\uddfb                    <\/span>\n                    <span class=\"service-hub-country-name\">El Salvador<\/span>\n                <\/div>\n                            <div class=\"service-hub-selector-option\" \n                     data-country=\"gt\"\n                     data-shortcode=''>\n                    <span class=\"service-hub-flag\">\n                        \ud83c\uddec\ud83c\uddf9                    <\/span>\n                    <span class=\"service-hub-country-name\">Guatemala<\/span>\n                <\/div>\n                            <div class=\"service-hub-selector-option\" \n                     data-country=\"hn\"\n                     data-shortcode=''>\n                    <span class=\"service-hub-flag\">\n                        \ud83c\udded\ud83c\uddf3                    <\/span>\n                    <span class=\"service-hub-country-name\">Honduras<\/span>\n                <\/div>\n                            <div class=\"service-hub-selector-option\" \n                     data-country=\"ni\"\n                     data-shortcode=''>\n                    <span class=\"service-hub-flag\">\n                        \ud83c\udded\ud83c\uddf3                    <\/span>\n                    <span class=\"service-hub-country-name\">Nicaragua<\/span>\n                <\/div>\n                            <div class=\"service-hub-selector-option\" \n                     data-country=\"cr\"\n                     data-shortcode=''>\n                    <span class=\"service-hub-flag\">\n                        \ud83c\udde8\ud83c\uddf7                    <\/span>\n                    <span class=\"service-hub-country-name\">Costa Rica<\/span>\n                <\/div>\n                            <div class=\"service-hub-selector-option\" \n                     data-country=\"ec\"\n                     data-shortcode=''>\n                    <span class=\"service-hub-flag\">\n                        \ud83c\uddea\ud83c\udde8                    <\/span>\n                    <span class=\"service-hub-country-name\">Ecuador<\/span>\n                <\/div>\n                    <\/div>\n    <\/div>\n\n    <!-- Dynamic content container -->\n    <div id=\"service-selector-69e66ead3406a-content\" class=\"service-hub-content\">\n            <\/div>\n    <\/div>\n\t\t\t\t\t\t<\/div>\n\t\t\t\t<\/div>\n\t\t\t\t\t<\/div>\n\t\t\t\t<\/div>\n\t\t\t\t<\/div>\n\t\t","protected":false},"excerpt":{"rendered":"<p>Regresar Reparaciones garantizadas Taller mec\u00e1nico profesional y servicio t\u00e9cnico para electrodom\u00e9sticos.\u00a0&#8230;<\/p>\n","protected":false},"author":1,"featured_media":0,"parent":0,"menu_order":0,"comment_status":"closed","ping_status":"closed","template":"","meta":{"footnotes":""},"class_list":["post-24","page","type-page","status-publish","hentry"],"_links":{"self":[{"href":"https:\/\/servicios.unicomer.com\/almacenestropigas\/wp-json\/wp\/v2\/pages\/24","targetHints":{"allow":["GET"]}}],"collection":[{"href":"https:\/\/servicios.unicomer.com\/almacenestropigas\/wp-json\/wp\/v2\/pages"}],"about":[{"href":"https:\/\/servicios.unicomer.com\/almacenestropigas\/wp-json\/wp\/v2\/types\/page"}],"author":[{"embeddable":true,"href":"https:\/\/servicios.unicomer.com\/almacenestropigas\/wp-json\/wp\/v2\/users\/1"}],"replies":[{"embeddable":true,"href":"https:\/\/servicios.unicomer.com\/almacenestropigas\/wp-json\/wp\/v2\/comments?post=24"}],"version-history":[{"count":6,"href":"https:\/\/servicios.unicomer.com\/almacenestropigas\/wp-json\/wp\/v2\/pages\/24\/revisions"}],"predecessor-version":[{"id":2435,"href":"https:\/\/servicios.unicomer.com\/almacenestropigas\/wp-json\/wp\/v2\/pages\/24\/revisions\/2435"}],"wp:attachment":[{"href":"https:\/\/servicios.unicomer.com\/almacenestropigas\/wp-json\/wp\/v2\/media?parent=24"}],"curies":[{"name":"wp","href":"https:\/\/api.w.org\/{rel}","templated":true}]}}