{"id":20,"date":"2025-04-08T01:05:42","date_gmt":"2025-04-07T23:05:42","guid":{"rendered":"http:\/\/lacuracaonline.test\/?page_id=20"},"modified":"2025-12-14T18:04:50","modified_gmt":"2025-12-14T18:04:50","slug":"devoluciones-y-cambios","status":"publish","type":"page","link":"https:\/\/servicios.unicomer.com\/almacenestropigas\/devoluciones-y-cambios\/","title":{"rendered":"Devoluciones y cambios"},"content":{"rendered":"\t\t<div data-elementor-type=\"wp-page\" data-elementor-id=\"20\" class=\"elementor elementor-20\" data-elementor-post-type=\"page\">\n\t\t\t\t<div class=\"elementor-element elementor-element-8fdfe77 e-flex e-con-boxed rael-particle-no e-con e-parent\" data-id=\"8fdfe77\" data-element_type=\"container\" data-e-type=\"container\" data-settings=\"{&quot;background_background&quot;:&quot;classic&quot;,&quot;rae_animations_entrance&quot;:&quot;none&quot;}\">\n\t\t\t\t\t<div class=\"e-con-inner\">\n\t\t<div class=\"elementor-element elementor-element-58829c7 e-con-full e-flex rael-particle-no e-con e-child\" data-id=\"58829c7\" data-element_type=\"container\" data-e-type=\"container\" data-settings=\"{&quot;rae_animations_entrance&quot;:&quot;none&quot;}\">\n\t\t\t\t<div class=\"elementor-element elementor-element-d6d6031 elementor-widget elementor-widget-image\" data-id=\"d6d6031\" data-element_type=\"widget\" data-e-type=\"widget\" data-widget_type=\"image.default\">\n\t\t\t\t\t\t\t\t\t\t\t\t\t\t\t<img fetchpriority=\"high\" decoding=\"async\" width=\"496\" height=\"495\" src=\"https:\/\/servicios.unicomer.com\/almacenestropigas\/wp-content\/uploads\/sites\/4\/2025\/12\/KONG-AYUDA-2-1.png\" class=\"attachment-large size-large wp-image-2407\" alt=\"\" srcset=\"https:\/\/servicios.unicomer.com\/almacenestropigas\/wp-content\/uploads\/sites\/4\/2025\/12\/KONG-AYUDA-2-1.png 496w, https:\/\/servicios.unicomer.com\/almacenestropigas\/wp-content\/uploads\/sites\/4\/2025\/12\/KONG-AYUDA-2-1-300x300.png 300w, https:\/\/servicios.unicomer.com\/almacenestropigas\/wp-content\/uploads\/sites\/4\/2025\/12\/KONG-AYUDA-2-1-150x150.png 150w\" sizes=\"(max-width: 496px) 100vw, 496px\" \/>\t\t\t\t\t\t\t\t\t\t\t\t\t\t\t<\/div>\n\t\t\t\t<\/div>\n\t\t<div class=\"elementor-element elementor-element-7353b84 e-con-full e-flex rael-particle-no e-con e-child\" data-id=\"7353b84\" data-element_type=\"container\" data-e-type=\"container\" data-settings=\"{&quot;rae_animations_entrance&quot;:&quot;none&quot;}\">\n\t\t\t\t<div class=\"elementor-element elementor-element-416d30d elementor-widget elementor-widget-heading\" data-id=\"416d30d\" data-element_type=\"widget\" data-e-type=\"widget\" data-widget_type=\"heading.default\">\n\t\t\t\t\t<h1 class=\"elementor-heading-title elementor-size-default\">Esta p\u00e1gina se encuentra\nen construcci\u00f3n<\/h1>\t\t\t\t<\/div>\n\t\t\t\t<div class=\"elementor-element elementor-element-df8e2dd elementor-widget elementor-widget-heading\" data-id=\"df8e2dd\" data-element_type=\"widget\" data-e-type=\"widget\" data-widget_type=\"heading.default\">\n\t\t\t\t\t<h2 class=\"elementor-heading-title elementor-size-default\">\u00a1Perd\u00f3n por los inconvenientes!<\/h2>\t\t\t\t<\/div>\n\t\t\t\t<div class=\"elementor-element elementor-element-f13eb0d elementor-widget elementor-widget-heading\" data-id=\"f13eb0d\" data-element_type=\"widget\" data-e-type=\"widget\" data-widget_type=\"heading.default\">\n\t\t\t\t\t<h3 class=\"elementor-heading-title elementor-size-default\">Estamos realizando&nbsp;mejoras t\u00e9cnicas&nbsp;para \nofrecerte una experiencia m\u00e1s r\u00e1pida y segura.<\/h3>\t\t\t\t<\/div>\n\t\t\t\t<div class=\"elementor-element elementor-element-64359a9 elementor-widget elementor-widget-heading\" data-id=\"64359a9\" data-element_type=\"widget\" data-e-type=\"widget\" data-widget_type=\"heading.default\">\n\t\t\t\t\t<p class=\"elementor-heading-title elementor-size-default\">Puedes regresar a la p\u00e1gina principal <a href=\"\/almacenestropigas\" class=\"tc-orange\">aqu\u00ed<\/a>\u200b.<\/p>\t\t\t\t<\/div>\n\t\t\t\t<\/div>\n\t\t\t\t\t<\/div>\n\t\t\t\t<\/div>\n\t\t\t\t<\/div>\n\t\t","protected":false},"excerpt":{"rendered":"<p>Esta p\u00e1gina se encuentra en construcci\u00f3n \u00a1Perd\u00f3n por los inconvenientes! Estamos realizando&nbsp;mejoras t\u00e9cnicas&nbsp;para ofrecerte una experiencia m\u00e1s r\u00e1pida y segura. Puedes regresar a la p\u00e1gina principal aqu\u00ed\u200b&#8230;<\/p>\n","protected":false},"author":1,"featured_media":0,"parent":0,"menu_order":0,"comment_status":"closed","ping_status":"closed","template":"","meta":{"footnotes":""},"class_list":["post-20","page","type-page","status-publish","hentry"],"_links":{"self":[{"href":"https:\/\/servicios.unicomer.com\/almacenestropigas\/wp-json\/wp\/v2\/pages\/20","targetHints":{"allow":["GET"]}}],"collection":[{"href":"https:\/\/servicios.unicomer.com\/almacenestropigas\/wp-json\/wp\/v2\/pages"}],"about":[{"href":"https:\/\/servicios.unicomer.com\/almacenestropigas\/wp-json\/wp\/v2\/types\/page"}],"author":[{"embeddable":true,"href":"https:\/\/servicios.unicomer.com\/almacenestropigas\/wp-json\/wp\/v2\/users\/1"}],"replies":[{"embeddable":true,"href":"https:\/\/servicios.unicomer.com\/almacenestropigas\/wp-json\/wp\/v2\/comments?post=20"}],"version-history":[{"count":6,"href":"https:\/\/servicios.unicomer.com\/almacenestropigas\/wp-json\/wp\/v2\/pages\/20\/revisions"}],"predecessor-version":[{"id":2414,"href":"https:\/\/servicios.unicomer.com\/almacenestropigas\/wp-json\/wp\/v2\/pages\/20\/revisions\/2414"}],"wp:attachment":[{"href":"https:\/\/servicios.unicomer.com\/almacenestropigas\/wp-json\/wp\/v2\/media?parent=20"}],"curies":[{"name":"wp","href":"https:\/\/api.w.org\/{rel}","templated":true}]}}