{"id":17,"date":"2025-04-08T01:05:21","date_gmt":"2025-04-07T23:05:21","guid":{"rendered":"http:\/\/lacuracaonline.test\/?page_id=17"},"modified":"2026-01-23T15:02:21","modified_gmt":"2026-01-23T15:02:21","slug":"rastrea-tu-pedido","status":"publish","type":"page","link":"https:\/\/servicios.unicomer.com\/almacenestropigas\/rastrea-tu-pedido\/","title":{"rendered":"Rastrea tu pedido"},"content":{"rendered":"\t\t<div data-elementor-type=\"wp-page\" data-elementor-id=\"17\" class=\"elementor elementor-17\" data-elementor-post-type=\"page\">\n\t\t\t\t<div class=\"elementor-element elementor-element-cba38b6 e-flex e-con-boxed rael-particle-no e-con e-parent\" data-id=\"cba38b6\" data-element_type=\"container\" data-e-type=\"container\" data-settings=\"{&quot;rae_animations_entrance&quot;:&quot;none&quot;}\">\n\t\t\t\t\t<div class=\"e-con-inner\">\n\t\t<div class=\"elementor-element elementor-element-c5a7e45 e-con-full e-flex rael-particle-no e-con e-child\" data-id=\"c5a7e45\" data-element_type=\"container\" data-e-type=\"container\" data-settings=\"{&quot;rae_animations_entrance&quot;:&quot;none&quot;}\">\n\t\t\t\t<div class=\"elementor-element elementor-element-558d84a elementor-widget elementor-widget-heading\" data-id=\"558d84a\" data-element_type=\"widget\" data-e-type=\"widget\" data-widget_type=\"heading.default\">\n\t\t\t\t\t<h2 class=\"elementor-heading-title elementor-size-default\"><span class=\"btn-primary-back fs-14px\" id=\"btn_go_back\"><i class=\"fas fa-chevron-left me-2\"><\/i> Regresar<\/span><\/h2>\t\t\t\t<\/div>\n\t\t\t\t<\/div>\n\t\t<div class=\"elementor-element elementor-element-1befae0 e-con-full tracking-container e-flex rael-particle-no e-con e-child\" data-id=\"1befae0\" data-element_type=\"container\" data-e-type=\"container\" data-settings=\"{&quot;rae_animations_entrance&quot;:&quot;none&quot;}\">\n\t\t<div class=\"elementor-element elementor-element-716b515 e-con-full e-flex rael-particle-no e-con e-child\" data-id=\"716b515\" data-element_type=\"container\" data-e-type=\"container\" data-settings=\"{&quot;rae_animations_entrance&quot;:&quot;none&quot;}\">\n\t\t<div class=\"elementor-element elementor-element-e7c1b11 e-con-full e-flex rael-particle-no e-con e-child\" data-id=\"e7c1b11\" data-element_type=\"container\" data-e-type=\"container\" data-settings=\"{&quot;rae_animations_entrance&quot;:&quot;none&quot;}\">\n\t\t\t\t<div class=\"elementor-element elementor-element-e02d4ee elementor-widget-mobile__width-initial elementor-widget elementor-widget-image\" data-id=\"e02d4ee\" data-element_type=\"widget\" data-e-type=\"widget\" data-widget_type=\"image.default\">\n\t\t\t\t\t\t\t\t\t\t\t\t\t\t\t<img fetchpriority=\"high\" decoding=\"async\" width=\"260\" height=\"246\" src=\"https:\/\/servicios.unicomer.com\/almacenestropigas\/wp-content\/uploads\/sites\/4\/2025\/12\/Group-379-e1765734024352.png\" class=\"attachment-large size-large wp-image-2382\" alt=\"\" \/>\t\t\t\t\t\t\t\t\t\t\t\t\t\t\t<\/div>\n\t\t\t\t<\/div>\n\t\t<div class=\"elementor-element elementor-element-a3bb854 e-con-full e-flex rael-particle-no e-con e-child\" data-id=\"a3bb854\" data-element_type=\"container\" data-e-type=\"container\" data-settings=\"{&quot;rae_animations_entrance&quot;:&quot;none&quot;}\">\n\t\t\t\t<div class=\"elementor-element elementor-element-ad92d7d elementor-widget elementor-widget-image\" data-id=\"ad92d7d\" data-element_type=\"widget\" data-e-type=\"widget\" data-widget_type=\"image.default\">\n\t\t\t\t\t\t\t\t\t\t\t\t\t\t\t<img loading=\"lazy\" decoding=\"async\" width=\"69\" height=\"78\" src=\"https:\/\/servicios.unicomer.com\/almacenestropigas\/wp-content\/uploads\/sites\/4\/2025\/12\/Layer_1-1.png\" class=\"attachment-large size-large wp-image-2305\" alt=\"\" loading=\"lazy\" \/>\t\t\t\t\t\t\t\t\t\t\t\t\t\t\t<\/div>\n\t\t\t\t<\/div>\n\t\t\t\t<\/div>\n\t\t<div class=\"elementor-element elementor-element-bef6a16 e-con-full e-flex rael-particle-no e-con e-child\" data-id=\"bef6a16\" data-element_type=\"container\" data-e-type=\"container\" data-settings=\"{&quot;rae_animations_entrance&quot;:&quot;none&quot;}\">\n\t\t\t\t<div class=\"elementor-element elementor-element-3ba2ea5 elementor-widget elementor-widget-heading\" data-id=\"3ba2ea5\" data-element_type=\"widget\" data-e-type=\"widget\" data-widget_type=\"heading.default\">\n\t\t\t\t\t<h2 class=\"elementor-heading-title elementor-size-default\">Rastrea tu pedido en l\u00ednea<\/h2>\t\t\t\t<\/div>\n\t\t\t\t<div class=\"elementor-element elementor-element-ac42105 elementor-widget elementor-widget-heading\" data-id=\"ac42105\" data-element_type=\"widget\" data-e-type=\"widget\" data-widget_type=\"heading.default\">\n\t\t\t\t\t<p class=\"elementor-heading-title elementor-size-default\">\u00a1Rastrear tu pedido nunca fue tan f\u00e1cil! Ahora lo puedes hacer en tiempo real, est\u00e9s donde est\u00e9s<\/p>\t\t\t\t<\/div>\n\t\t\t\t<\/div>\n\t\t\t\t<\/div>\n\t\t<div class=\"elementor-element elementor-element-5590cac e-con-full e-flex rael-particle-no e-con e-child\" data-id=\"5590cac\" data-element_type=\"container\" data-e-type=\"container\" data-settings=\"{&quot;rae_animations_entrance&quot;:&quot;none&quot;}\">\n\t\t<div class=\"elementor-element elementor-element-9a4b906 e-con-full elementor-hidden-desktop elementor-hidden-tablet elementor-hidden-mobile e-flex rael-particle-no e-con e-child\" data-id=\"9a4b906\" data-element_type=\"container\" data-e-type=\"container\" data-settings=\"{&quot;rae_animations_entrance&quot;:&quot;none&quot;}\">\n\t\t\t\t<div class=\"elementor-element elementor-element-1714b3a elementor-hidden-tablet elementor-hidden-mobile elementor-widget elementor-widget-image\" data-id=\"1714b3a\" data-element_type=\"widget\" data-e-type=\"widget\" data-widget_type=\"image.default\">\n\t\t\t\t\t\t\t\t\t\t\t\t\t\t\t<img loading=\"lazy\" decoding=\"async\" width=\"2060\" height=\"238\" src=\"https:\/\/servicios.unicomer.com\/almacenestropigas\/wp-content\/uploads\/sites\/4\/2025\/12\/LCOP_AVISO__DESKTOP.jpg\" class=\"attachment-full size-full wp-image-2385\" alt=\"\" srcset=\"https:\/\/servicios.unicomer.com\/almacenestropigas\/wp-content\/uploads\/sites\/4\/2025\/12\/LCOP_AVISO__DESKTOP.jpg 2060w, https:\/\/servicios.unicomer.com\/almacenestropigas\/wp-content\/uploads\/sites\/4\/2025\/12\/LCOP_AVISO__DESKTOP-300x35.jpg 300w, https:\/\/servicios.unicomer.com\/almacenestropigas\/wp-content\/uploads\/sites\/4\/2025\/12\/LCOP_AVISO__DESKTOP-1024x118.jpg 1024w, https:\/\/servicios.unicomer.com\/almacenestropigas\/wp-content\/uploads\/sites\/4\/2025\/12\/LCOP_AVISO__DESKTOP-768x89.jpg 768w, https:\/\/servicios.unicomer.com\/almacenestropigas\/wp-content\/uploads\/sites\/4\/2025\/12\/LCOP_AVISO__DESKTOP-1536x177.jpg 1536w, https:\/\/servicios.unicomer.com\/almacenestropigas\/wp-content\/uploads\/sites\/4\/2025\/12\/LCOP_AVISO__DESKTOP-2048x237.jpg 2048w\" sizes=\"auto, (max-width: 2060px) 100vw, 2060px\" loading=\"lazy\" \/>\t\t\t\t\t\t\t\t\t\t\t\t\t\t\t<\/div>\n\t\t\t\t<div class=\"elementor-element elementor-element-f6e5e6e elementor-hidden-desktop elementor-hidden-mobile elementor-widget elementor-widget-image\" data-id=\"f6e5e6e\" data-element_type=\"widget\" data-e-type=\"widget\" data-widget_type=\"image.default\">\n\t\t\t\t\t\t\t\t\t\t\t\t\t\t\t<img loading=\"lazy\" decoding=\"async\" width=\"1800\" height=\"238\" src=\"https:\/\/servicios.unicomer.com\/almacenestropigas\/wp-content\/uploads\/sites\/4\/2025\/12\/LCO_AVISO_TABLET.jpg\" class=\"attachment-full size-full wp-image-2384\" alt=\"\" srcset=\"https:\/\/servicios.unicomer.com\/almacenestropigas\/wp-content\/uploads\/sites\/4\/2025\/12\/LCO_AVISO_TABLET.jpg 1800w, https:\/\/servicios.unicomer.com\/almacenestropigas\/wp-content\/uploads\/sites\/4\/2025\/12\/LCO_AVISO_TABLET-300x40.jpg 300w, https:\/\/servicios.unicomer.com\/almacenestropigas\/wp-content\/uploads\/sites\/4\/2025\/12\/LCO_AVISO_TABLET-1024x135.jpg 1024w, https:\/\/servicios.unicomer.com\/almacenestropigas\/wp-content\/uploads\/sites\/4\/2025\/12\/LCO_AVISO_TABLET-768x102.jpg 768w, https:\/\/servicios.unicomer.com\/almacenestropigas\/wp-content\/uploads\/sites\/4\/2025\/12\/LCO_AVISO_TABLET-1536x203.jpg 1536w\" sizes=\"auto, (max-width: 1800px) 100vw, 1800px\" loading=\"lazy\" \/>\t\t\t\t\t\t\t\t\t\t\t\t\t\t\t<\/div>\n\t\t\t\t<div class=\"elementor-element elementor-element-2a500a9 elementor-hidden-desktop elementor-hidden-tablet elementor-widget elementor-widget-image\" data-id=\"2a500a9\" data-element_type=\"widget\" data-e-type=\"widget\" data-widget_type=\"image.default\">\n\t\t\t\t\t\t\t\t\t\t\t\t\t\t\t<img loading=\"lazy\" decoding=\"async\" width=\"780\" height=\"238\" src=\"https:\/\/servicios.unicomer.com\/almacenestropigas\/wp-content\/uploads\/sites\/4\/2025\/12\/LCO_AVISO_MOBILE.jpg\" class=\"attachment-full size-full wp-image-2386\" alt=\"\" srcset=\"https:\/\/servicios.unicomer.com\/almacenestropigas\/wp-content\/uploads\/sites\/4\/2025\/12\/LCO_AVISO_MOBILE.jpg 780w, https:\/\/servicios.unicomer.com\/almacenestropigas\/wp-content\/uploads\/sites\/4\/2025\/12\/LCO_AVISO_MOBILE-300x92.jpg 300w, https:\/\/servicios.unicomer.com\/almacenestropigas\/wp-content\/uploads\/sites\/4\/2025\/12\/LCO_AVISO_MOBILE-768x234.jpg 768w\" sizes=\"auto, (max-width: 780px) 100vw, 780px\" loading=\"lazy\" \/>\t\t\t\t\t\t\t\t\t\t\t\t\t\t\t<\/div>\n\t\t\t\t<\/div>\n\t\t\t\t<div class=\"elementor-element elementor-element-a1607c5 elementor-widget elementor-widget-shortcode\" data-id=\"a1607c5\" data-element_type=\"widget\" data-e-type=\"widget\" data-widget_type=\"shortcode.default\">\n\t\t\t\t\t\t\t<div class=\"elementor-shortcode\">    <div class=\"track-your-order\">\n        <div class=\"container\">\n            <div class=\"row\">\n                <div class=\"col-md-12 tracking-container\">\n                    <p class=\"error-tracking d-none fs-14px mb-0\">Error: El pedido es incorrecto o no se encuentra registrado. Por favor, verifica los datos o intenta nuevamente.<\/p>\n                    <p class=\"number-invoice-description d-block d-lg-none mt-1 mb-1\">N\u00b0 de Pedido o Factura<\/p>\n\n                    <form class=\"track-your-item-form row align-items-center align-items-sm-center align-items-md-center align-items-lg-center align-items-xl-end justify-content-between\" action=\"https:\/\/servicios.unicomer.com\/almacenestropigas\/wp-admin\/admin-ajax.php\" method=\"GET\">\n                        <input type=\"hidden\" name=\"first_color\" value=\"#0071B5\">\n                        <input type=\"hidden\" name=\"second_color\" value=\"#0165CB\">\n\n                        <div class=\"row col-12 col-lg-10 p-0\">\n                            <div class=\"col-4 col-lg-3\">\n                                <label class=\"label-country d-flex align-items-center d-none d-lg-block fw-600 mb-2\" for=\"country\">\n                                    Selecciona tu pa\u00eds\n                                <\/label>\n                                <select class=\"select-country\" name=\"country\">\n                                                                            <option value=\"SV\"  selected='selected'>El Salvador<\/option>\n                                                                            <option value=\"GT\" >Guatemala<\/option>\n                                                                            <option value=\"HN\" >Honduras<\/option>\n                                                                            <option value=\"NI\" >Nicaragua<\/option>\n                                                                    <\/select>\n                            <\/div>\n                            <div class=\"col-8 col-lg\">\n                                <label class=\"label-order-number d-none d-lg-block fw-600 mb-2\" for=\"order_number\">\n                                    N\u00b0 de Pedido o Factura\n                                <\/label>\n                                <input class=\"track-order-input\" type=\"text\" name=\"order_number\" required placeholder=\"xxxxxxxxxxx\">\n                            <\/div>\n                        <\/div>\n                        <p class=\"indications d-block d-lg-none m-0\">Ingresa el n\u00famero de pedido y\/o factura que recibiste al momento de tu compra.<\/p>\n                        <div class=\"col-7 col-lg-2\">\n                            <button class=\"track-order-submit w-100\" style=\"background-color: #0071B5 !important;\" type=\"submit\">Buscar<\/button>\n                        <\/div>\n                    <\/form>\n                    <div class=\"row\">\n                        <div class=\"row col-12 col-lg-10 p-0\">\n                            <div class=\"col-4 col-lg-3\">\n                            <\/div>\n                            <div class=\"col-8 col-lg\">\n                                <p class=\"indications d-none d-lg-block ms-2\">Ingresa el n\u00famero de pedido y\/o factura que recibiste al momento de tu compra.<\/p>\n                            <\/div>\n                        <\/div>\n                    <\/div>\n                <\/div>\n            <\/div>\n            <div class=\"tracking-result d-none\">\n                <p class=\"my-0 fw-700\">Mi pedido: <span class=\"tracking-id tc-blue\" style=\"color: #0071B5 !important;\"><\/span><\/p>\n                <p class=\"mt-1 mb-0\">Estado:<\/p>\n                <div class=\"\" id=\"progress-steps\">\n\n                <\/div>\n            <\/div>\n        <\/div>\n    <\/div>\n\n    <div class=\"order-info bg-blue mt-4 d-none\">\n\n    <\/div>\n\n    <div class=\"track-order-details mt-4 d-none\">\n        <div class=\"container\">\n            <div class=\"row\">\n                <div class=\"col-md-4\">\n                    <p class=\"fw-700 fs-20px m-0\">Detalle del pedido<\/p>\n                    <div class=\"progress-detail-orders mh-container-30\">\n\n                    <\/div>\n                <\/div>\n                <div class=\"col-md-8\">\n                    <p class=\"fw-700 fs-20px mt-0\">Tus productos<\/p>\n                    <div class=\"progress-products-details mh-container-30\">\n                    <\/div>\n                <\/div>\n            <\/div>\n        <\/div>\n    <\/div>\n<\/div>\n\t\t\t\t\t\t<\/div>\n\t\t\t\t<\/div>\n\t\t\t\t\t<\/div>\n\t\t\t\t<\/div>\n\t\t<div class=\"elementor-element elementor-element-bb53ef4 e-flex e-con-boxed rael-particle-no e-con e-parent\" data-id=\"bb53ef4\" data-element_type=\"container\" data-e-type=\"container\" data-settings=\"{&quot;rae_animations_entrance&quot;:&quot;none&quot;}\">\n\t\t\t\t\t<div class=\"e-con-inner\">\n\t\t<div class=\"elementor-element elementor-element-fea8150 e-con-full contact-service-info e-flex rael-particle-no e-con e-child\" data-id=\"fea8150\" data-element_type=\"container\" data-e-type=\"container\" data-settings=\"{&quot;background_background&quot;:&quot;classic&quot;,&quot;rae_animations_entrance&quot;:&quot;none&quot;}\">\n\t\t\t\t<div class=\"elementor-element elementor-element-a506e6e elementor-widget elementor-widget-heading\" data-id=\"a506e6e\" data-element_type=\"widget\" data-e-type=\"widget\" data-widget_type=\"heading.default\">\n\t\t\t\t\t<p class=\"elementor-heading-title elementor-size-default\">Para cualquier duda respecto a tu solicitud puedes comunicarte a nuestro servicio de atenci\u00f3n:<\/p>\t\t\t\t<\/div>\n\t\t<div class=\"elementor-element elementor-element-ff702b4 e-con-full e-flex rael-particle-no e-con e-child\" data-id=\"ff702b4\" data-element_type=\"container\" data-e-type=\"container\" data-settings=\"{&quot;rae_animations_entrance&quot;:&quot;none&quot;}\">\n\t\t\t\t<div class=\"elementor-element elementor-element-9e30178 elementor-widget elementor-widget-text-editor\" data-id=\"9e30178\" data-element_type=\"widget\" data-e-type=\"widget\" data-widget_type=\"text-editor.default\">\n\t\t\t\t\t\t\t\t\t<p>El Salvador <span data-contrast=\"none\"><a href=\"tel:50325091135\">+503 25091135<\/a><\/span><\/p><p>Guatemala <span data-contrast=\"none\"><a href=\"tel:50224202970\">+502 24202970<\/a><\/span><\/p>\t\t\t\t\t\t\t\t<\/div>\n\t\t\t\t<div class=\"elementor-element elementor-element-d1975d6 elementor-widget elementor-widget-text-editor\" data-id=\"d1975d6\" data-element_type=\"widget\" data-e-type=\"widget\" data-widget_type=\"text-editor.default\">\n\t\t\t\t\t\t\t\t\t<p>Nicaragua <span data-contrast=\"none\"><a href=\"tel:50555005555\">+505 55005555<\/a>\u202f<\/span><\/p><p>Honduras <span data-contrast=\"none\"><a href=\"tel:50432910128\">+504 32910128<\/a>\u202f<\/span><\/p>\t\t\t\t\t\t\t\t<\/div>\n\t\t\t\t<\/div>\n\t\t\t\t<\/div>\n\t\t<div class=\"elementor-element elementor-element-5ca283c e-con-full e-flex rael-particle-no e-con e-child\" data-id=\"5ca283c\" data-element_type=\"container\" data-e-type=\"container\" data-settings=\"{&quot;background_background&quot;:&quot;classic&quot;,&quot;rae_animations_entrance&quot;:&quot;none&quot;}\">\n\t\t\t\t<div class=\"elementor-element elementor-element-7f42b88 elementor-widget elementor-widget-heading\" data-id=\"7f42b88\" data-element_type=\"widget\" data-e-type=\"widget\" data-widget_type=\"heading.default\">\n\t\t\t\t\t<h2 class=\"elementor-heading-title elementor-size-default\">Preguntas frecuentes<\/h2>\t\t\t\t<\/div>\n\t\t\t\t<div class=\"elementor-element elementor-element-b1301e4 elementor-widget elementor-widget-n-accordion\" data-id=\"b1301e4\" data-element_type=\"widget\" data-e-type=\"widget\" data-settings=\"{&quot;default_state&quot;:&quot;all_collapsed&quot;,&quot;max_items_expended&quot;:&quot;one&quot;,&quot;n_accordion_animation_duration&quot;:{&quot;unit&quot;:&quot;ms&quot;,&quot;size&quot;:400,&quot;sizes&quot;:[]}}\" data-widget_type=\"nested-accordion.default\">\n\t\t\t\t\t\t\t<div class=\"e-n-accordion\" aria-label=\"Accordion. Open links with Enter or Space, close with Escape, and navigate with Arrow Keys\">\n\t\t\t\t\t\t<details id=\"e-n-accordion-item-1850\" class=\"e-n-accordion-item\" >\n\t\t\t\t<summary class=\"e-n-accordion-item-title\" data-accordion-index=\"1\" tabindex=\"0\" aria-expanded=\"false\" aria-controls=\"e-n-accordion-item-1850\" >\n\t\t\t\t\t<span class='e-n-accordion-item-title-header'><div class=\"e-n-accordion-item-title-text\"> \u00bfC\u00f3mo puedo saber mi n\u00famero de pedido? <\/div><\/span>\n\t\t\t\t\t\t\t<span class='e-n-accordion-item-title-icon'>\n\t\t\t<span class='e-opened' ><svg aria-hidden=\"true\" class=\"e-font-icon-svg e-fas-angle-up\" viewBox=\"0 0 320 512\" xmlns=\"http:\/\/www.w3.org\/2000\/svg\"><path d=\"M177 159.7l136 136c9.4 9.4 9.4 24.6 0 33.9l-22.6 22.6c-9.4 9.4-24.6 9.4-33.9 0L160 255.9l-96.4 96.4c-9.4 9.4-24.6 9.4-33.9 0L7 329.7c-9.4-9.4-9.4-24.6 0-33.9l136-136c9.4-9.5 24.6-9.5 34-.1z\"><\/path><\/svg><\/span>\n\t\t\t<span class='e-closed'><svg aria-hidden=\"true\" class=\"e-font-icon-svg e-fas-angle-right\" viewBox=\"0 0 256 512\" xmlns=\"http:\/\/www.w3.org\/2000\/svg\"><path d=\"M224.3 273l-136 136c-9.4 9.4-24.6 9.4-33.9 0l-22.6-22.6c-9.4-9.4-9.4-24.6 0-33.9l96.4-96.4-96.4-96.4c-9.4-9.4-9.4-24.6 0-33.9L54.3 103c9.4-9.4 24.6-9.4 33.9 0l136 136c9.5 9.4 9.5 24.6.1 34z\"><\/path><\/svg><\/span>\n\t\t<\/span>\n\n\t\t\t\t\t\t<\/summary>\n\t\t\t\t<div role=\"region\" aria-labelledby=\"e-n-accordion-item-1850\" class=\"elementor-element elementor-element-50e8a4d e-con-full e-flex rael-particle-no e-con e-child\" data-id=\"50e8a4d\" data-element_type=\"container\" data-e-type=\"container\" data-settings=\"{&quot;rae_animations_entrance&quot;:&quot;none&quot;}\">\n\t\t\t\t<div class=\"elementor-element elementor-element-3ade795 elementor-widget elementor-widget-text-editor\" data-id=\"3ade795\" data-element_type=\"widget\" data-e-type=\"widget\" data-widget_type=\"text-editor.default\">\n\t\t\t\t\t\t\t\t\t<p>Al momento de tu compra en l\u00ednea, estaremos enviandote a tu correo el n\u00famero de pedido en la confirmaci\u00f3n de compra, la cual podr\u00e1s utilizar para dar seguimiento a tus productos.<\/p>\t\t\t\t\t\t\t\t<\/div>\n\t\t\t\t<\/div>\n\t\t\t\t\t<\/details>\n\t\t\t\t\t\t<details id=\"e-n-accordion-item-1851\" class=\"e-n-accordion-item\" >\n\t\t\t\t<summary class=\"e-n-accordion-item-title\" data-accordion-index=\"2\" tabindex=\"-1\" aria-expanded=\"false\" aria-controls=\"e-n-accordion-item-1851\" >\n\t\t\t\t\t<span class='e-n-accordion-item-title-header'><div class=\"e-n-accordion-item-title-text\"> \u00bfCu\u00e1nto tiempo demora mi pedido? <\/div><\/span>\n\t\t\t\t\t\t\t<span class='e-n-accordion-item-title-icon'>\n\t\t\t<span class='e-opened' ><svg aria-hidden=\"true\" class=\"e-font-icon-svg e-fas-angle-up\" viewBox=\"0 0 320 512\" xmlns=\"http:\/\/www.w3.org\/2000\/svg\"><path d=\"M177 159.7l136 136c9.4 9.4 9.4 24.6 0 33.9l-22.6 22.6c-9.4 9.4-24.6 9.4-33.9 0L160 255.9l-96.4 96.4c-9.4 9.4-24.6 9.4-33.9 0L7 329.7c-9.4-9.4-9.4-24.6 0-33.9l136-136c9.4-9.5 24.6-9.5 34-.1z\"><\/path><\/svg><\/span>\n\t\t\t<span class='e-closed'><svg aria-hidden=\"true\" class=\"e-font-icon-svg e-fas-angle-right\" viewBox=\"0 0 256 512\" xmlns=\"http:\/\/www.w3.org\/2000\/svg\"><path d=\"M224.3 273l-136 136c-9.4 9.4-24.6 9.4-33.9 0l-22.6-22.6c-9.4-9.4-9.4-24.6 0-33.9l96.4-96.4-96.4-96.4c-9.4-9.4-9.4-24.6 0-33.9L54.3 103c9.4-9.4 24.6-9.4 33.9 0l136 136c9.5 9.4 9.5 24.6.1 34z\"><\/path><\/svg><\/span>\n\t\t<\/span>\n\n\t\t\t\t\t\t<\/summary>\n\t\t\t\t<div role=\"region\" aria-labelledby=\"e-n-accordion-item-1851\" class=\"elementor-element elementor-element-7fa3bd3 e-con-full e-flex rael-particle-no e-con e-child\" data-id=\"7fa3bd3\" data-element_type=\"container\" data-e-type=\"container\" data-settings=\"{&quot;rae_animations_entrance&quot;:&quot;none&quot;}\">\n\t\t\t\t<div class=\"elementor-element elementor-element-fe08da0 elementor-widget elementor-widget-text-editor\" data-id=\"fe08da0\" data-element_type=\"widget\" data-e-type=\"widget\" data-widget_type=\"text-editor.default\">\n\t\t\t\t\t\t\t\t\t<div class=\"rael-accordion-content\" role=\"tabpanel\"><p><span class=\"TextRun SCXW139160532 BCX8\" lang=\"ES-SV\" xml:lang=\"ES-SV\" data-contrast=\"auto\"><span class=\"NormalTextRun SCXW139160532 BCX8\" data-ccp-parastyle=\"Normal (Web)\">El tiempo de entrega var\u00eda seg\u00fan tu ubicaci\u00f3n y se indica durante el proceso de compra.<\/span><\/span><span class=\"LineBreakBlob BlobObject DragDrop SCXW139160532 BCX8\"><span class=\"SCXW139160532 BCX8\"> \u00a0<\/span><\/span><span class=\"TextRun SCXW139160532 BCX8\" lang=\"ES-SV\" xml:lang=\"ES-SV\" data-contrast=\"auto\"><span class=\"NormalTextRun SCXW139160532 BCX8\" data-ccp-parastyle=\"Normal (Web)\">Ten en cuenta que durante temporadas altas (como TropiBlack o Tropi Avalancha o Navidad), los tiempos de entrega pueden extenderse<\/span><\/span><span class=\"LineBreakBlob BlobObject DragDrop SCXW139160532 BCX8\"><span class=\"SCXW139160532 BCX8\">\u00a0<\/span><\/span><\/p><\/div>\t\t\t\t\t\t\t\t<\/div>\n\t\t\t\t<\/div>\n\t\t\t\t\t<\/details>\n\t\t\t\t\t\t<details id=\"e-n-accordion-item-1852\" class=\"e-n-accordion-item\" >\n\t\t\t\t<summary class=\"e-n-accordion-item-title\" data-accordion-index=\"3\" tabindex=\"-1\" aria-expanded=\"false\" aria-controls=\"e-n-accordion-item-1852\" >\n\t\t\t\t\t<span class='e-n-accordion-item-title-header'><div class=\"e-n-accordion-item-title-text\"> Perd\u00ed mi factura, \u00bfc\u00f3mo puedo consultar el estado de mi orden?  <\/div><\/span>\n\t\t\t\t\t\t\t<span class='e-n-accordion-item-title-icon'>\n\t\t\t<span class='e-opened' ><svg aria-hidden=\"true\" class=\"e-font-icon-svg e-fas-angle-up\" viewBox=\"0 0 320 512\" xmlns=\"http:\/\/www.w3.org\/2000\/svg\"><path d=\"M177 159.7l136 136c9.4 9.4 9.4 24.6 0 33.9l-22.6 22.6c-9.4 9.4-24.6 9.4-33.9 0L160 255.9l-96.4 96.4c-9.4 9.4-24.6 9.4-33.9 0L7 329.7c-9.4-9.4-9.4-24.6 0-33.9l136-136c9.4-9.5 24.6-9.5 34-.1z\"><\/path><\/svg><\/span>\n\t\t\t<span class='e-closed'><svg aria-hidden=\"true\" class=\"e-font-icon-svg e-fas-angle-right\" viewBox=\"0 0 256 512\" xmlns=\"http:\/\/www.w3.org\/2000\/svg\"><path d=\"M224.3 273l-136 136c-9.4 9.4-24.6 9.4-33.9 0l-22.6-22.6c-9.4-9.4-9.4-24.6 0-33.9l96.4-96.4-96.4-96.4c-9.4-9.4-9.4-24.6 0-33.9L54.3 103c9.4-9.4 24.6-9.4 33.9 0l136 136c9.5 9.4 9.5 24.6.1 34z\"><\/path><\/svg><\/span>\n\t\t<\/span>\n\n\t\t\t\t\t\t<\/summary>\n\t\t\t\t<div role=\"region\" aria-labelledby=\"e-n-accordion-item-1852\" class=\"elementor-element elementor-element-3ef9602 e-con-full e-flex rael-particle-no e-con e-child\" data-id=\"3ef9602\" data-element_type=\"container\" data-e-type=\"container\" data-settings=\"{&quot;rae_animations_entrance&quot;:&quot;none&quot;}\">\n\t\t\t\t<div class=\"elementor-element elementor-element-73e94cc elementor-widget elementor-widget-text-editor\" data-id=\"73e94cc\" data-element_type=\"widget\" data-e-type=\"widget\" data-widget_type=\"text-editor.default\">\n\t\t\t\t\t\t\t\t\t<p>Puedes revisar tu correo de <strong data-renderer-mark=\"true\">confirmaci\u00f3n de pedido<\/strong>, donde encontrar\u00e1s tu n\u00famero de orden. Con ese n\u00famero, puedes rastrear tu pedido desde nuestro sitio. \u00bfNecesitas m\u00e1s ayuda? Escr\u00edbenos al n\u00famero de WhatsApp de tu localidad, lo puedes encontrar en nuestra p\u00e1gina principal.<\/p>\t\t\t\t\t\t\t\t<\/div>\n\t\t\t\t<\/div>\n\t\t\t\t\t<\/details>\n\t\t\t\t\t<\/div>\n\t\t\t\t\t\t<\/div>\n\t\t\t\t<\/div>\n\t\t\t\t\t<\/div>\n\t\t\t\t<\/div>\n\t\t\t\t<\/div>\n\t\t","protected":false},"excerpt":{"rendered":"<p>Regresar Rastrea tu pedido en l\u00ednea \u00a1Rastrear tu pedido nunca fue tan f\u00e1cil! Ahora lo puedes hacer en tiempo real, est\u00e9s donde est\u00e9s Para cualquier duda respecto a tu solicitud puedes comunicarte a nuestro servicio de atenci\u00f3n: El Salvador +503 25091135 Guatemala +502 24202970 Nicaragua +505 55005555\u202f Honduras +504 32910128\u202f Preguntas frecuentes \u00bfC\u00f3mo puedo saber [&#038;hellip&#8230;<\/p>\n","protected":false},"author":1,"featured_media":0,"parent":0,"menu_order":0,"comment_status":"closed","ping_status":"closed","template":"","meta":{"footnotes":""},"class_list":["post-17","page","type-page","status-publish","hentry"],"_links":{"self":[{"href":"https:\/\/servicios.unicomer.com\/almacenestropigas\/wp-json\/wp\/v2\/pages\/17","targetHints":{"allow":["GET"]}}],"collection":[{"href":"https:\/\/servicios.unicomer.com\/almacenestropigas\/wp-json\/wp\/v2\/pages"}],"about":[{"href":"https:\/\/servicios.unicomer.com\/almacenestropigas\/wp-json\/wp\/v2\/types\/page"}],"author":[{"embeddable":true,"href":"https:\/\/servicios.unicomer.com\/almacenestropigas\/wp-json\/wp\/v2\/users\/1"}],"replies":[{"embeddable":true,"href":"https:\/\/servicios.unicomer.com\/almacenestropigas\/wp-json\/wp\/v2\/comments?post=17"}],"version-history":[{"count":27,"href":"https:\/\/servicios.unicomer.com\/almacenestropigas\/wp-json\/wp\/v2\/pages\/17\/revisions"}],"predecessor-version":[{"id":2540,"href":"https:\/\/servicios.unicomer.com\/almacenestropigas\/wp-json\/wp\/v2\/pages\/17\/revisions\/2540"}],"wp:attachment":[{"href":"https:\/\/servicios.unicomer.com\/almacenestropigas\/wp-json\/wp\/v2\/media?parent=17"}],"curies":[{"name":"wp","href":"https:\/\/api.w.org\/{rel}","templated":true}]}}